{"id":10764,"date":"2025-10-09T00:00:00","date_gmt":"2025-10-08T22:00:00","guid":{"rendered":"https:\/\/yotavis.ch\/product\/it6525c\/"},"modified":"2026-04-24T13:44:53","modified_gmt":"2026-04-24T11:44:53","slug":"it6525c","status":"publish","type":"product","link":"https:\/\/yotavis.ch\/de\/produkt\/it6525c\/","title":{"rendered":"IT6525C"},"content":{"rendered":"<p>Das ITECH IT6525C ist ein Gleichstromnetzteil mit einer maximalen Ausgangsspannung von 500 Volt und einer Stromkapazit\u00e4t von 20 Ampere, das bis zu 3000 Watt Leistung liefert. Es verf\u00fcgt \u00fcber einen einzigen Ausgangskanal und ist in einem 2U-Formfaktor konzipiert. Das Ger\u00e4t unterst\u00fctzt Fernsteuerungsfunktionen und erm\u00f6glicht den Betrieb \u00fcber standardm\u00e4\u00dfige RS232-, USB-, LAN-, CAN- und Analogschnittstellen. Diese Bandbreite an Anschlussm\u00f6glichkeiten erleichtert die Integration in verschiedene Pr\u00fcf- und Automatisierungsumgebungen. Das Netzger\u00e4t eignet sich f\u00fcr Anwendungen, die eine stabile und pr\u00e4zise Gleichstromversorgung erfordern. Bei der Konstruktion wurde besonderer Wert auf die Kompatibilit\u00e4t mit mehreren Kommunikationsprotokollen gelegt, was die Vielseitigkeit des Ger\u00e4ts in verschiedenen Konfigurationen erh\u00f6ht. Das IT6525C wurde entwickelt, um die Anforderungen von Gleichstromanwendungen mit hoher Leistung zuverl\u00e4ssig zu erf\u00fcllen.<\/p>","protected":false},"excerpt":{"rendered":"<p>DC PSU 500V\/20A, 3000W ;2U   (Standard RS232\/USB\/LAN\/CAN\/Analogue interface)<\/p>","protected":false},"featured_media":11561,"comment_status":"closed","ping_status":"closed","template":"","meta":{"_acf_changed":false,"slim_seo":{"title":"IT6525C - YOTAVIS AG","description":"DC-Netzteil 500V\/20A, 3000W ;2U (Standard RS232\/USB\/LAN\/CAN\/Analog-Schnittstelle)"}},"product_brand":[822],"product_cat":[516,515],"product_tag":[],"class_list":{"0":"post-10764","1":"product","2":"type-product","3":"status-publish","4":"has-post-thumbnail","6":"product_brand-itech","7":"product_cat-dc-source-en","8":"product_cat-power-en","9":"pa_current-a-552","10":"pa_output-number-146","11":"pa_power-w-632","12":"pa_remote-control-yes","13":"pa_voltage-v-604","15":"first","16":"instock","17":"taxable","18":"shipping-taxable","19":"product-type-simple"},"acf":[],"_links":{"self":[{"href":"https:\/\/yotavis.ch\/de\/wp-json\/wp\/v2\/product\/10764","targetHints":{"allow":["GET"]}}],"collection":[{"href":"https:\/\/yotavis.ch\/de\/wp-json\/wp\/v2\/product"}],"about":[{"href":"https:\/\/yotavis.ch\/de\/wp-json\/wp\/v2\/types\/product"}],"replies":[{"embeddable":true,"href":"https:\/\/yotavis.ch\/de\/wp-json\/wp\/v2\/comments?post=10764"}],"wp:featuredmedia":[{"embeddable":true,"href":"https:\/\/yotavis.ch\/de\/wp-json\/wp\/v2\/media\/11561"}],"wp:attachment":[{"href":"https:\/\/yotavis.ch\/de\/wp-json\/wp\/v2\/media?parent=10764"}],"wp:term":[{"taxonomy":"product_brand","embeddable":true,"href":"https:\/\/yotavis.ch\/de\/wp-json\/wp\/v2\/product_brand?post=10764"},{"taxonomy":"product_cat","embeddable":true,"href":"https:\/\/yotavis.ch\/de\/wp-json\/wp\/v2\/product_cat?post=10764"},{"taxonomy":"product_tag","embeddable":true,"href":"https:\/\/yotavis.ch\/de\/wp-json\/wp\/v2\/product_tag?post=10764"}],"curies":[{"name":"wp","href":"https:\/\/api.w.org\/{rel}","templated":true}]}}