{"id":10767,"date":"2025-10-09T00:00:00","date_gmt":"2025-10-08T22:00:00","guid":{"rendered":"https:\/\/yotavis.ch\/product\/it6526d\/"},"modified":"2026-04-24T13:44:56","modified_gmt":"2026-04-24T11:44:56","slug":"it6526d","status":"publish","type":"product","link":"https:\/\/yotavis.ch\/de\/produkt\/it6526d\/","title":{"rendered":"IT6526D"},"content":{"rendered":"<p>Das ITECH IT6526D ist ein Gleichstromnetzteil mit einer maximalen Ausgangsspannung von 750 Volt und einer Stromkapazit\u00e4t von 15 Ampere, das eine Leistung von bis zu 3000 Watt liefert. Es verf\u00fcgt \u00fcber einen einzigen Ausgangskanal und unterst\u00fctzt eine Fernsteuerungsfunktion, die einen bequemen Betrieb aus der Ferne erm\u00f6glicht. Das Ger\u00e4t hat einen 2U-Formfaktor und eignet sich damit f\u00fcr die Montage in Standard-Racks. Zu den Anschlussm\u00f6glichkeiten geh\u00f6ren standardm\u00e4\u00dfige RS232-, USB-, LAN-, CAN- und Analogschnittstellen, die vielseitige Kommunikations- und Steuerungsm\u00f6glichkeiten bieten. Dieses Netzteil wurde f\u00fcr verschiedene Anwendungsanforderungen entwickelt, bei denen eine pr\u00e4zise DC-Stromversorgung erforderlich ist. Dank seines robusten Designs und der zahlreichen Schnittstellenoptionen l\u00e4sst es sich in verschiedene Pr\u00fcf- und Betriebsumgebungen integrieren.<\/p>","protected":false},"excerpt":{"rendered":"<p>DC PSU 750V\/15A, 3000W ;2U   (Standard RS232\/USB\/LAN\/CAN\/Analogue interface)<\/p>","protected":false},"featured_media":11561,"comment_status":"closed","ping_status":"closed","template":"","meta":{"_acf_changed":false,"slim_seo":{"title":"IT6526D - YOTAVIS AG","description":"DC-Netzteil 750V\/15A, 3000W ;2U (Standard RS232\/USB\/LAN\/CAN\/Analog-Schnittstelle)"}},"product_brand":[822],"product_cat":[516,515],"product_tag":[],"class_list":{"0":"post-10767","1":"product","2":"type-product","3":"status-publish","4":"has-post-thumbnail","6":"product_brand-itech","7":"product_cat-dc-source-en","8":"product_cat-power-en","9":"pa_current-a-410","10":"pa_output-number-146","11":"pa_power-w-632","12":"pa_remote-control-yes","13":"pa_voltage-v-965","15":"first","16":"instock","17":"taxable","18":"shipping-taxable","19":"product-type-simple"},"acf":[],"_links":{"self":[{"href":"https:\/\/yotavis.ch\/de\/wp-json\/wp\/v2\/product\/10767","targetHints":{"allow":["GET"]}}],"collection":[{"href":"https:\/\/yotavis.ch\/de\/wp-json\/wp\/v2\/product"}],"about":[{"href":"https:\/\/yotavis.ch\/de\/wp-json\/wp\/v2\/types\/product"}],"replies":[{"embeddable":true,"href":"https:\/\/yotavis.ch\/de\/wp-json\/wp\/v2\/comments?post=10767"}],"wp:featuredmedia":[{"embeddable":true,"href":"https:\/\/yotavis.ch\/de\/wp-json\/wp\/v2\/media\/11561"}],"wp:attachment":[{"href":"https:\/\/yotavis.ch\/de\/wp-json\/wp\/v2\/media?parent=10767"}],"wp:term":[{"taxonomy":"product_brand","embeddable":true,"href":"https:\/\/yotavis.ch\/de\/wp-json\/wp\/v2\/product_brand?post=10767"},{"taxonomy":"product_cat","embeddable":true,"href":"https:\/\/yotavis.ch\/de\/wp-json\/wp\/v2\/product_cat?post=10767"},{"taxonomy":"product_tag","embeddable":true,"href":"https:\/\/yotavis.ch\/de\/wp-json\/wp\/v2\/product_tag?post=10767"}],"curies":[{"name":"wp","href":"https:\/\/api.w.org\/{rel}","templated":true}]}}