{"id":10770,"date":"2025-10-09T00:00:00","date_gmt":"2025-10-08T22:00:00","guid":{"rendered":"https:\/\/yotavis.ch\/product\/it6532c\/"},"modified":"2026-04-24T13:44:57","modified_gmt":"2026-04-24T11:44:57","slug":"it6532c","status":"publish","type":"product","link":"https:\/\/yotavis.ch\/de\/produkt\/it6532c\/","title":{"rendered":"IT6532C"},"content":{"rendered":"<p>Das ITECH IT6532C ist ein DC-Netzteil mit einer maximalen Ausgangsleistung von 6000 Watt. Es arbeitet mit einer Spannung von 80 Volt und kann einen Strom von bis zu 240 Ampere liefern. Dieses Modell verf\u00fcgt \u00fcber einen einzigen Ausgangskanal und unterst\u00fctzt Fernsteuerungsfunktionen. Das Ger\u00e4t ist in einem 4U-Formfaktor untergebracht und verf\u00fcgt \u00fcber Standardschnittstellen wie RS232, USB, LAN, CAN und analoge Anschl\u00fcsse. Diese Schnittstellen erm\u00f6glichen vielseitige Kommunikations- und Steuerungsoptionen. Das Netzteil ist so konzipiert, dass es stabile und zuverl\u00e4ssige Gleichstromversorgung f\u00fcr verschiedene Anwendungen bietet. Dank seiner robusten Spezifikationen eignet es sich f\u00fcr anspruchsvolle elektrische Pr\u00fcf- und Entwicklungsumgebungen.<\/p>","protected":false},"excerpt":{"rendered":"<p>DC PSU 80V\/240A, 6000W ; 4U   (Standard RS232\/USB\/LAN\/CAN\/Analogue interface)<\/p>","protected":false},"featured_media":12326,"comment_status":"closed","ping_status":"closed","template":"","meta":{"_acf_changed":false,"slim_seo":{"title":"IT6532C - YOTAVIS AG","description":"DC-Netzteil 80V\/240A, 6000W ; 4U (Standard RS232\/USB\/LAN\/CAN\/Analog-Schnittstelle)"}},"product_brand":[822],"product_cat":[516,515],"product_tag":[],"class_list":{"0":"post-10770","1":"product","2":"type-product","3":"status-publish","4":"has-post-thumbnail","6":"product_brand-itech","7":"product_cat-dc-source-en","8":"product_cat-power-en","9":"pa_current-a-634","10":"pa_output-number-146","11":"pa_power-w-626","12":"pa_remote-control-yes","13":"pa_voltage-v-155","15":"first","16":"instock","17":"taxable","18":"shipping-taxable","19":"product-type-simple"},"acf":[],"_links":{"self":[{"href":"https:\/\/yotavis.ch\/de\/wp-json\/wp\/v2\/product\/10770","targetHints":{"allow":["GET"]}}],"collection":[{"href":"https:\/\/yotavis.ch\/de\/wp-json\/wp\/v2\/product"}],"about":[{"href":"https:\/\/yotavis.ch\/de\/wp-json\/wp\/v2\/types\/product"}],"replies":[{"embeddable":true,"href":"https:\/\/yotavis.ch\/de\/wp-json\/wp\/v2\/comments?post=10770"}],"wp:featuredmedia":[{"embeddable":true,"href":"https:\/\/yotavis.ch\/de\/wp-json\/wp\/v2\/media\/12326"}],"wp:attachment":[{"href":"https:\/\/yotavis.ch\/de\/wp-json\/wp\/v2\/media?parent=10770"}],"wp:term":[{"taxonomy":"product_brand","embeddable":true,"href":"https:\/\/yotavis.ch\/de\/wp-json\/wp\/v2\/product_brand?post=10770"},{"taxonomy":"product_cat","embeddable":true,"href":"https:\/\/yotavis.ch\/de\/wp-json\/wp\/v2\/product_cat?post=10770"},{"taxonomy":"product_tag","embeddable":true,"href":"https:\/\/yotavis.ch\/de\/wp-json\/wp\/v2\/product_tag?post=10770"}],"curies":[{"name":"wp","href":"https:\/\/api.w.org\/{rel}","templated":true}]}}