{"id":10771,"date":"2025-10-09T00:00:00","date_gmt":"2025-10-08T22:00:00","guid":{"rendered":"https:\/\/yotavis.ch\/product\/it6532d\/"},"modified":"2026-04-24T13:44:57","modified_gmt":"2026-04-24T11:44:57","slug":"it6532d","status":"publish","type":"product","link":"https:\/\/yotavis.ch\/de\/produkt\/it6532d\/","title":{"rendered":"IT6532D"},"content":{"rendered":"<p>Das ITECH IT6532D ist ein DC-Netzteil mit einer maximalen Ausgangsleistung von 6000 Watt. Es arbeitet mit einer Spannung von 80 Volt und kann einen Strom von bis zu 240 Ampere liefern. Dieses Modell verf\u00fcgt \u00fcber einen einzigen Ausgangskanal und unterst\u00fctzt Fernsteuerungsfunktionen. Das Ger\u00e4t ist in einem 4U-Formfaktor konzipiert und verf\u00fcgt \u00fcber Standardschnittstellen wie RS232, USB, LAN, CAN und analoge Anschl\u00fcsse. Diese Schnittstellen erm\u00f6glichen vielseitige Kommunikations- und Steuerungsoptionen. Das Netzger\u00e4t eignet sich f\u00fcr Anwendungen, die eine hohe Leistung und eine pr\u00e4zise Steuerung erfordern. Das robuste Design und die vielf\u00e4ltigen Schnittstellenoptionen machen es anpassungsf\u00e4hig an verschiedene Pr\u00fcf- und Betriebsumgebungen.<\/p>","protected":false},"excerpt":{"rendered":"<p>DC PSU 80V\/240A, 6000W ; 4U   (Standard RS232\/USB\/LAN\/CAN\/Analogue interface)<\/p>","protected":false},"featured_media":12326,"comment_status":"closed","ping_status":"closed","template":"","meta":{"_acf_changed":false,"slim_seo":{"title":"IT6532D - YOTAVIS AG","description":"DC-Netzteil 80V\/240A, 6000W ; 4U (Standard RS232\/USB\/LAN\/CAN\/Analog-Schnittstelle)"}},"product_brand":[822],"product_cat":[516,515],"product_tag":[],"class_list":{"0":"post-10771","1":"product","2":"type-product","3":"status-publish","4":"has-post-thumbnail","6":"product_brand-itech","7":"product_cat-dc-source-en","8":"product_cat-power-en","9":"pa_current-a-634","10":"pa_output-number-146","11":"pa_power-w-626","12":"pa_remote-control-yes","13":"pa_voltage-v-155","15":"first","16":"instock","17":"taxable","18":"shipping-taxable","19":"product-type-simple"},"acf":[],"_links":{"self":[{"href":"https:\/\/yotavis.ch\/de\/wp-json\/wp\/v2\/product\/10771","targetHints":{"allow":["GET"]}}],"collection":[{"href":"https:\/\/yotavis.ch\/de\/wp-json\/wp\/v2\/product"}],"about":[{"href":"https:\/\/yotavis.ch\/de\/wp-json\/wp\/v2\/types\/product"}],"replies":[{"embeddable":true,"href":"https:\/\/yotavis.ch\/de\/wp-json\/wp\/v2\/comments?post=10771"}],"wp:featuredmedia":[{"embeddable":true,"href":"https:\/\/yotavis.ch\/de\/wp-json\/wp\/v2\/media\/12326"}],"wp:attachment":[{"href":"https:\/\/yotavis.ch\/de\/wp-json\/wp\/v2\/media?parent=10771"}],"wp:term":[{"taxonomy":"product_brand","embeddable":true,"href":"https:\/\/yotavis.ch\/de\/wp-json\/wp\/v2\/product_brand?post=10771"},{"taxonomy":"product_cat","embeddable":true,"href":"https:\/\/yotavis.ch\/de\/wp-json\/wp\/v2\/product_cat?post=10771"},{"taxonomy":"product_tag","embeddable":true,"href":"https:\/\/yotavis.ch\/de\/wp-json\/wp\/v2\/product_tag?post=10771"}],"curies":[{"name":"wp","href":"https:\/\/api.w.org\/{rel}","templated":true}]}}