{"id":10775,"date":"2025-10-09T00:00:00","date_gmt":"2025-10-08T22:00:00","guid":{"rendered":"https:\/\/yotavis.ch\/product\/it6534d\/"},"modified":"2026-04-24T13:44:59","modified_gmt":"2026-04-24T11:44:59","slug":"it6534d","status":"publish","type":"product","link":"https:\/\/yotavis.ch\/de\/produkt\/it6534d\/","title":{"rendered":"IT6534D"},"content":{"rendered":"<p>Das ITECH IT6534D ist ein DC-Netzteil mit einer maximalen Ausgangsleistung von 6000 Watt, das bis zu 360 Volt und 60 Ampere liefert. Es verf\u00fcgt \u00fcber einen einzigen Ausgangskanal und ist in einem 4U-Formfaktor konzipiert. Dieses Modell unterst\u00fctzt Fernsteuerungsfunktionen, die eine komfortable Bedienung aus der Ferne erm\u00f6glichen. Das Ger\u00e4t verf\u00fcgt \u00fcber Standardschnittstellen wie RS232, USB, LAN, CAN und Analog, die vielseitige Anschlussm\u00f6glichkeiten bieten. Dank seiner robusten Leistungsspezifikationen eignet sich das Ger\u00e4t f\u00fcr Anwendungen, die eine hohe Spannung und einen hohen Stromausgang erfordern. Die Kombination dieser Merkmale stellt sicher, dass das IT6534D in verschiedene Pr\u00fcf- und Industrieumgebungen integriert werden kann, in denen eine pr\u00e4zise und zuverl\u00e4ssige Gleichstromversorgung unerl\u00e4sslich ist.<\/p>","protected":false},"excerpt":{"rendered":"<p>DC PSU 360V\/60A, 6000W ; 4U   (Standard RS232\/USB\/LAN\/CAN\/Analogue interface)<\/p>","protected":false},"featured_media":12326,"comment_status":"closed","ping_status":"closed","template":"","meta":{"_acf_changed":false,"slim_seo":{"title":"IT6534D - YOTAVIS AG","description":"DC-Netzteil 360V\/60A, 6000W ; 4U (Standard RS232\/USB\/LAN\/CAN\/Analog-Schnittstelle)"}},"product_brand":[822],"product_cat":[516,515],"product_tag":[],"class_list":{"0":"post-10775","1":"product","2":"type-product","3":"status-publish","4":"has-post-thumbnail","6":"product_brand-itech","7":"product_cat-dc-source-en","8":"product_cat-power-en","9":"pa_current-a-406","10":"pa_output-number-146","11":"pa_power-w-626","12":"pa_remote-control-yes","13":"pa_voltage-v-964","15":"first","16":"instock","17":"taxable","18":"shipping-taxable","19":"product-type-simple"},"acf":[],"_links":{"self":[{"href":"https:\/\/yotavis.ch\/de\/wp-json\/wp\/v2\/product\/10775","targetHints":{"allow":["GET"]}}],"collection":[{"href":"https:\/\/yotavis.ch\/de\/wp-json\/wp\/v2\/product"}],"about":[{"href":"https:\/\/yotavis.ch\/de\/wp-json\/wp\/v2\/types\/product"}],"replies":[{"embeddable":true,"href":"https:\/\/yotavis.ch\/de\/wp-json\/wp\/v2\/comments?post=10775"}],"wp:featuredmedia":[{"embeddable":true,"href":"https:\/\/yotavis.ch\/de\/wp-json\/wp\/v2\/media\/12326"}],"wp:attachment":[{"href":"https:\/\/yotavis.ch\/de\/wp-json\/wp\/v2\/media?parent=10775"}],"wp:term":[{"taxonomy":"product_brand","embeddable":true,"href":"https:\/\/yotavis.ch\/de\/wp-json\/wp\/v2\/product_brand?post=10775"},{"taxonomy":"product_cat","embeddable":true,"href":"https:\/\/yotavis.ch\/de\/wp-json\/wp\/v2\/product_cat?post=10775"},{"taxonomy":"product_tag","embeddable":true,"href":"https:\/\/yotavis.ch\/de\/wp-json\/wp\/v2\/product_tag?post=10775"}],"curies":[{"name":"wp","href":"https:\/\/api.w.org\/{rel}","templated":true}]}}