{"id":10777,"date":"2025-10-09T00:00:00","date_gmt":"2025-10-08T22:00:00","guid":{"rendered":"https:\/\/yotavis.ch\/product\/it6535d\/"},"modified":"2026-04-24T13:45:01","modified_gmt":"2026-04-24T11:45:01","slug":"it6535d","status":"publish","type":"product","link":"https:\/\/yotavis.ch\/de\/produkt\/it6535d\/","title":{"rendered":"IT6535D"},"content":{"rendered":"<p>Das ITECH IT6535D ist ein Gleichstromnetzteil mit einer maximalen Ausgangsspannung von 500 Volt und einer Strombelastbarkeit von 40 Ampere, das eine Gesamtausgangsleistung von 6000 Watt liefert. Es verf\u00fcgt \u00fcber einen einzigen Ausgangskanal und ist in einem 4U-Formfaktor konzipiert. Das Ger\u00e4t unterst\u00fctzt Fernsteuerungsfunktionen und erm\u00f6glicht den Betrieb \u00fcber standardm\u00e4\u00dfige RS232-, USB-, LAN-, CAN- und Analogschnittstellen. Diese Bandbreite an Anschlussm\u00f6glichkeiten erleichtert die Integration in verschiedene Pr\u00fcf- und Automatisierungsumgebungen. Das Netzger\u00e4t eignet sich f\u00fcr Anwendungen, die hohe Spannungen und Str\u00f6me mit pr\u00e4ziser Steuerung erfordern. Das robuste Design und die zahlreichen Kommunikationsschnittstellen machen es anpassungsf\u00e4hig f\u00fcr verschiedene Industrie- und Laborumgebungen.<\/p>","protected":false},"excerpt":{"rendered":"<p>DC PSU 500V\/40A, 6000W ; 4U   (Standard RS232\/USB\/LAN\/CAN\/Analogue interface)<\/p>","protected":false},"featured_media":12326,"comment_status":"closed","ping_status":"closed","template":"","meta":{"_acf_changed":false,"slim_seo":{"title":"IT6535D - YOTAVIS AG","description":"DC-Netzteil 500V\/40A, 6000W ; 4U (Standard RS232\/USB\/LAN\/CAN\/Analog-Schnittstelle)"}},"product_brand":[822],"product_cat":[516,515],"product_tag":[],"class_list":{"0":"post-10777","1":"product","2":"type-product","3":"status-publish","4":"has-post-thumbnail","6":"product_brand-itech","7":"product_cat-dc-source-en","8":"product_cat-power-en","9":"pa_current-a-550","10":"pa_output-number-146","11":"pa_power-w-626","12":"pa_remote-control-yes","13":"pa_voltage-v-604","15":"first","16":"instock","17":"taxable","18":"shipping-taxable","19":"product-type-simple"},"acf":[],"_links":{"self":[{"href":"https:\/\/yotavis.ch\/de\/wp-json\/wp\/v2\/product\/10777","targetHints":{"allow":["GET"]}}],"collection":[{"href":"https:\/\/yotavis.ch\/de\/wp-json\/wp\/v2\/product"}],"about":[{"href":"https:\/\/yotavis.ch\/de\/wp-json\/wp\/v2\/types\/product"}],"replies":[{"embeddable":true,"href":"https:\/\/yotavis.ch\/de\/wp-json\/wp\/v2\/comments?post=10777"}],"wp:featuredmedia":[{"embeddable":true,"href":"https:\/\/yotavis.ch\/de\/wp-json\/wp\/v2\/media\/12326"}],"wp:attachment":[{"href":"https:\/\/yotavis.ch\/de\/wp-json\/wp\/v2\/media?parent=10777"}],"wp:term":[{"taxonomy":"product_brand","embeddable":true,"href":"https:\/\/yotavis.ch\/de\/wp-json\/wp\/v2\/product_brand?post=10777"},{"taxonomy":"product_cat","embeddable":true,"href":"https:\/\/yotavis.ch\/de\/wp-json\/wp\/v2\/product_cat?post=10777"},{"taxonomy":"product_tag","embeddable":true,"href":"https:\/\/yotavis.ch\/de\/wp-json\/wp\/v2\/product_tag?post=10777"}],"curies":[{"name":"wp","href":"https:\/\/api.w.org\/{rel}","templated":true}]}}