{"id":10779,"date":"2025-10-09T00:00:00","date_gmt":"2025-10-08T22:00:00","guid":{"rendered":"https:\/\/yotavis.ch\/product\/it6536d\/"},"modified":"2026-04-24T13:45:02","modified_gmt":"2026-04-24T11:45:02","slug":"it6536d","status":"publish","type":"product","link":"https:\/\/yotavis.ch\/de\/produkt\/it6536d\/","title":{"rendered":"IT6536D"},"content":{"rendered":"<p>Das ITECH IT6536D ist ein Gleichstromnetzteil mit einer maximalen Ausgangsspannung von 750 Volt und einer Strombelastbarkeit von 30 Ampere, das eine Gesamtleistung von 6000 Watt liefert. Es verf\u00fcgt \u00fcber einen einzigen Ausgangskanal und ist in einem 4U-Formfaktor konzipiert. Das Ger\u00e4t unterst\u00fctzt Fernsteuerungsfunktionen, die eine Bedienung und \u00dcberwachung aus der Ferne erm\u00f6glichen. Es verf\u00fcgt \u00fcber Standard-Kommunikationsschnittstellen wie RS232, USB, LAN, CAN und Analog, die vielseitige Anschlussm\u00f6glichkeiten bieten. Dieses Netzger\u00e4t eignet sich f\u00fcr Anwendungen, die hohe Spannungen und Str\u00f6me mit pr\u00e4ziser Steuerung erfordern. Die Kombination aus Nennleistung und Schnittstellenoptionen macht es anpassungsf\u00e4hig f\u00fcr verschiedene Test- und Entwicklungsumgebungen.<\/p>","protected":false},"excerpt":{"rendered":"<p>DC PSU 750V\/30A, 6000W  ; 4U   (Standard RS232\/USB\/LAN\/CAN\/Analogue interface)<\/p>","protected":false},"featured_media":12326,"comment_status":"closed","ping_status":"closed","template":"","meta":{"_acf_changed":false,"slim_seo":{"title":"IT6536D - YOTAVIS AG","description":"DC-Netzteil 750V\/30A, 6000W ; 4U (Standard RS232\/USB\/LAN\/CAN\/Analog-Schnittstelle)"}},"product_brand":[822],"product_cat":[516,515],"product_tag":[],"class_list":{"0":"post-10779","1":"product","2":"type-product","3":"status-publish","4":"has-post-thumbnail","6":"product_brand-itech","7":"product_cat-dc-source-en","8":"product_cat-power-en","9":"pa_current-a-404","10":"pa_output-number-146","11":"pa_power-w-626","12":"pa_remote-control-yes","13":"pa_voltage-v-965","15":"first","16":"instock","17":"taxable","18":"shipping-taxable","19":"product-type-simple"},"acf":[],"_links":{"self":[{"href":"https:\/\/yotavis.ch\/de\/wp-json\/wp\/v2\/product\/10779","targetHints":{"allow":["GET"]}}],"collection":[{"href":"https:\/\/yotavis.ch\/de\/wp-json\/wp\/v2\/product"}],"about":[{"href":"https:\/\/yotavis.ch\/de\/wp-json\/wp\/v2\/types\/product"}],"replies":[{"embeddable":true,"href":"https:\/\/yotavis.ch\/de\/wp-json\/wp\/v2\/comments?post=10779"}],"wp:featuredmedia":[{"embeddable":true,"href":"https:\/\/yotavis.ch\/de\/wp-json\/wp\/v2\/media\/12326"}],"wp:attachment":[{"href":"https:\/\/yotavis.ch\/de\/wp-json\/wp\/v2\/media?parent=10779"}],"wp:term":[{"taxonomy":"product_brand","embeddable":true,"href":"https:\/\/yotavis.ch\/de\/wp-json\/wp\/v2\/product_brand?post=10779"},{"taxonomy":"product_cat","embeddable":true,"href":"https:\/\/yotavis.ch\/de\/wp-json\/wp\/v2\/product_cat?post=10779"},{"taxonomy":"product_tag","embeddable":true,"href":"https:\/\/yotavis.ch\/de\/wp-json\/wp\/v2\/product_tag?post=10779"}],"curies":[{"name":"wp","href":"https:\/\/api.w.org\/{rel}","templated":true}]}}