{"id":10783,"date":"2025-10-09T00:00:00","date_gmt":"2025-10-08T22:00:00","guid":{"rendered":"https:\/\/yotavis.ch\/product\/it6723b\/"},"modified":"2026-04-24T13:45:04","modified_gmt":"2026-04-24T11:45:04","slug":"it6723b","status":"publish","type":"product","link":"https:\/\/yotavis.ch\/de\/produkt\/it6723b\/","title":{"rendered":"IT6723B"},"content":{"rendered":"<p>Das IT6723B ist ein Gleichstromnetzteil mit einer maximalen Ausgangsspannung von 150 Volt und einer Stromkapazit\u00e4t von 20 Ampere, das eine Gesamtleistung von 850 Watt liefert. Es verf\u00fcgt \u00fcber ein 2U-Half-Rack-Design, wodurch es sich f\u00fcr die Integration in Standard-Ger\u00e4te-Racks eignet. Dieses Modell verf\u00fcgt \u00fcber einen Ausgangskanal und unterst\u00fctzt eine Fernsteuerungsfunktion, die einen bequemen Betrieb aus der Ferne erm\u00f6glicht. Zu den Anschlussm\u00f6glichkeiten geh\u00f6ren standardm\u00e4\u00dfige RS232- und USB-Schnittstellen, die die Kommunikation und Steuerung mit anderen Ger\u00e4ten erleichtern. Das Netzteil ist so konzipiert, dass es eine stabile und zuverl\u00e4ssige Gleichstromversorgung f\u00fcr verschiedene Anwendungen bietet, die pr\u00e4zise Spannungs- und Stromeinstellungen erfordern. Dank seines kompakten Formfaktors und seiner Schnittstellenoptionen eignet es sich f\u00fcr den Einsatz in Labor-, Industrie- oder Testumgebungen, in denen eine kontrollierte Stromversorgung unerl\u00e4sslich ist.<\/p>","protected":false},"excerpt":{"rendered":"<p>DC-Netzteil 150V\/20A\/850W; 2U Halb-Rack; (Standard RS232\/USB)<\/p>","protected":false},"featured_media":12329,"comment_status":"closed","ping_status":"closed","template":"","meta":{"_acf_changed":false,"slim_seo":{"title":"IT6723B - YOTAVIS AG","description":"DC-Netzteil 150V\/20A\/850W; 2U Halb-Rack; (Standard RS232\/USB)"}},"product_brand":[822],"product_cat":[516,515],"product_tag":[],"class_list":{"0":"post-10783","1":"product","2":"type-product","3":"status-publish","4":"has-post-thumbnail","6":"product_brand-itech","7":"product_cat-dc-source-en","8":"product_cat-power-en","9":"pa_current-a-552","10":"pa_output-number-146","11":"pa_power-w-916","12":"pa_remote-control-yes","13":"pa_voltage-v-150","15":"first","16":"instock","17":"taxable","18":"shipping-taxable","19":"product-type-simple"},"acf":[],"_links":{"self":[{"href":"https:\/\/yotavis.ch\/de\/wp-json\/wp\/v2\/product\/10783","targetHints":{"allow":["GET"]}}],"collection":[{"href":"https:\/\/yotavis.ch\/de\/wp-json\/wp\/v2\/product"}],"about":[{"href":"https:\/\/yotavis.ch\/de\/wp-json\/wp\/v2\/types\/product"}],"replies":[{"embeddable":true,"href":"https:\/\/yotavis.ch\/de\/wp-json\/wp\/v2\/comments?post=10783"}],"wp:featuredmedia":[{"embeddable":true,"href":"https:\/\/yotavis.ch\/de\/wp-json\/wp\/v2\/media\/12329"}],"wp:attachment":[{"href":"https:\/\/yotavis.ch\/de\/wp-json\/wp\/v2\/media?parent=10783"}],"wp:term":[{"taxonomy":"product_brand","embeddable":true,"href":"https:\/\/yotavis.ch\/de\/wp-json\/wp\/v2\/product_brand?post=10783"},{"taxonomy":"product_cat","embeddable":true,"href":"https:\/\/yotavis.ch\/de\/wp-json\/wp\/v2\/product_cat?post=10783"},{"taxonomy":"product_tag","embeddable":true,"href":"https:\/\/yotavis.ch\/de\/wp-json\/wp\/v2\/product_tag?post=10783"}],"curies":[{"name":"wp","href":"https:\/\/api.w.org\/{rel}","templated":true}]}}