{"id":10790,"date":"2025-10-09T00:00:00","date_gmt":"2025-10-08T22:00:00","guid":{"rendered":"https:\/\/yotavis.ch\/product\/it6724h\/"},"modified":"2026-04-24T13:45:09","modified_gmt":"2026-04-24T11:45:09","slug":"it6724h","status":"publish","type":"product","link":"https:\/\/yotavis.ch\/de\/produkt\/it6724h\/","title":{"rendered":"IT6724H"},"content":{"rendered":"<p>Das ITECH IT6724H ist ein Gleichstromnetzteil, das eine Leistung von bis zu 1500 Watt bei einer maximalen Spannung von 300 Volt und einer Stromst\u00e4rke von 10 Ampere liefern kann. Es verf\u00fcgt \u00fcber einen 2U-Half-Rack-Formfaktor, wodurch es sich f\u00fcr die Integration in Standardger\u00e4te-Racks eignet. Dieses Modell verf\u00fcgt \u00fcber einen einzigen Ausgangskanal und unterst\u00fctzt Fernsteuerungsfunktionen, die eine bequeme Bedienung und \u00dcberwachung erm\u00f6glichen. Zu den Anschlussm\u00f6glichkeiten geh\u00f6ren standardm\u00e4\u00dfige RS232- und USB-Schnittstellen, die die Kommunikation und Steuerung mit verschiedenen Ger\u00e4ten erleichtern. Das Netzteil ist so konzipiert, dass es einen zuverl\u00e4ssigen Gleichstromausgang liefert und die Anforderungen von Anwendungen erf\u00fcllt, die eine stabile Spannung und Stromst\u00e4rke erfordern. Die Kompatibilit\u00e4t mit bestehenden Systemen wird durch die Standard-Kommunikationsprotokolle gew\u00e4hrleistet. Das IT6724H ist so konstruiert, dass es eine pr\u00e4zise Stromversorgung in einem kompakten und handlichen Format bietet.<\/p>","protected":false},"excerpt":{"rendered":"<p>DC-Netzteil 300V\/10A\/1500W; 2U Halb-Rack; (Standard RS232\/USB)<\/p>","protected":false},"featured_media":12332,"comment_status":"closed","ping_status":"closed","template":"","meta":{"_acf_changed":false,"slim_seo":{"title":"IT6724H - YOTAVIS AG","description":"DC-Netzteil 300V\/10A\/1500W; 2U Halb-Rack; (Standard RS232\/USB)"}},"product_brand":[822],"product_cat":[516,515],"product_tag":[],"class_list":{"0":"post-10790","1":"product","2":"type-product","3":"status-publish","4":"has-post-thumbnail","6":"product_brand-itech","7":"product_cat-dc-source-en","8":"product_cat-power-en","9":"pa_current-a-397","10":"pa_output-number-146","11":"pa_power-w-400","12":"pa_remote-control-yes","13":"pa_voltage-v-624","15":"first","16":"instock","17":"taxable","18":"shipping-taxable","19":"product-type-simple"},"acf":[],"_links":{"self":[{"href":"https:\/\/yotavis.ch\/de\/wp-json\/wp\/v2\/product\/10790","targetHints":{"allow":["GET"]}}],"collection":[{"href":"https:\/\/yotavis.ch\/de\/wp-json\/wp\/v2\/product"}],"about":[{"href":"https:\/\/yotavis.ch\/de\/wp-json\/wp\/v2\/types\/product"}],"replies":[{"embeddable":true,"href":"https:\/\/yotavis.ch\/de\/wp-json\/wp\/v2\/comments?post=10790"}],"wp:featuredmedia":[{"embeddable":true,"href":"https:\/\/yotavis.ch\/de\/wp-json\/wp\/v2\/media\/12332"}],"wp:attachment":[{"href":"https:\/\/yotavis.ch\/de\/wp-json\/wp\/v2\/media?parent=10790"}],"wp:term":[{"taxonomy":"product_brand","embeddable":true,"href":"https:\/\/yotavis.ch\/de\/wp-json\/wp\/v2\/product_brand?post=10790"},{"taxonomy":"product_cat","embeddable":true,"href":"https:\/\/yotavis.ch\/de\/wp-json\/wp\/v2\/product_cat?post=10790"},{"taxonomy":"product_tag","embeddable":true,"href":"https:\/\/yotavis.ch\/de\/wp-json\/wp\/v2\/product_tag?post=10790"}],"curies":[{"name":"wp","href":"https:\/\/api.w.org\/{rel}","templated":true}]}}