{"id":10792,"date":"2025-10-09T00:00:00","date_gmt":"2025-10-08T22:00:00","guid":{"rendered":"https:\/\/yotavis.ch\/product\/it6726b\/"},"modified":"2026-04-24T13:45:10","modified_gmt":"2026-04-24T11:45:10","slug":"it6726b","status":"publish","type":"product","link":"https:\/\/yotavis.ch\/de\/produkt\/it6726b\/","title":{"rendered":"IT6726B"},"content":{"rendered":"<p>Das ITECH IT6726B ist ein Gleichstromnetzteil mit einer maximalen Ausgangsspannung von 160 Volt und einer Strombelastbarkeit von 40 Ampere, das eine Gesamtleistung von 3000 Watt liefert. Es hat einen 2U-Formfaktor und verf\u00fcgt \u00fcber einen Ausgangskanal. Das Ger\u00e4t unterst\u00fctzt die Fernsteuerungsfunktionalit\u00e4t und erm\u00f6glicht den Betrieb \u00fcber Standard-RS232- oder USB-Schnittstellen. Dieses Netzteil wurde entwickelt, um stabile und zuverl\u00e4ssige Gleichstromversorgung f\u00fcr verschiedene Anwendungen zu liefern, die hohe Spannungen und Str\u00f6me ben\u00f6tigen. Der einzelne Ausgangskanal vereinfacht die Konnektivit\u00e4t und die Integration in bestehende Systeme. Die Fernsteuerungsoptionen erh\u00f6hen die Flexibilit\u00e4t bei der \u00dcberwachung und Anpassung der Leistungseinstellungen aus der Ferne.<\/p>","protected":false},"excerpt":{"rendered":"<p>DC-Netzteil 160V\/40A\/3000W; 2U; (Standard RS232\/USB)<\/p>","protected":false},"featured_media":12333,"comment_status":"closed","ping_status":"closed","template":"","meta":{"_acf_changed":false,"slim_seo":{"title":"IT6726B - YOTAVIS AG","description":"DC-Netzteil 160V\/40A\/3000W; 2U; (Standard RS232\/USB)"}},"product_brand":[822],"product_cat":[516,515],"product_tag":[],"class_list":{"0":"post-10792","1":"product","2":"type-product","3":"status-publish","4":"has-post-thumbnail","6":"product_brand-itech","7":"product_cat-dc-source-en","8":"product_cat-power-en","9":"pa_current-a-550","10":"pa_output-number-146","11":"pa_power-w-632","12":"pa_remote-control-yes","13":"pa_voltage-v-156","15":"first","16":"instock","17":"taxable","18":"shipping-taxable","19":"product-type-simple"},"acf":[],"_links":{"self":[{"href":"https:\/\/yotavis.ch\/de\/wp-json\/wp\/v2\/product\/10792","targetHints":{"allow":["GET"]}}],"collection":[{"href":"https:\/\/yotavis.ch\/de\/wp-json\/wp\/v2\/product"}],"about":[{"href":"https:\/\/yotavis.ch\/de\/wp-json\/wp\/v2\/types\/product"}],"replies":[{"embeddable":true,"href":"https:\/\/yotavis.ch\/de\/wp-json\/wp\/v2\/comments?post=10792"}],"wp:featuredmedia":[{"embeddable":true,"href":"https:\/\/yotavis.ch\/de\/wp-json\/wp\/v2\/media\/12333"}],"wp:attachment":[{"href":"https:\/\/yotavis.ch\/de\/wp-json\/wp\/v2\/media?parent=10792"}],"wp:term":[{"taxonomy":"product_brand","embeddable":true,"href":"https:\/\/yotavis.ch\/de\/wp-json\/wp\/v2\/product_brand?post=10792"},{"taxonomy":"product_cat","embeddable":true,"href":"https:\/\/yotavis.ch\/de\/wp-json\/wp\/v2\/product_cat?post=10792"},{"taxonomy":"product_tag","embeddable":true,"href":"https:\/\/yotavis.ch\/de\/wp-json\/wp\/v2\/product_tag?post=10792"}],"curies":[{"name":"wp","href":"https:\/\/api.w.org\/{rel}","templated":true}]}}