{"id":10793,"date":"2025-10-09T00:00:00","date_gmt":"2025-10-08T22:00:00","guid":{"rendered":"https:\/\/yotavis.ch\/product\/it6726c\/"},"modified":"2026-04-24T13:45:10","modified_gmt":"2026-04-24T11:45:10","slug":"it6726c","status":"publish","type":"product","link":"https:\/\/yotavis.ch\/de\/produkt\/it6726c\/","title":{"rendered":"IT6726C"},"content":{"rendered":"<p>Das ITECH IT6726C ist ein Gleichstromnetzteil mit einer Ausgangsleistung von 3000 Watt, das eine Spannung von 32 Volt und einen Strom von 220 Ampere liefert. Es hat einen 2U-Formfaktor und verf\u00fcgt \u00fcber einen Ausgangskanal. Das Ger\u00e4t unterst\u00fctzt die Fernsteuerungsfunktionalit\u00e4t und erm\u00f6glicht so eine bequeme Bedienung aus der Ferne. Zu den Anschlussm\u00f6glichkeiten geh\u00f6ren standardm\u00e4\u00dfige RS232- und USB-Schnittstellen, die eine einfache Integration mit anderen Ger\u00e4ten erm\u00f6glichen. Dieses Netzteil wurde entwickelt, um stabile und zuverl\u00e4ssige Gleichstromversorgung f\u00fcr verschiedene Anwendungen zu liefern, die hohe Str\u00f6me und Spannungen erfordern. Dank seiner robusten Spezifikationen eignet es sich f\u00fcr anspruchsvolle Umgebungen, in denen eine pr\u00e4zise Stromversorgung unerl\u00e4sslich ist.<\/p>","protected":false},"excerpt":{"rendered":"<p>DC-Netzteil 32V\/220A\/3000W; 2U ; (Standard RS232\/USB)<\/p>","protected":false},"featured_media":12333,"comment_status":"closed","ping_status":"closed","template":"","meta":{"_acf_changed":false,"slim_seo":{"title":"IT6726C - YOTAVIS AG","description":"DC-Netzteil 32V\/220A\/3000W; 2U ; (Standard RS232\/USB)"}},"product_brand":[822],"product_cat":[516,515],"product_tag":[],"class_list":{"0":"post-10793","1":"product","2":"type-product","3":"status-publish","4":"has-post-thumbnail","6":"product_brand-itech","7":"product_cat-dc-source-en","8":"product_cat-power-en","9":"pa_current-a-967","10":"pa_output-number-146","11":"pa_power-w-632","12":"pa_remote-control-yes","13":"pa_voltage-v-140","15":"first","16":"instock","17":"taxable","18":"shipping-taxable","19":"product-type-simple"},"acf":[],"_links":{"self":[{"href":"https:\/\/yotavis.ch\/de\/wp-json\/wp\/v2\/product\/10793","targetHints":{"allow":["GET"]}}],"collection":[{"href":"https:\/\/yotavis.ch\/de\/wp-json\/wp\/v2\/product"}],"about":[{"href":"https:\/\/yotavis.ch\/de\/wp-json\/wp\/v2\/types\/product"}],"replies":[{"embeddable":true,"href":"https:\/\/yotavis.ch\/de\/wp-json\/wp\/v2\/comments?post=10793"}],"wp:featuredmedia":[{"embeddable":true,"href":"https:\/\/yotavis.ch\/de\/wp-json\/wp\/v2\/media\/12333"}],"wp:attachment":[{"href":"https:\/\/yotavis.ch\/de\/wp-json\/wp\/v2\/media?parent=10793"}],"wp:term":[{"taxonomy":"product_brand","embeddable":true,"href":"https:\/\/yotavis.ch\/de\/wp-json\/wp\/v2\/product_brand?post=10793"},{"taxonomy":"product_cat","embeddable":true,"href":"https:\/\/yotavis.ch\/de\/wp-json\/wp\/v2\/product_cat?post=10793"},{"taxonomy":"product_tag","embeddable":true,"href":"https:\/\/yotavis.ch\/de\/wp-json\/wp\/v2\/product_tag?post=10793"}],"curies":[{"name":"wp","href":"https:\/\/api.w.org\/{rel}","templated":true}]}}