{"id":10795,"date":"2025-10-09T00:00:00","date_gmt":"2025-10-08T22:00:00","guid":{"rendered":"https:\/\/yotavis.ch\/product\/it6726g\/"},"modified":"2026-04-24T13:45:11","modified_gmt":"2026-04-24T11:45:11","slug":"it6726g","status":"publish","type":"product","link":"https:\/\/yotavis.ch\/de\/produkt\/it6726g\/","title":{"rendered":"IT6726G"},"content":{"rendered":"<p>Das ITECH IT6726G ist ein Gleichstrom-Netzteil, das eine maximale Ausgangsleistung von 3000 Watt liefert. Es arbeitet mit einer Spannung von 600 Volt und einem Strom von 10 Ampere und stellt einen einzigen Ausgangskanal zur Verf\u00fcgung. Das Ger\u00e4t ist in einem 2U-Formfaktor untergebracht und eignet sich daher f\u00fcr die Rackmontage in verschiedenen Aufbauten. Es verf\u00fcgt \u00fcber Standard-RS232- und -USB-Schnittstellen f\u00fcr Konnektivit\u00e4t und Fernsteuerungsfunktionen, die einen bequemen Betrieb und die Integration in automatisierte Systeme erm\u00f6glichen. Das Netzteil ist so konzipiert, dass es einen pr\u00e4zisen und stabilen Gleichstromausgang unterst\u00fctzt und die Anforderungen anspruchsvoller Anwendungen erf\u00fcllt. Das Design betont die Funktionalit\u00e4t mit dem Schwerpunkt auf der Bereitstellung einer konsistenten elektrischen Leistung. Die Fernsteuerungsfunktionalit\u00e4t erh\u00f6ht die Nutzbarkeit in Umgebungen, in denen der direkte Zugang eingeschr\u00e4nkt sein kann.<\/p>","protected":false},"excerpt":{"rendered":"<p>DC-Netzteil 600V\/10A\/3000W; 2U ; (Standard RS232\/USB)<\/p>","protected":false},"featured_media":12333,"comment_status":"closed","ping_status":"closed","template":"","meta":{"_acf_changed":false,"slim_seo":{"title":"IT6726G - YOTAVIS AG","description":"DC-Netzteil 600V\/10A\/3000W; 2U ; (Standard RS232\/USB)"}},"product_brand":[822],"product_cat":[516,515],"product_tag":[],"class_list":{"0":"post-10795","1":"product","2":"type-product","3":"status-publish","4":"has-post-thumbnail","6":"product_brand-itech","7":"product_cat-dc-source-en","8":"product_cat-power-en","9":"pa_current-a-397","10":"pa_output-number-146","11":"pa_power-w-632","12":"pa_remote-control-yes","13":"pa_voltage-v-920","15":"first","16":"instock","17":"taxable","18":"shipping-taxable","19":"product-type-simple"},"acf":[],"_links":{"self":[{"href":"https:\/\/yotavis.ch\/de\/wp-json\/wp\/v2\/product\/10795","targetHints":{"allow":["GET"]}}],"collection":[{"href":"https:\/\/yotavis.ch\/de\/wp-json\/wp\/v2\/product"}],"about":[{"href":"https:\/\/yotavis.ch\/de\/wp-json\/wp\/v2\/types\/product"}],"replies":[{"embeddable":true,"href":"https:\/\/yotavis.ch\/de\/wp-json\/wp\/v2\/comments?post=10795"}],"wp:featuredmedia":[{"embeddable":true,"href":"https:\/\/yotavis.ch\/de\/wp-json\/wp\/v2\/media\/12333"}],"wp:attachment":[{"href":"https:\/\/yotavis.ch\/de\/wp-json\/wp\/v2\/media?parent=10795"}],"wp:term":[{"taxonomy":"product_brand","embeddable":true,"href":"https:\/\/yotavis.ch\/de\/wp-json\/wp\/v2\/product_brand?post=10795"},{"taxonomy":"product_cat","embeddable":true,"href":"https:\/\/yotavis.ch\/de\/wp-json\/wp\/v2\/product_cat?post=10795"},{"taxonomy":"product_tag","embeddable":true,"href":"https:\/\/yotavis.ch\/de\/wp-json\/wp\/v2\/product_tag?post=10795"}],"curies":[{"name":"wp","href":"https:\/\/api.w.org\/{rel}","templated":true}]}}