{"id":10798,"date":"2025-10-09T00:00:00","date_gmt":"2025-10-08T22:00:00","guid":{"rendered":"https:\/\/yotavis.ch\/product\/it6722a\/"},"modified":"2026-04-24T13:45:12","modified_gmt":"2026-04-24T11:45:12","slug":"it6722a","status":"publish","type":"product","link":"https:\/\/yotavis.ch\/de\/produkt\/it6722a\/","title":{"rendered":"IT6722A"},"content":{"rendered":"<p>Das ITECH IT6722A ist ein DC-Netzteil mit einer maximalen Ausgangsleistung von 400 Watt. Es arbeitet mit einer Spannung von 80 Volt und kann einen Strom von bis zu 20 Ampere liefern. Dieses Modell verf\u00fcgt \u00fcber einen einzigen Ausgangskanal, der eine gezielte Leistungsabgabe erm\u00f6glicht. Das Ger\u00e4t ist mit einer Fernbedienung ausgestattet, so dass es auch aus der Ferne bedient werden kann. Das IT6722A wurde f\u00fcr spezifische Leistungsanforderungen entwickelt und liefert eine stabile und zuverl\u00e4ssige Gleichstromversorgung f\u00fcr verschiedene Anwendungen. Aufgrund seiner Spezifikationen eignet er sich f\u00fcr Aufgaben, die eine pr\u00e4zise Steuerung von Spannung und Strom innerhalb der angegebenen Grenzen erfordern. Die Kombination aus Nennleistung und Fernsteuerungsf\u00e4higkeit erm\u00f6glicht vielseitige Einsatzszenarien.<\/p>","protected":false},"excerpt":{"rendered":"<p>DC PSU 80V\/20A\/400W<\/p>","protected":false},"featured_media":12330,"comment_status":"closed","ping_status":"closed","template":"","meta":{"_acf_changed":false,"slim_seo":{"title":"IT6722A - YOTAVIS AG","description":"DC PSU 80V\/20A\/400W"}},"product_brand":[822],"product_cat":[516,515],"product_tag":[],"class_list":{"0":"post-10798","1":"product","2":"type-product","3":"status-publish","4":"has-post-thumbnail","6":"product_brand-itech","7":"product_cat-dc-source-en","8":"product_cat-power-en","9":"pa_current-a-552","10":"pa_output-number-146","11":"pa_power-w-398","12":"pa_remote-control-yes","13":"pa_voltage-v-155","15":"first","16":"instock","17":"taxable","18":"shipping-taxable","19":"product-type-simple"},"acf":[],"_links":{"self":[{"href":"https:\/\/yotavis.ch\/de\/wp-json\/wp\/v2\/product\/10798","targetHints":{"allow":["GET"]}}],"collection":[{"href":"https:\/\/yotavis.ch\/de\/wp-json\/wp\/v2\/product"}],"about":[{"href":"https:\/\/yotavis.ch\/de\/wp-json\/wp\/v2\/types\/product"}],"replies":[{"embeddable":true,"href":"https:\/\/yotavis.ch\/de\/wp-json\/wp\/v2\/comments?post=10798"}],"wp:featuredmedia":[{"embeddable":true,"href":"https:\/\/yotavis.ch\/de\/wp-json\/wp\/v2\/media\/12330"}],"wp:attachment":[{"href":"https:\/\/yotavis.ch\/de\/wp-json\/wp\/v2\/media?parent=10798"}],"wp:term":[{"taxonomy":"product_brand","embeddable":true,"href":"https:\/\/yotavis.ch\/de\/wp-json\/wp\/v2\/product_brand?post=10798"},{"taxonomy":"product_cat","embeddable":true,"href":"https:\/\/yotavis.ch\/de\/wp-json\/wp\/v2\/product_cat?post=10798"},{"taxonomy":"product_tag","embeddable":true,"href":"https:\/\/yotavis.ch\/de\/wp-json\/wp\/v2\/product_tag?post=10798"}],"curies":[{"name":"wp","href":"https:\/\/api.w.org\/{rel}","templated":true}]}}