{"id":10802,"date":"2025-10-09T00:00:00","date_gmt":"2025-10-08T22:00:00","guid":{"rendered":"https:\/\/yotavis.ch\/product\/it6872b\/"},"modified":"2026-04-24T13:45:13","modified_gmt":"2026-04-24T11:45:13","slug":"it6872b","status":"publish","type":"product","link":"https:\/\/yotavis.ch\/de\/produkt\/it6872b\/","title":{"rendered":"IT6872B"},"content":{"rendered":"<p>Das ITECH IT6872B ist ein Gleichstromnetzteil, das bis zu 35 Volt und 4 Ampere liefern kann, mit einer maximalen Ausgangsleistung von 140 Watt. Es unterst\u00fctzt auch eine alternative Ausgangskonfiguration von 15 Volt bei 7 Ampere, die eine Leistung von 105 Watt bietet. Dieses Modell verf\u00fcgt \u00fcber ein 2U-Half-Rack-Design, wodurch es sich f\u00fcr die Integration in Standardger\u00e4te-Racks eignet. Es verf\u00fcgt \u00fcber Standard-Kommunikationsschnittstellen wie RS232, USB und GPIB, die eine Fernsteuerung und einfache Konnektivit\u00e4t mit anderen Ger\u00e4ten erm\u00f6glichen. Das Netzteil bietet einen einzigen Ausgangskanal, der eine gezielte und zuverl\u00e4ssige Stromversorgung gew\u00e4hrleistet. Es wird empfohlen, das Modell IT6800A in Betracht zu ziehen, um schnellere Lieferoptionen zu erhalten. Das IT6872B ist mit seinen vielseitigen Spannungs- und Stromeinstellungen und den Fernsteuerungsm\u00f6glichkeiten f\u00fcr verschiedene Pr\u00fcf- und Betriebsanforderungen ausgelegt.<\/p>","protected":false},"excerpt":{"rendered":"<p>DC PSU 35V\/4A\/140W : 15V\/7A\/105W; 2U half rack; (Standard RS232\/USB\/GPIB)  long delivery, please go with IT6800A<\/p>","protected":false},"featured_media":12126,"comment_status":"closed","ping_status":"closed","template":"","meta":{"_acf_changed":false,"slim_seo":{"title":"IT6872B - YOTAVIS AG","description":"DC PSU 35V\/4A\/140W : 15V\/7A\/105W; 2U halbes Rack; (Standard RS232\/USB\/GPIB) lange Lieferzeit, bitte mit IT6800A gehen"}},"product_brand":[822],"product_cat":[516,515],"product_tag":[],"class_list":{"0":"post-10802","1":"product","2":"type-product","3":"status-publish","4":"has-post-thumbnail","6":"product_brand-itech","7":"product_cat-dc-source-en","8":"product_cat-power-en","9":"pa_current-a-571","10":"pa_output-number-146","11":"pa_power-w-970","12":"pa_remote-control-yes","13":"pa_voltage-v-592","15":"first","16":"instock","17":"taxable","18":"shipping-taxable","19":"product-type-simple"},"acf":[],"_links":{"self":[{"href":"https:\/\/yotavis.ch\/de\/wp-json\/wp\/v2\/product\/10802","targetHints":{"allow":["GET"]}}],"collection":[{"href":"https:\/\/yotavis.ch\/de\/wp-json\/wp\/v2\/product"}],"about":[{"href":"https:\/\/yotavis.ch\/de\/wp-json\/wp\/v2\/types\/product"}],"replies":[{"embeddable":true,"href":"https:\/\/yotavis.ch\/de\/wp-json\/wp\/v2\/comments?post=10802"}],"wp:featuredmedia":[{"embeddable":true,"href":"https:\/\/yotavis.ch\/de\/wp-json\/wp\/v2\/media\/12126"}],"wp:attachment":[{"href":"https:\/\/yotavis.ch\/de\/wp-json\/wp\/v2\/media?parent=10802"}],"wp:term":[{"taxonomy":"product_brand","embeddable":true,"href":"https:\/\/yotavis.ch\/de\/wp-json\/wp\/v2\/product_brand?post=10802"},{"taxonomy":"product_cat","embeddable":true,"href":"https:\/\/yotavis.ch\/de\/wp-json\/wp\/v2\/product_cat?post=10802"},{"taxonomy":"product_tag","embeddable":true,"href":"https:\/\/yotavis.ch\/de\/wp-json\/wp\/v2\/product_tag?post=10802"}],"curies":[{"name":"wp","href":"https:\/\/api.w.org\/{rel}","templated":true}]}}