{"id":10803,"date":"2025-10-09T00:00:00","date_gmt":"2025-10-08T22:00:00","guid":{"rendered":"https:\/\/yotavis.ch\/product\/it6873b\/"},"modified":"2026-04-24T13:45:14","modified_gmt":"2026-04-24T11:45:14","slug":"it6873b","status":"publish","type":"product","link":"https:\/\/yotavis.ch\/de\/produkt\/it6873b\/","title":{"rendered":"IT6873B"},"content":{"rendered":"<p>Das ITECH IT6873B ist ein Gleichstromnetzteil, das bis zu 75 Volt und 2 Ampere liefern kann, mit einer maximalen Ausgangsleistung von 150 Watt. Es unterst\u00fctzt auch eine alternative Ausgangskonfiguration von 32 Volt bei 4 Ampere, die eine Leistung von 128 Watt liefert. Das Ger\u00e4t ist f\u00fcr den Einbau in ein 2U-Halbrack konzipiert und eignet sich somit f\u00fcr die Integration in Standardger\u00e4te-Racks. Es verf\u00fcgt \u00fcber einen einzigen Ausgangskanal und ist mit einer Fernbedienung ausgestattet, die einen bequemen Betrieb aus der Ferne erm\u00f6glicht. Der IT6873B unterst\u00fctzt Standard-Kommunikationsschnittstellen wie RS232, USB und GPIB und erm\u00f6glicht so eine einfache Anbindung und Steuerung in verschiedenen Konfigurationen. Es wird empfohlen, das Modell IT6800A f\u00fcr schnellere Lieferoptionen in Betracht zu ziehen. Dieses Netzteil wurde entwickelt, um spezifische Spannungs- und Stromanforderungen zu erf\u00fcllen und bietet gleichzeitig flexible Steuerungs- und Anschlussm\u00f6glichkeiten.<\/p>","protected":false},"excerpt":{"rendered":"<p>DC PSU 75V\/2A\/150W : 32V\/4A\/128W; 2U half rack; (Standard RS232\/USB\/GPIB)   long delivery, please go with IT6800A<\/p>","protected":false},"featured_media":12126,"comment_status":"closed","ping_status":"closed","template":"","meta":{"_acf_changed":false,"slim_seo":{"title":"IT6873B - YOTAVIS AG","description":"DC-Netzteil 75V\/2A\/150W : 32V\/4A\/128W; 2U halbes Rack; (Standard RS232\/USB\/GPIB) lange Lieferzeit, bitte mit IT6800A gehen"}},"product_brand":[822],"product_cat":[516,515],"product_tag":[],"class_list":{"0":"post-10803","1":"product","2":"type-product","3":"status-publish","4":"has-post-thumbnail","6":"product_brand-itech","7":"product_cat-dc-source-en","8":"product_cat-power-en","9":"pa_current-a-579","10":"pa_output-number-146","11":"pa_power-w-391","12":"pa_remote-control-yes","13":"pa_voltage-v-971","15":"first","16":"instock","17":"taxable","18":"shipping-taxable","19":"product-type-simple"},"acf":[],"_links":{"self":[{"href":"https:\/\/yotavis.ch\/de\/wp-json\/wp\/v2\/product\/10803","targetHints":{"allow":["GET"]}}],"collection":[{"href":"https:\/\/yotavis.ch\/de\/wp-json\/wp\/v2\/product"}],"about":[{"href":"https:\/\/yotavis.ch\/de\/wp-json\/wp\/v2\/types\/product"}],"replies":[{"embeddable":true,"href":"https:\/\/yotavis.ch\/de\/wp-json\/wp\/v2\/comments?post=10803"}],"wp:featuredmedia":[{"embeddable":true,"href":"https:\/\/yotavis.ch\/de\/wp-json\/wp\/v2\/media\/12126"}],"wp:attachment":[{"href":"https:\/\/yotavis.ch\/de\/wp-json\/wp\/v2\/media?parent=10803"}],"wp:term":[{"taxonomy":"product_brand","embeddable":true,"href":"https:\/\/yotavis.ch\/de\/wp-json\/wp\/v2\/product_brand?post=10803"},{"taxonomy":"product_cat","embeddable":true,"href":"https:\/\/yotavis.ch\/de\/wp-json\/wp\/v2\/product_cat?post=10803"},{"taxonomy":"product_tag","embeddable":true,"href":"https:\/\/yotavis.ch\/de\/wp-json\/wp\/v2\/product_tag?post=10803"}],"curies":[{"name":"wp","href":"https:\/\/api.w.org\/{rel}","templated":true}]}}