{"id":10805,"date":"2025-10-09T00:00:00","date_gmt":"2025-10-08T22:00:00","guid":{"rendered":"https:\/\/yotavis.ch\/product\/it6831a\/"},"modified":"2026-04-24T13:45:14","modified_gmt":"2026-04-24T11:45:14","slug":"it6831a","status":"publish","type":"product","link":"https:\/\/yotavis.ch\/de\/produkt\/it6831a\/","title":{"rendered":"IT6831A"},"content":{"rendered":"<p>Das ITECH IT6831A ist ein Gleichstromnetzteil mit einem Ausgangsspannungsbereich von 0 bis 18 Volt und einem maximalen Strom von 10 Ampere, das eine Gesamtausgangsleistung von 180 Watt liefert. Es verf\u00fcgt \u00fcber einen einzigen Ausgangskanal und ist so konzipiert, dass es in einen 2U-Half-Rack-Formfaktor passt. Das Ger\u00e4t unterst\u00fctzt Fernsteuerungsfunktionen, die den Betrieb \u00fcber Standard-RS232- oder USB-Schnittstellen erm\u00f6glichen. Dieses Netzteil eignet sich f\u00fcr Anwendungen, die eine pr\u00e4zise Steuerung von Spannung und Strom innerhalb der vorgegebenen Grenzen erfordern. Dank seines kompakten Designs und seiner Anschlussm\u00f6glichkeiten l\u00e4sst es sich in verschiedene Test- und Entwicklungsumgebungen integrieren. Das IT6831A bietet eine zuverl\u00e4ssige Stromversorgung mit dem Komfort eines Fernbetriebs.<\/p>","protected":false},"excerpt":{"rendered":"<p>DC-Netzteil 0-18V\/0-10A, 180W; 2U Halb-Rack; (Standard RS232\/USB)<\/p>","protected":false},"featured_media":11571,"comment_status":"closed","ping_status":"closed","template":"","meta":{"_acf_changed":false,"slim_seo":{"title":"IT6831A - YOTAVIS AG","description":"DC-Netzteil 0-18V\/0-10A, 180W; 2U Halb-Rack; (Standard RS232\/USB)"}},"product_brand":[822],"product_cat":[516,515],"product_tag":[],"class_list":{"0":"post-10805","1":"product","2":"type-product","3":"status-publish","4":"has-post-thumbnail","6":"product_brand-itech","7":"product_cat-dc-source-en","8":"product_cat-power-en","9":"pa_current-a-397","10":"pa_output-number-146","11":"pa_power-w-409","12":"pa_remote-control-yes","13":"pa_voltage-v-589","15":"first","16":"instock","17":"taxable","18":"shipping-taxable","19":"product-type-simple"},"acf":[],"_links":{"self":[{"href":"https:\/\/yotavis.ch\/de\/wp-json\/wp\/v2\/product\/10805","targetHints":{"allow":["GET"]}}],"collection":[{"href":"https:\/\/yotavis.ch\/de\/wp-json\/wp\/v2\/product"}],"about":[{"href":"https:\/\/yotavis.ch\/de\/wp-json\/wp\/v2\/types\/product"}],"replies":[{"embeddable":true,"href":"https:\/\/yotavis.ch\/de\/wp-json\/wp\/v2\/comments?post=10805"}],"wp:featuredmedia":[{"embeddable":true,"href":"https:\/\/yotavis.ch\/de\/wp-json\/wp\/v2\/media\/11571"}],"wp:attachment":[{"href":"https:\/\/yotavis.ch\/de\/wp-json\/wp\/v2\/media?parent=10805"}],"wp:term":[{"taxonomy":"product_brand","embeddable":true,"href":"https:\/\/yotavis.ch\/de\/wp-json\/wp\/v2\/product_brand?post=10805"},{"taxonomy":"product_cat","embeddable":true,"href":"https:\/\/yotavis.ch\/de\/wp-json\/wp\/v2\/product_cat?post=10805"},{"taxonomy":"product_tag","embeddable":true,"href":"https:\/\/yotavis.ch\/de\/wp-json\/wp\/v2\/product_tag?post=10805"}],"curies":[{"name":"wp","href":"https:\/\/api.w.org\/{rel}","templated":true}]}}