{"id":10806,"date":"2025-10-09T00:00:00","date_gmt":"2025-10-08T22:00:00","guid":{"rendered":"https:\/\/yotavis.ch\/product\/it6831b\/"},"modified":"2026-04-24T13:45:17","modified_gmt":"2026-04-24T11:45:17","slug":"it6831b","status":"publish","type":"product","link":"https:\/\/yotavis.ch\/de\/produkt\/it6831b\/","title":{"rendered":"IT6831B"},"content":{"rendered":"<p>Das ITECH IT6831B ist ein Gleichstromnetzteil mit einem Ausgangsspannungsbereich von 0 bis 18 Volt und einem maximalen Strom von 10 Ampere, das eine Gesamtausgangsleistung von 180 Watt liefert. Es verf\u00fcgt \u00fcber einen einzigen Ausgangskanal und ist so konzipiert, dass es in einen 2U-Half-Rack-Formfaktor passt. Das Ger\u00e4t unterst\u00fctzt Fernsteuerungsfunktionen und erm\u00f6glicht den Betrieb \u00fcber standardm\u00e4\u00dfige RS232-, USB- und GPIB-Schnittstellen. Dieses Modell eignet sich f\u00fcr Anwendungen, die eine pr\u00e4zise DC-Stromversorgung innerhalb der spezifizierten Spannungs- und Stromgrenzen erfordern. Benutzer, die schnellere Lieferoptionen w\u00fcnschen, sollten das Modell IT6800A in Betracht ziehen. Das Modell IT6831B ist so konstruiert, dass es mit seinen spezifizierten elektrischen Parametern und Konnektivit\u00e4tsoptionen eine zuverl\u00e4ssige Stromversorgungsleistung bietet.<\/p>","protected":false},"excerpt":{"rendered":"<p>DC PSU 0-18V\/0-10A, 180W; 2U half rack; (Standard RS232\/USB\/GPIB)  long delivery, please go with IT6800A<\/p>","protected":false},"featured_media":11571,"comment_status":"closed","ping_status":"closed","template":"","meta":{"_acf_changed":false,"slim_seo":{"title":"IT6831B - YOTAVIS AG","description":"DC-Netzteil 0-18V\/0-10A, 180W; 2U halbes Rack; (Standard RS232\/USB\/GPIB) lange Lieferzeit, bitte mit IT6800A gehen"}},"product_brand":[822],"product_cat":[516,515],"product_tag":[],"class_list":{"0":"post-10806","1":"product","2":"type-product","3":"status-publish","4":"has-post-thumbnail","6":"product_brand-itech","7":"product_cat-dc-source-en","8":"product_cat-power-en","9":"pa_current-a-397","10":"pa_output-number-146","11":"pa_power-w-409","12":"pa_remote-control-yes","13":"pa_voltage-v-589","15":"first","16":"instock","17":"taxable","18":"shipping-taxable","19":"product-type-simple"},"acf":[],"_links":{"self":[{"href":"https:\/\/yotavis.ch\/de\/wp-json\/wp\/v2\/product\/10806","targetHints":{"allow":["GET"]}}],"collection":[{"href":"https:\/\/yotavis.ch\/de\/wp-json\/wp\/v2\/product"}],"about":[{"href":"https:\/\/yotavis.ch\/de\/wp-json\/wp\/v2\/types\/product"}],"replies":[{"embeddable":true,"href":"https:\/\/yotavis.ch\/de\/wp-json\/wp\/v2\/comments?post=10806"}],"wp:featuredmedia":[{"embeddable":true,"href":"https:\/\/yotavis.ch\/de\/wp-json\/wp\/v2\/media\/11571"}],"wp:attachment":[{"href":"https:\/\/yotavis.ch\/de\/wp-json\/wp\/v2\/media?parent=10806"}],"wp:term":[{"taxonomy":"product_brand","embeddable":true,"href":"https:\/\/yotavis.ch\/de\/wp-json\/wp\/v2\/product_brand?post=10806"},{"taxonomy":"product_cat","embeddable":true,"href":"https:\/\/yotavis.ch\/de\/wp-json\/wp\/v2\/product_cat?post=10806"},{"taxonomy":"product_tag","embeddable":true,"href":"https:\/\/yotavis.ch\/de\/wp-json\/wp\/v2\/product_tag?post=10806"}],"curies":[{"name":"wp","href":"https:\/\/api.w.org\/{rel}","templated":true}]}}