{"id":10807,"date":"2025-10-09T00:00:00","date_gmt":"2025-10-08T22:00:00","guid":{"rendered":"https:\/\/yotavis.ch\/product\/it6832a\/"},"modified":"2026-04-24T13:45:17","modified_gmt":"2026-04-24T11:45:17","slug":"it6832a","status":"publish","type":"product","link":"https:\/\/yotavis.ch\/de\/produkt\/it6832a\/","title":{"rendered":"IT6832A"},"content":{"rendered":"<p>Das IT6832A ist ein Gleichstromnetzteil mit einem Ausgangsspannungsbereich von 0 bis 32 Volt und einem maximalen Strom von 6 Ampere, das eine Gesamtausgangsleistung von 192 Watt liefert. Es verf\u00fcgt \u00fcber einen einzigen Ausgangskanal und ist in einem 2U-Half-Rack-Formfaktor konzipiert, wodurch es sich f\u00fcr die Integration in Standardger\u00e4te-Racks eignet. Das Ger\u00e4t unterst\u00fctzt Fernsteuerungsfunktionen, die eine Bedienung und \u00dcberwachung aus der Ferne erm\u00f6glichen. Zu den Anschlussm\u00f6glichkeiten geh\u00f6ren standardm\u00e4\u00dfige RS232- und USB-Schnittstellen, die die Kommunikation und Steuerung \u00fcber g\u00e4ngige Protokolle erleichtern. Dieses Netzger\u00e4t wird von ITECH hergestellt, einer Marke, die f\u00fcr ihre elektronischen Test- und Messger\u00e4te bekannt ist. Durch die Kombination seiner Spannungs-, Strom- und Leistungsspezifikationen ist es f\u00fcr verschiedene Anwendungen geeignet, die eine pr\u00e4zise Gleichstromversorgung erfordern. Die kompakte Rack-Gr\u00f6\u00dfe und die Fernsteuerungsm\u00f6glichkeiten verbessern die Einsatzf\u00e4higkeit in Labor- und Industrieumgebungen.<\/p>","protected":false},"excerpt":{"rendered":"<p>DC-Netzteil 0-32V\/0-6A, 192W; 2U Halb-Rack; (Standard RS232\/USB)<\/p>","protected":false},"featured_media":11571,"comment_status":"closed","ping_status":"closed","template":"","meta":{"_acf_changed":false,"slim_seo":{"title":"IT6832A - YOTAVIS AG","description":"DC-Netzteil 0-32V\/0-6A, 192W; 2U Halb-Rack; (Standard RS232\/USB)"}},"product_brand":[822],"product_cat":[516,515],"product_tag":[],"class_list":{"0":"post-10807","1":"product","2":"type-product","3":"status-publish","4":"has-post-thumbnail","6":"product_brand-itech","7":"product_cat-dc-source-en","8":"product_cat-power-en","9":"pa_current-a-399","10":"pa_output-number-146","11":"pa_power-w-483","12":"pa_remote-control-yes","13":"pa_voltage-v-140","15":"first","16":"instock","17":"taxable","18":"shipping-taxable","19":"product-type-simple"},"acf":[],"_links":{"self":[{"href":"https:\/\/yotavis.ch\/de\/wp-json\/wp\/v2\/product\/10807","targetHints":{"allow":["GET"]}}],"collection":[{"href":"https:\/\/yotavis.ch\/de\/wp-json\/wp\/v2\/product"}],"about":[{"href":"https:\/\/yotavis.ch\/de\/wp-json\/wp\/v2\/types\/product"}],"replies":[{"embeddable":true,"href":"https:\/\/yotavis.ch\/de\/wp-json\/wp\/v2\/comments?post=10807"}],"wp:featuredmedia":[{"embeddable":true,"href":"https:\/\/yotavis.ch\/de\/wp-json\/wp\/v2\/media\/11571"}],"wp:attachment":[{"href":"https:\/\/yotavis.ch\/de\/wp-json\/wp\/v2\/media?parent=10807"}],"wp:term":[{"taxonomy":"product_brand","embeddable":true,"href":"https:\/\/yotavis.ch\/de\/wp-json\/wp\/v2\/product_brand?post=10807"},{"taxonomy":"product_cat","embeddable":true,"href":"https:\/\/yotavis.ch\/de\/wp-json\/wp\/v2\/product_cat?post=10807"},{"taxonomy":"product_tag","embeddable":true,"href":"https:\/\/yotavis.ch\/de\/wp-json\/wp\/v2\/product_tag?post=10807"}],"curies":[{"name":"wp","href":"https:\/\/api.w.org\/{rel}","templated":true}]}}