{"id":10809,"date":"2025-10-09T00:00:00","date_gmt":"2025-10-08T22:00:00","guid":{"rendered":"https:\/\/yotavis.ch\/product\/it6833a\/"},"modified":"2026-04-24T13:45:18","modified_gmt":"2026-04-24T11:45:18","slug":"it6833a","status":"publish","type":"product","link":"https:\/\/yotavis.ch\/de\/produkt\/it6833a\/","title":{"rendered":"IT6833A"},"content":{"rendered":"<p>Das IT6833A ist ein Gleichstromnetzteil mit einem Ausgangsspannungsbereich von 0 bis 72 Volt und einem maximalen Strom von 3 Ampere, das eine Gesamtausgangsleistung von 216 Watt liefert. Es verf\u00fcgt \u00fcber einen einzigen Ausgangskanal und ist so konzipiert, dass es in einen 2U-Half-Rack-Formfaktor passt. Das Ger\u00e4t unterst\u00fctzt die Fernsteuerungsfunktionalit\u00e4t und erm\u00f6glicht den Betrieb \u00fcber Standard-RS232- oder USB-Schnittstellen. Dieses Netzger\u00e4t eignet sich f\u00fcr Anwendungen, die eine pr\u00e4zise Spannungs- und Stromregelung innerhalb der vorgegebenen Grenzen erfordern. Durch seine kompakte Bauweise und die Fernsteuerungsm\u00f6glichkeiten eignet es sich f\u00fcr verschiedene Test- und Entwicklungsumgebungen, in denen Platz und Anschlussm\u00f6glichkeiten wichtige Faktoren sind.<\/p>","protected":false},"excerpt":{"rendered":"<p>DC-Netzteil 0-72V\/0-3A, 216W; 2U Halb-Rack; (Standard RS232\/USB)<\/p>","protected":false},"featured_media":11571,"comment_status":"closed","ping_status":"closed","template":"","meta":{"_acf_changed":false,"slim_seo":{"title":"IT6833A - YOTAVIS AG","description":"DC-Netzteil 0-72V\/0-3A, 216W; 2U Halb-Rack; (Standard RS232\/USB)"}},"product_brand":[822],"product_cat":[516,515],"product_tag":[],"class_list":{"0":"post-10809","1":"product","2":"type-product","3":"status-publish","4":"has-post-thumbnail","6":"product_brand-itech","7":"product_cat-dc-source-en","8":"product_cat-power-en","9":"pa_current-a-485","10":"pa_output-number-146","11":"pa_power-w-972","12":"pa_remote-control-yes","13":"pa_voltage-v-969","15":"first","16":"instock","17":"taxable","18":"shipping-taxable","19":"product-type-simple"},"acf":[],"_links":{"self":[{"href":"https:\/\/yotavis.ch\/de\/wp-json\/wp\/v2\/product\/10809","targetHints":{"allow":["GET"]}}],"collection":[{"href":"https:\/\/yotavis.ch\/de\/wp-json\/wp\/v2\/product"}],"about":[{"href":"https:\/\/yotavis.ch\/de\/wp-json\/wp\/v2\/types\/product"}],"replies":[{"embeddable":true,"href":"https:\/\/yotavis.ch\/de\/wp-json\/wp\/v2\/comments?post=10809"}],"wp:featuredmedia":[{"embeddable":true,"href":"https:\/\/yotavis.ch\/de\/wp-json\/wp\/v2\/media\/11571"}],"wp:attachment":[{"href":"https:\/\/yotavis.ch\/de\/wp-json\/wp\/v2\/media?parent=10809"}],"wp:term":[{"taxonomy":"product_brand","embeddable":true,"href":"https:\/\/yotavis.ch\/de\/wp-json\/wp\/v2\/product_brand?post=10809"},{"taxonomy":"product_cat","embeddable":true,"href":"https:\/\/yotavis.ch\/de\/wp-json\/wp\/v2\/product_cat?post=10809"},{"taxonomy":"product_tag","embeddable":true,"href":"https:\/\/yotavis.ch\/de\/wp-json\/wp\/v2\/product_tag?post=10809"}],"curies":[{"name":"wp","href":"https:\/\/api.w.org\/{rel}","templated":true}]}}