{"id":10810,"date":"2025-10-09T00:00:00","date_gmt":"2025-10-08T22:00:00","guid":{"rendered":"https:\/\/yotavis.ch\/product\/it6833b\/"},"modified":"2026-04-24T13:45:18","modified_gmt":"2026-04-24T11:45:18","slug":"it6833b","status":"publish","type":"product","link":"https:\/\/yotavis.ch\/de\/produkt\/it6833b\/","title":{"rendered":"IT6833B"},"content":{"rendered":"<p>Das ITECH IT6833B ist ein Gleichstromnetzteil mit einer maximalen Ausgangsspannung von 72 Volt und einer Strombelastbarkeit von bis zu 3 Ampere, das eine Gesamtausgangsleistung von 216 Watt liefert. Es verf\u00fcgt \u00fcber einen einzigen Ausgangskanal und ist so konzipiert, dass es in ein 2U-Halbrack passt, wodurch es sich f\u00fcr die Integration in Standardger\u00e4te-Racks eignet. Das Ger\u00e4t unterst\u00fctzt Fernsteuerungsfunktionen, die den Betrieb und die \u00dcberwachung \u00fcber externe Schnittstellen erm\u00f6glichen. Es ist mit Standard-Kommunikationsanschl\u00fcssen wie RS232, USB und GPIB ausgestattet, was die Konnektivit\u00e4t und Steuerung in verschiedenen Konstellationen erleichtert. In der Produktbeschreibung wird auf die lange Lieferzeit hingewiesen und vorgeschlagen, das Modell IT6800A als Alternative in Betracht zu ziehen. Dieses Netzteil ist f\u00fcr Anwendungen gedacht, die eine pr\u00e4zise Steuerung von Gleichspannung und -strom innerhalb des angegebenen Bereichs und der angegebenen Leistung erfordern.<\/p>","protected":false},"excerpt":{"rendered":"<p>DC PSU 0-72V\/0-3A, 216W; 2U half rack; (Standard RS232\/USB\/GPIB)  long delivery, please go with IT6800A<\/p>","protected":false},"featured_media":11571,"comment_status":"closed","ping_status":"closed","template":"","meta":{"_acf_changed":false,"slim_seo":{"title":"IT6833B - YOTAVIS AG","description":"DC-Netzteil 0-72V\/0-3A, 216W; 2U halbes Rack; (Standard RS232\/USB\/GPIB) lange Lieferzeit, bitte mit IT6800A gehen"}},"product_brand":[822],"product_cat":[516,515],"product_tag":[],"class_list":{"0":"post-10810","1":"product","2":"type-product","3":"status-publish","4":"has-post-thumbnail","6":"product_brand-itech","7":"product_cat-dc-source-en","8":"product_cat-power-en","9":"pa_current-a-485","10":"pa_output-number-146","11":"pa_power-w-972","12":"pa_remote-control-yes","13":"pa_voltage-v-969","15":"first","16":"instock","17":"taxable","18":"shipping-taxable","19":"product-type-simple"},"acf":[],"_links":{"self":[{"href":"https:\/\/yotavis.ch\/de\/wp-json\/wp\/v2\/product\/10810","targetHints":{"allow":["GET"]}}],"collection":[{"href":"https:\/\/yotavis.ch\/de\/wp-json\/wp\/v2\/product"}],"about":[{"href":"https:\/\/yotavis.ch\/de\/wp-json\/wp\/v2\/types\/product"}],"replies":[{"embeddable":true,"href":"https:\/\/yotavis.ch\/de\/wp-json\/wp\/v2\/comments?post=10810"}],"wp:featuredmedia":[{"embeddable":true,"href":"https:\/\/yotavis.ch\/de\/wp-json\/wp\/v2\/media\/11571"}],"wp:attachment":[{"href":"https:\/\/yotavis.ch\/de\/wp-json\/wp\/v2\/media?parent=10810"}],"wp:term":[{"taxonomy":"product_brand","embeddable":true,"href":"https:\/\/yotavis.ch\/de\/wp-json\/wp\/v2\/product_brand?post=10810"},{"taxonomy":"product_cat","embeddable":true,"href":"https:\/\/yotavis.ch\/de\/wp-json\/wp\/v2\/product_cat?post=10810"},{"taxonomy":"product_tag","embeddable":true,"href":"https:\/\/yotavis.ch\/de\/wp-json\/wp\/v2\/product_tag?post=10810"}],"curies":[{"name":"wp","href":"https:\/\/api.w.org\/{rel}","templated":true}]}}