{"id":10813,"date":"2025-10-09T00:00:00","date_gmt":"2025-10-08T22:00:00","guid":{"rendered":"https:\/\/yotavis.ch\/product\/it6922b\/"},"modified":"2026-04-24T13:45:19","modified_gmt":"2026-04-24T11:45:19","slug":"it6922b","status":"publish","type":"product","link":"https:\/\/yotavis.ch\/de\/produkt\/it6922b\/","title":{"rendered":"IT6922B"},"content":{"rendered":"<p>Das ITECH IT6922B ist ein Gleichstromnetzteil mit einer maximalen Ausgangsspannung von 60 Volt und einer Strombelastbarkeit von 5 Ampere, das eine Gesamtleistung von 100 Watt liefert. Es verf\u00fcgt \u00fcber ein 2U-Half-Rack-Design und eignet sich daher f\u00fcr die Integration in Standard-Ger\u00e4teracks. Dieses Modell verf\u00fcgt \u00fcber einen Ausgangskanal und unterst\u00fctzt eine Fernsteuerungsfunktion, die eine bequeme Bedienung aus der Ferne erm\u00f6glicht. Das Ger\u00e4t ist mit mehreren Standard-Kommunikationsschnittstellen ausgestattet, darunter RS232, USB, Analog und RS485, die vielseitige Anschlussm\u00f6glichkeiten f\u00fcr unterschiedliche Anwendungen bieten. Sein Design betont die Kompatibilit\u00e4t und den einfachen Einsatz in kontrollierten Umgebungen, in denen eine pr\u00e4zise DC-Leistungsabgabe erforderlich ist. Das IT6922B wird von ITECH hergestellt, einer Marke, die f\u00fcr die Herstellung elektronischer Test- und Messger\u00e4te bekannt ist. Dieses Netzger\u00e4t wurde entwickelt, um die Anforderungen von Anwendern zu erf\u00fcllen, die zuverl\u00e4ssige und einstellbare Gleichstromquellen mit Fernverwaltungsfunktionen ben\u00f6tigen.<\/p>","protected":false},"excerpt":{"rendered":"<p>DC-Netzteil 60V\/5A\/100W; 2U halbes Rack; (Standard RS232\/USB\/analog\/RS485)<\/p>","protected":false},"featured_media":11577,"comment_status":"closed","ping_status":"closed","template":"","meta":{"_acf_changed":false,"slim_seo":{"title":"IT6922B - YOTAVIS AG","description":"DC-Netzteil 60V\/5A\/100W; 2U halbes Rack; (Standard RS232\/USB\/analog\/RS485)"}},"product_brand":[822],"product_cat":[516,515],"product_tag":[],"class_list":{"0":"post-10813","1":"product","2":"type-product","3":"status-publish","4":"has-post-thumbnail","6":"product_brand-itech","7":"product_cat-dc-source-en","8":"product_cat-power-en","9":"pa_current-a-392","10":"pa_output-number-146","11":"pa_power-w-481","12":"pa_remote-control-yes","13":"pa_voltage-v-314","15":"first","16":"instock","17":"taxable","18":"shipping-taxable","19":"product-type-simple"},"acf":[],"_links":{"self":[{"href":"https:\/\/yotavis.ch\/de\/wp-json\/wp\/v2\/product\/10813","targetHints":{"allow":["GET"]}}],"collection":[{"href":"https:\/\/yotavis.ch\/de\/wp-json\/wp\/v2\/product"}],"about":[{"href":"https:\/\/yotavis.ch\/de\/wp-json\/wp\/v2\/types\/product"}],"replies":[{"embeddable":true,"href":"https:\/\/yotavis.ch\/de\/wp-json\/wp\/v2\/comments?post=10813"}],"wp:featuredmedia":[{"embeddable":true,"href":"https:\/\/yotavis.ch\/de\/wp-json\/wp\/v2\/media\/11577"}],"wp:attachment":[{"href":"https:\/\/yotavis.ch\/de\/wp-json\/wp\/v2\/media?parent=10813"}],"wp:term":[{"taxonomy":"product_brand","embeddable":true,"href":"https:\/\/yotavis.ch\/de\/wp-json\/wp\/v2\/product_brand?post=10813"},{"taxonomy":"product_cat","embeddable":true,"href":"https:\/\/yotavis.ch\/de\/wp-json\/wp\/v2\/product_cat?post=10813"},{"taxonomy":"product_tag","embeddable":true,"href":"https:\/\/yotavis.ch\/de\/wp-json\/wp\/v2\/product_tag?post=10813"}],"curies":[{"name":"wp","href":"https:\/\/api.w.org\/{rel}","templated":true}]}}