{"id":10814,"date":"2025-10-09T00:00:00","date_gmt":"2025-10-08T22:00:00","guid":{"rendered":"https:\/\/yotavis.ch\/product\/it6932b\/"},"modified":"2026-04-24T13:45:19","modified_gmt":"2026-04-24T11:45:19","slug":"it6932b","status":"publish","type":"product","link":"https:\/\/yotavis.ch\/de\/produkt\/it6932b\/","title":{"rendered":"IT6932B"},"content":{"rendered":"<p>Das IT6932B ist ein Gleichstromnetzteil mit einer maximalen Ausgangsspannung von 60 Volt und einer Stromkapazit\u00e4t von 10 Ampere, das eine Gesamtausgangsleistung von 200 Watt liefert. Es verf\u00fcgt \u00fcber ein 2U-Half-Rack-Design und eignet sich daher f\u00fcr die Integration in Standardger\u00e4te-Racks. Dieses Modell verf\u00fcgt \u00fcber einen Ausgangskanal und unterst\u00fctzt Fernsteuerungsfunktionen, die eine Bedienung und \u00dcberwachung aus der Ferne erm\u00f6glichen. Das Ger\u00e4t ist mit mehreren Kommunikationsschnittstellen ausgestattet, darunter Standard-RS232-, USB-, Analog- und RS485-Ports, die vielseitige Anschlussm\u00f6glichkeiten bieten. Der von ITECH hergestellte IT6932B ist f\u00fcr eine zuverl\u00e4ssige Stromversorgung in verschiedenen Anwendungen ausgelegt, die eine pr\u00e4zise Spannungs- und Stromregelung erfordern. Dank seines kompakten Formfaktors und seiner umfassenden Schnittstellenoptionen l\u00e4sst er sich an unterschiedliche Test- und Betriebsumgebungen anpassen.<\/p>","protected":false},"excerpt":{"rendered":"<p>DC-Netzteil 60V\/10A\/200W; 2U halbes Rack; (Standard RS232\/USB\/analog\/RS485)<\/p>","protected":false},"featured_media":11577,"comment_status":"closed","ping_status":"closed","template":"","meta":{"_acf_changed":false,"slim_seo":{"title":"IT6932B - YOTAVIS AG","description":"DC-Netzteil 60V\/10A\/200W; 2U halbes Rack; (Standard RS232\/USB\/analog\/RS485)"}},"product_brand":[822],"product_cat":[516,515],"product_tag":[],"class_list":{"0":"post-10814","1":"product","2":"type-product","3":"status-publish","4":"has-post-thumbnail","6":"product_brand-itech","7":"product_cat-dc-source-en","8":"product_cat-power-en","9":"pa_current-a-397","10":"pa_output-number-146","11":"pa_power-w-414","12":"pa_remote-control-yes","13":"pa_voltage-v-314","15":"first","16":"instock","17":"taxable","18":"shipping-taxable","19":"product-type-simple"},"acf":[],"_links":{"self":[{"href":"https:\/\/yotavis.ch\/de\/wp-json\/wp\/v2\/product\/10814","targetHints":{"allow":["GET"]}}],"collection":[{"href":"https:\/\/yotavis.ch\/de\/wp-json\/wp\/v2\/product"}],"about":[{"href":"https:\/\/yotavis.ch\/de\/wp-json\/wp\/v2\/types\/product"}],"replies":[{"embeddable":true,"href":"https:\/\/yotavis.ch\/de\/wp-json\/wp\/v2\/comments?post=10814"}],"wp:featuredmedia":[{"embeddable":true,"href":"https:\/\/yotavis.ch\/de\/wp-json\/wp\/v2\/media\/11577"}],"wp:attachment":[{"href":"https:\/\/yotavis.ch\/de\/wp-json\/wp\/v2\/media?parent=10814"}],"wp:term":[{"taxonomy":"product_brand","embeddable":true,"href":"https:\/\/yotavis.ch\/de\/wp-json\/wp\/v2\/product_brand?post=10814"},{"taxonomy":"product_cat","embeddable":true,"href":"https:\/\/yotavis.ch\/de\/wp-json\/wp\/v2\/product_cat?post=10814"},{"taxonomy":"product_tag","embeddable":true,"href":"https:\/\/yotavis.ch\/de\/wp-json\/wp\/v2\/product_tag?post=10814"}],"curies":[{"name":"wp","href":"https:\/\/api.w.org\/{rel}","templated":true}]}}