{"id":10815,"date":"2025-10-09T00:00:00","date_gmt":"2025-10-08T22:00:00","guid":{"rendered":"https:\/\/yotavis.ch\/product\/it6942b\/"},"modified":"2026-04-24T13:45:20","modified_gmt":"2026-04-24T11:45:20","slug":"it6942b","status":"publish","type":"product","link":"https:\/\/yotavis.ch\/de\/produkt\/it6942b\/","title":{"rendered":"IT6942B"},"content":{"rendered":"<p>Das IT6942B ist ein Gleichstromnetzteil mit einer maximalen Ausgangsspannung von 60 Volt und einer Stromkapazit\u00e4t von 15 Ampere, das eine Gesamtleistung von 360 Watt liefert. Es ist so konzipiert, dass es in ein 2-HE-Halbrack passt und somit f\u00fcr die Integration in Standardger\u00e4te-Racks geeignet ist. Dieses Modell verf\u00fcgt \u00fcber einen einzigen Ausgangskanal, der eine gezielte Leistungsabgabe erm\u00f6glicht. Es unterst\u00fctzt die Fernsteuerungsfunktionalit\u00e4t, so dass die Benutzer das Ger\u00e4t bequem und flexibel aus der Ferne bedienen k\u00f6nnen. Das Ger\u00e4t verf\u00fcgt \u00fcber mehrere Standard-Kommunikationsschnittstellen wie RS232, USB, Analog und RS485 und bietet damit vielseitige Anschlussm\u00f6glichkeiten f\u00fcr verschiedene Anwendungen. Sein Design und seine Spezifikationen machen es zu einer praktischen Wahl f\u00fcr Umgebungen, die eine zuverl\u00e4ssige Gleichstromversorgung mit Fernverwaltungsfunktionen erfordern.<\/p>","protected":false},"excerpt":{"rendered":"<p>DC-Netzteil 60V\/15A\/360W; 2U Halb-Rack; (Standard RS232\/USB\/analog\/RS485)<\/p>","protected":false},"featured_media":11577,"comment_status":"closed","ping_status":"closed","template":"","meta":{"_acf_changed":false,"slim_seo":{"title":"IT6942B - YOTAVIS AG","description":"DC-Netzteil 60V\/15A\/360W; 2U Halb-Rack; (Standard RS232\/USB\/analog\/RS485)"}},"product_brand":[822],"product_cat":[516,515],"product_tag":[],"class_list":{"0":"post-10815","1":"product","2":"type-product","3":"status-publish","4":"has-post-thumbnail","6":"product_brand-itech","7":"product_cat-dc-source-en","8":"product_cat-power-en","9":"pa_current-a-410","10":"pa_output-number-146","11":"pa_power-w-403","12":"pa_remote-control-yes","13":"pa_voltage-v-314","15":"first","16":"instock","17":"taxable","18":"shipping-taxable","19":"product-type-simple"},"acf":[],"_links":{"self":[{"href":"https:\/\/yotavis.ch\/de\/wp-json\/wp\/v2\/product\/10815","targetHints":{"allow":["GET"]}}],"collection":[{"href":"https:\/\/yotavis.ch\/de\/wp-json\/wp\/v2\/product"}],"about":[{"href":"https:\/\/yotavis.ch\/de\/wp-json\/wp\/v2\/types\/product"}],"replies":[{"embeddable":true,"href":"https:\/\/yotavis.ch\/de\/wp-json\/wp\/v2\/comments?post=10815"}],"wp:featuredmedia":[{"embeddable":true,"href":"https:\/\/yotavis.ch\/de\/wp-json\/wp\/v2\/media\/11577"}],"wp:attachment":[{"href":"https:\/\/yotavis.ch\/de\/wp-json\/wp\/v2\/media?parent=10815"}],"wp:term":[{"taxonomy":"product_brand","embeddable":true,"href":"https:\/\/yotavis.ch\/de\/wp-json\/wp\/v2\/product_brand?post=10815"},{"taxonomy":"product_cat","embeddable":true,"href":"https:\/\/yotavis.ch\/de\/wp-json\/wp\/v2\/product_cat?post=10815"},{"taxonomy":"product_tag","embeddable":true,"href":"https:\/\/yotavis.ch\/de\/wp-json\/wp\/v2\/product_tag?post=10815"}],"curies":[{"name":"wp","href":"https:\/\/api.w.org\/{rel}","templated":true}]}}