{"id":10816,"date":"2025-10-09T00:00:00","date_gmt":"2025-10-08T22:00:00","guid":{"rendered":"https:\/\/yotavis.ch\/product\/it6952b\/"},"modified":"2026-04-24T13:45:20","modified_gmt":"2026-04-24T11:45:20","slug":"it6952b","status":"publish","type":"product","link":"https:\/\/yotavis.ch\/de\/produkt\/it6952b\/","title":{"rendered":"IT6952B"},"content":{"rendered":"<p>Das IT6952B ist ein Gleichstromnetzteil mit einer maximalen Ausgangsspannung von 60 Volt und einer Stromkapazit\u00e4t von 25 Ampere, das bis zu 600 Watt Leistung liefert. Es verf\u00fcgt \u00fcber ein 2U-Half-Rack-Design, wodurch es sich f\u00fcr die Integration in Standard-Ger\u00e4te-Racks eignet. Dieses Modell verf\u00fcgt \u00fcber einen Ausgangskanal und unterst\u00fctzt eine Fernsteuerungsfunktion, die eine bequeme Bedienung aus der Ferne erm\u00f6glicht. Das Ger\u00e4t ist mit mehreren Standard-Kommunikationsschnittstellen ausgestattet, darunter RS232, USB, Analog und RS485, die vielseitige Anschlussm\u00f6glichkeiten bieten. Das von ITECH hergestellte IT6952B erf\u00fcllt mit seinen robusten Spezifikationen und flexiblen Steuerschnittstellen die unterschiedlichsten Anforderungen an die Stromversorgung.<\/p>","protected":false},"excerpt":{"rendered":"<p>DC-Netzteil 60V\/25A\/600W; 2U Halb-Rack;(Standard RS232\/USB\/analog\/RS485)<\/p>","protected":false},"featured_media":11577,"comment_status":"closed","ping_status":"closed","template":"","meta":{"_acf_changed":false,"slim_seo":{"title":"IT6952B - YOTAVIS AG","description":"DC-Netzteil 60V\/25A\/600W; 2U Halb-Rack;(Standard RS232\/USB\/analog\/RS485)"}},"product_brand":[822],"product_cat":[516,515],"product_tag":[],"class_list":{"0":"post-10816","1":"product","2":"type-product","3":"status-publish","4":"has-post-thumbnail","6":"product_brand-itech","7":"product_cat-dc-source-en","8":"product_cat-power-en","9":"pa_current-a-401","10":"pa_output-number-146","11":"pa_power-w-582","12":"pa_remote-control-yes","13":"pa_voltage-v-314","15":"first","16":"instock","17":"taxable","18":"shipping-taxable","19":"product-type-simple"},"acf":[],"_links":{"self":[{"href":"https:\/\/yotavis.ch\/de\/wp-json\/wp\/v2\/product\/10816","targetHints":{"allow":["GET"]}}],"collection":[{"href":"https:\/\/yotavis.ch\/de\/wp-json\/wp\/v2\/product"}],"about":[{"href":"https:\/\/yotavis.ch\/de\/wp-json\/wp\/v2\/types\/product"}],"replies":[{"embeddable":true,"href":"https:\/\/yotavis.ch\/de\/wp-json\/wp\/v2\/comments?post=10816"}],"wp:featuredmedia":[{"embeddable":true,"href":"https:\/\/yotavis.ch\/de\/wp-json\/wp\/v2\/media\/11577"}],"wp:attachment":[{"href":"https:\/\/yotavis.ch\/de\/wp-json\/wp\/v2\/media?parent=10816"}],"wp:term":[{"taxonomy":"product_brand","embeddable":true,"href":"https:\/\/yotavis.ch\/de\/wp-json\/wp\/v2\/product_brand?post=10816"},{"taxonomy":"product_cat","embeddable":true,"href":"https:\/\/yotavis.ch\/de\/wp-json\/wp\/v2\/product_cat?post=10816"},{"taxonomy":"product_tag","embeddable":true,"href":"https:\/\/yotavis.ch\/de\/wp-json\/wp\/v2\/product_tag?post=10816"}],"curies":[{"name":"wp","href":"https:\/\/api.w.org\/{rel}","templated":true}]}}