{"id":10817,"date":"2025-10-09T00:00:00","date_gmt":"2025-10-08T22:00:00","guid":{"rendered":"https:\/\/yotavis.ch\/product\/it6953b\/"},"modified":"2026-04-24T13:45:20","modified_gmt":"2026-04-24T11:45:20","slug":"it6953b","status":"publish","type":"product","link":"https:\/\/yotavis.ch\/de\/produkt\/it6953b\/","title":{"rendered":"IT6953B"},"content":{"rendered":"<p>Das IT6953B ist ein Gleichstromnetzteil mit einer maximalen Ausgangsspannung von 150 Volt und einer Stromkapazit\u00e4t von 10 Ampere, das bis zu 600 Watt Leistung liefert. Es verf\u00fcgt \u00fcber ein 2U-Half-Rack-Design, wodurch es sich f\u00fcr die Integration in Standard-Ger\u00e4te-Racks eignet. Dieses Modell verf\u00fcgt \u00fcber einen Ausgangskanal und unterst\u00fctzt eine Fernsteuerungsfunktion, die einen bequemen Betrieb aus der Ferne erm\u00f6glicht. Zu den Anschlussm\u00f6glichkeiten geh\u00f6ren standardm\u00e4\u00dfige RS232-, USB-, Analog- und RS485-Schnittstellen, die vielseitige Kommunikationsmethoden f\u00fcr verschiedene Anwendungen bieten. Das Netzteil ist auf die Bed\u00fcrfnisse von Anwendern zugeschnitten, die eine pr\u00e4zise und zuverl\u00e4ssige DC-Stromversorgung ben\u00f6tigen. Seine Konfiguration unterst\u00fctzt eine effiziente Energieverwaltung und -steuerung in Labor- oder Industrieumgebungen. Die Kombination aus Nennleistung und Schnittstellenoptionen macht es anpassungsf\u00e4hig f\u00fcr verschiedene Test- und Betriebsszenarien.<\/p>","protected":false},"excerpt":{"rendered":"<p>DC-Netzteil 150V\/10A\/600W; 2U Halb-Rack; (Standard RS232\/USB\/analog\/RS485)<\/p>","protected":false},"featured_media":11577,"comment_status":"closed","ping_status":"closed","template":"","meta":{"_acf_changed":false,"slim_seo":{"title":"IT6953B - YOTAVIS AG","description":"DC-Netzteil 150V\/10A\/600W; 2U Halb-Rack; (Standard RS232\/USB\/analog\/RS485)"}},"product_brand":[822],"product_cat":[516,515],"product_tag":[],"class_list":{"0":"post-10817","1":"product","2":"type-product","3":"status-publish","4":"has-post-thumbnail","6":"product_brand-itech","7":"product_cat-dc-source-en","8":"product_cat-power-en","9":"pa_current-a-397","10":"pa_output-number-146","11":"pa_power-w-582","12":"pa_remote-control-yes","13":"pa_voltage-v-150","15":"first","16":"instock","17":"taxable","18":"shipping-taxable","19":"product-type-simple"},"acf":[],"_links":{"self":[{"href":"https:\/\/yotavis.ch\/de\/wp-json\/wp\/v2\/product\/10817","targetHints":{"allow":["GET"]}}],"collection":[{"href":"https:\/\/yotavis.ch\/de\/wp-json\/wp\/v2\/product"}],"about":[{"href":"https:\/\/yotavis.ch\/de\/wp-json\/wp\/v2\/types\/product"}],"replies":[{"embeddable":true,"href":"https:\/\/yotavis.ch\/de\/wp-json\/wp\/v2\/comments?post=10817"}],"wp:featuredmedia":[{"embeddable":true,"href":"https:\/\/yotavis.ch\/de\/wp-json\/wp\/v2\/media\/11577"}],"wp:attachment":[{"href":"https:\/\/yotavis.ch\/de\/wp-json\/wp\/v2\/media?parent=10817"}],"wp:term":[{"taxonomy":"product_brand","embeddable":true,"href":"https:\/\/yotavis.ch\/de\/wp-json\/wp\/v2\/product_brand?post=10817"},{"taxonomy":"product_cat","embeddable":true,"href":"https:\/\/yotavis.ch\/de\/wp-json\/wp\/v2\/product_cat?post=10817"},{"taxonomy":"product_tag","embeddable":true,"href":"https:\/\/yotavis.ch\/de\/wp-json\/wp\/v2\/product_tag?post=10817"}],"curies":[{"name":"wp","href":"https:\/\/api.w.org\/{rel}","templated":true}]}}