{"id":10818,"date":"2025-10-09T00:00:00","date_gmt":"2025-10-08T22:00:00","guid":{"rendered":"https:\/\/yotavis.ch\/product\/it-n6952\/"},"modified":"2026-04-24T13:45:21","modified_gmt":"2026-04-24T11:45:21","slug":"it-n6952","status":"publish","type":"product","link":"https:\/\/yotavis.ch\/de\/produkt\/it-n6952\/","title":{"rendered":"IT-N6952"},"content":{"rendered":"<p>Das IT-N6952 ist ein Gleichstromnetzteil mit einer maximalen Ausgangsspannung von 60 V und einer Stromkapazit\u00e4t von 25 A, das \u00fcber einen einzigen Ausgangskanal eine Leistung von bis zu 850 W liefert. Es unterst\u00fctzt die Fernsteuerungsfunktionalit\u00e4t und erm\u00f6glicht so eine bequeme Bedienung aus der Ferne. Das Ger\u00e4t verf\u00fcgt \u00fcber Standard-USB- und LAN-Schnittstellen f\u00fcr die Konnektivit\u00e4t, wobei optionale RS232- und Analogschnittstellen \u00fcber das IT-E177-Modul verf\u00fcgbar sind. Zus\u00e4tzlich kann eine optionale GPIB-Schnittstelle \u00fcber das Modul IT-E176 integriert werden. Dieses Netzteil ist f\u00fcr eine zuverl\u00e4ssige und pr\u00e4zise Stromversorgung f\u00fcr verschiedene Anwendungen ausgelegt, die einen stabilen Gleichstromausgang erfordern. Die Kombination mehrerer Schnittstellenoptionen erh\u00f6ht die Vielseitigkeit des Ger\u00e4ts in verschiedenen Test- und Betriebsumgebungen. Aufgrund seiner Spezifikationen eignet sich das Ger\u00e4t f\u00fcr Aufgaben, die kontrollierte Spannungs- und Stromeinstellungen innerhalb der angegebenen Grenzen erfordern.<\/p>","protected":false},"excerpt":{"rendered":"<p>60V\/25A\/850W DC power supply, Standard: USB\/LAN , optional RS232&#038; analog (IT-E177),  optional GPIB (IT-E176)<\/p>","protected":false},"featured_media":11847,"comment_status":"closed","ping_status":"closed","template":"","meta":{"_acf_changed":false,"slim_seo":{"title":"IT-N6952 - YOTAVIS AG","description":"60V\/25A\/850W DC power supply, Standard: USB\/LAN , optional RS232& analog (IT-E177), optional GPIB (IT-E176)"}},"product_brand":[822],"product_cat":[516,515],"product_tag":[],"class_list":{"0":"post-10818","1":"product","2":"type-product","3":"status-publish","4":"has-post-thumbnail","6":"product_brand-itech","7":"product_cat-dc-source-en","8":"product_cat-power-en","9":"pa_current-a-401","10":"pa_output-number-146","11":"pa_power-w-916","12":"pa_remote-control-yes","13":"pa_voltage-v-314","15":"first","16":"instock","17":"taxable","18":"shipping-taxable","19":"product-type-simple"},"acf":[],"_links":{"self":[{"href":"https:\/\/yotavis.ch\/de\/wp-json\/wp\/v2\/product\/10818","targetHints":{"allow":["GET"]}}],"collection":[{"href":"https:\/\/yotavis.ch\/de\/wp-json\/wp\/v2\/product"}],"about":[{"href":"https:\/\/yotavis.ch\/de\/wp-json\/wp\/v2\/types\/product"}],"replies":[{"embeddable":true,"href":"https:\/\/yotavis.ch\/de\/wp-json\/wp\/v2\/comments?post=10818"}],"wp:featuredmedia":[{"embeddable":true,"href":"https:\/\/yotavis.ch\/de\/wp-json\/wp\/v2\/media\/11847"}],"wp:attachment":[{"href":"https:\/\/yotavis.ch\/de\/wp-json\/wp\/v2\/media?parent=10818"}],"wp:term":[{"taxonomy":"product_brand","embeddable":true,"href":"https:\/\/yotavis.ch\/de\/wp-json\/wp\/v2\/product_brand?post=10818"},{"taxonomy":"product_cat","embeddable":true,"href":"https:\/\/yotavis.ch\/de\/wp-json\/wp\/v2\/product_cat?post=10818"},{"taxonomy":"product_tag","embeddable":true,"href":"https:\/\/yotavis.ch\/de\/wp-json\/wp\/v2\/product_tag?post=10818"}],"curies":[{"name":"wp","href":"https:\/\/api.w.org\/{rel}","templated":true}]}}