{"id":10819,"date":"2025-10-09T00:00:00","date_gmt":"2025-10-08T22:00:00","guid":{"rendered":"https:\/\/yotavis.ch\/product\/it-n6953\/"},"modified":"2026-04-24T13:45:21","modified_gmt":"2026-04-24T11:45:21","slug":"it-n6953","status":"publish","type":"product","link":"https:\/\/yotavis.ch\/de\/produkt\/it-n6953\/","title":{"rendered":"IT-N6953"},"content":{"rendered":"<p>Das IT-N6953 ist ein Gleichstromnetzteil mit einer maximalen Ausgangsleistung von 60 Volt und 25 Ampere, das eine Leistung von bis zu 1500 Watt liefert. Es verf\u00fcgt \u00fcber einen einzigen Ausgangskanal und unterst\u00fctzt Fernsteuerungsfunktionen. Das Ger\u00e4t verf\u00fcgt \u00fcber Standard-USB- und LAN-Schnittstellen f\u00fcr die Konnektivit\u00e4t, wobei optionale RS232- und Analogschnittstellen \u00fcber das Modul IT-E177 verf\u00fcgbar sind. Zus\u00e4tzlich kann eine optionale GPIB-Schnittstelle \u00fcber das Modul IT-E176 hinzugef\u00fcgt werden. Dieses Netzteil ist f\u00fcr eine zuverl\u00e4ssige und pr\u00e4zise Stromversorgung f\u00fcr verschiedene Anwendungen ausgelegt, die kontrollierte Spannungs- und Strompegel erfordern. Die Kombination aus Standard- und optionalen Kommunikationsschnittstellen erm\u00f6glicht eine flexible Integration in verschiedene Pr\u00fcf- und Automatisierungsumgebungen. Die Spezifikationen des Ger\u00e4ts eignen sich f\u00fcr Aufgaben, die eine stabile und einstellbare Gleichstromleistung erfordern.<\/p>","protected":false},"excerpt":{"rendered":"<p>60V\/25A\/1500W DC power supply, Standard: USB\/LAN , optional RS232&#038; analog (IT-E177),  optional GPIB (IT-E176)<\/p>","protected":false},"featured_media":11847,"comment_status":"closed","ping_status":"closed","template":"","meta":{"_acf_changed":false,"slim_seo":{"title":"IT-N6953 - YOTAVIS AG","description":"60V\/25A\/1500W DC power supply, Standard: USB\/LAN , optional RS232& analog (IT-E177), optional GPIB (IT-E176)"}},"product_brand":[822],"product_cat":[516,515],"product_tag":[],"class_list":{"0":"post-10819","1":"product","2":"type-product","3":"status-publish","4":"has-post-thumbnail","6":"product_brand-itech","7":"product_cat-dc-source-en","8":"product_cat-power-en","9":"pa_current-a-401","10":"pa_output-number-146","11":"pa_power-w-400","12":"pa_remote-control-yes","13":"pa_voltage-v-314","15":"first","16":"instock","17":"taxable","18":"shipping-taxable","19":"product-type-simple"},"acf":[],"_links":{"self":[{"href":"https:\/\/yotavis.ch\/de\/wp-json\/wp\/v2\/product\/10819","targetHints":{"allow":["GET"]}}],"collection":[{"href":"https:\/\/yotavis.ch\/de\/wp-json\/wp\/v2\/product"}],"about":[{"href":"https:\/\/yotavis.ch\/de\/wp-json\/wp\/v2\/types\/product"}],"replies":[{"embeddable":true,"href":"https:\/\/yotavis.ch\/de\/wp-json\/wp\/v2\/comments?post=10819"}],"wp:featuredmedia":[{"embeddable":true,"href":"https:\/\/yotavis.ch\/de\/wp-json\/wp\/v2\/media\/11847"}],"wp:attachment":[{"href":"https:\/\/yotavis.ch\/de\/wp-json\/wp\/v2\/media?parent=10819"}],"wp:term":[{"taxonomy":"product_brand","embeddable":true,"href":"https:\/\/yotavis.ch\/de\/wp-json\/wp\/v2\/product_brand?post=10819"},{"taxonomy":"product_cat","embeddable":true,"href":"https:\/\/yotavis.ch\/de\/wp-json\/wp\/v2\/product_cat?post=10819"},{"taxonomy":"product_tag","embeddable":true,"href":"https:\/\/yotavis.ch\/de\/wp-json\/wp\/v2\/product_tag?post=10819"}],"curies":[{"name":"wp","href":"https:\/\/api.w.org\/{rel}","templated":true}]}}