{"id":10820,"date":"2025-10-09T00:00:00","date_gmt":"2025-10-08T22:00:00","guid":{"rendered":"https:\/\/yotavis.ch\/product\/it-n6962\/"},"modified":"2026-04-24T13:45:21","modified_gmt":"2026-04-24T11:45:21","slug":"it-n6962","status":"publish","type":"product","link":"https:\/\/yotavis.ch\/de\/produkt\/it-n6962\/","title":{"rendered":"IT-N6962"},"content":{"rendered":"<p>Das IT-N6962 ist ein Gleichstromnetzteil mit einer maximalen Ausgangsspannung von 150 V und einer Stromkapazit\u00e4t von 10 A, das \u00fcber einen einzigen Ausgangskanal eine Leistung von bis zu 850 W liefert. Es unterst\u00fctzt die Fernsteuerungsfunktionalit\u00e4t und erm\u00f6glicht so eine bequeme Bedienung und Integration in automatisierte Systeme. Das Ger\u00e4t verf\u00fcgt \u00fcber Standard-USB- und LAN-Schnittstellen f\u00fcr die Konnektivit\u00e4t, wobei optionale RS232- und Analogschnittstellen \u00fcber das IT-E177-Modul verf\u00fcgbar sind. Zus\u00e4tzlich kann mit dem Modul IT-E176 eine optionale GPIB-Schnittstelle hinzugef\u00fcgt werden, die die Kompatibilit\u00e4t mit verschiedenen Steuerungssystemen erweitert. Dieses Netzteil ist f\u00fcr die Bereitstellung einer stabilen und zuverl\u00e4ssigen Gleichstromversorgung f\u00fcr eine Reihe von Anwendungen ausgelegt, die eine pr\u00e4zise Spannungs- und Stromregelung erfordern. Durch die Kombination mehrerer Schnittstellenoptionen und Fernsteuerungsm\u00f6glichkeiten eignet es sich f\u00fcr den Einsatz in Labor-, Industrie- und Pr\u00fcfumgebungen, in denen flexible Anschluss- und Steuerungsm\u00f6glichkeiten unerl\u00e4sslich sind.<\/p>","protected":false},"excerpt":{"rendered":"<p>150V\/10A\/850W DC power supply, Standard: USB\/LAN , optional RS232&#038; analog (IT-E177),  optional GPIB (IT-E176)<\/p>","protected":false},"featured_media":11847,"comment_status":"closed","ping_status":"closed","template":"","meta":{"_acf_changed":false,"slim_seo":{"title":"IT-N6962 - YOTAVIS AG","description":"150V\/10A\/850W DC power supply, Standard: USB\/LAN , optional RS232& analog (IT-E177), optional GPIB (IT-E176)"}},"product_brand":[822],"product_cat":[516,515],"product_tag":[],"class_list":{"0":"post-10820","1":"product","2":"type-product","3":"status-publish","4":"has-post-thumbnail","6":"product_brand-itech","7":"product_cat-dc-source-en","8":"product_cat-power-en","9":"pa_current-a-397","10":"pa_output-number-146","11":"pa_power-w-916","12":"pa_remote-control-yes","13":"pa_voltage-v-150","15":"first","16":"instock","17":"taxable","18":"shipping-taxable","19":"product-type-simple"},"acf":[],"_links":{"self":[{"href":"https:\/\/yotavis.ch\/de\/wp-json\/wp\/v2\/product\/10820","targetHints":{"allow":["GET"]}}],"collection":[{"href":"https:\/\/yotavis.ch\/de\/wp-json\/wp\/v2\/product"}],"about":[{"href":"https:\/\/yotavis.ch\/de\/wp-json\/wp\/v2\/types\/product"}],"replies":[{"embeddable":true,"href":"https:\/\/yotavis.ch\/de\/wp-json\/wp\/v2\/comments?post=10820"}],"wp:featuredmedia":[{"embeddable":true,"href":"https:\/\/yotavis.ch\/de\/wp-json\/wp\/v2\/media\/11847"}],"wp:attachment":[{"href":"https:\/\/yotavis.ch\/de\/wp-json\/wp\/v2\/media?parent=10820"}],"wp:term":[{"taxonomy":"product_brand","embeddable":true,"href":"https:\/\/yotavis.ch\/de\/wp-json\/wp\/v2\/product_brand?post=10820"},{"taxonomy":"product_cat","embeddable":true,"href":"https:\/\/yotavis.ch\/de\/wp-json\/wp\/v2\/product_cat?post=10820"},{"taxonomy":"product_tag","embeddable":true,"href":"https:\/\/yotavis.ch\/de\/wp-json\/wp\/v2\/product_tag?post=10820"}],"curies":[{"name":"wp","href":"https:\/\/api.w.org\/{rel}","templated":true}]}}