{"id":10822,"date":"2025-10-09T00:00:00","date_gmt":"2025-10-08T22:00:00","guid":{"rendered":"https:\/\/yotavis.ch\/product\/it8615\/"},"modified":"2026-04-24T13:45:22","modified_gmt":"2026-04-24T11:45:22","slug":"it8615","status":"publish","type":"product","link":"https:\/\/yotavis.ch\/de\/produkt\/it8615\/","title":{"rendered":"IT8615"},"content":{"rendered":"<p>Die ITECH IT8615 ist eine elektronische AC\/DC-Last, die Spannungen von 50 bis 420 Vrms und Str\u00f6me bis zu 20 Arms verarbeiten kann, mit einer maximalen Nennleistung von 1800 VA. Das Ger\u00e4t hat ein 3U-Geh\u00e4use und verf\u00fcgt \u00fcber Standard-Kommunikationsschnittstellen wie RS232, USB und LAN sowie einen USB-Anschluss auf der Vorderseite f\u00fcr bequeme Verbindungen. Dieses Ger\u00e4t unterst\u00fctzt die Fernsteuerungsfunktionalit\u00e4t, was einen flexiblen Betrieb in verschiedenen Testumgebungen erm\u00f6glicht. Das IT8615 arbeitet mit einer maximalen Frequenz von 450 Hz und bietet einen einzigen Ausgangskanal. Sein Design eignet sich f\u00fcr eine breite Palette von Anwendungen, die pr\u00e4zise Lasttests mit hoher Leistungskapazit\u00e4t erfordern. Durch die Kombination mehrerer Schnittstellenoptionen und die M\u00f6glichkeit der Fernsteuerung eignet sich das Ger\u00e4t f\u00fcr die Integration in automatisierte Pr\u00fcfsysteme. Die robusten Spezifikationen des Ger\u00e4ts stellen sicher, dass es anspruchsvolle elektrische Lasten effizient verarbeiten kann.<\/p>","protected":false},"excerpt":{"rendered":"<p>AC\/DC E-load 50~420Vrms\/0~20Arms\/1800VA; 3U size  (Standard RS232\/USB\/LAN and front panel USB port)<\/p>","protected":false},"featured_media":11853,"comment_status":"closed","ping_status":"closed","template":"","meta":{"_acf_changed":false,"slim_seo":{"title":"IT8615 - YOTAVIS AG","description":"AC\/DC E-Last 50~420Vrms\/0~20Arms\/1800VA; 3U-Gr\u00f6\u00dfe (Standard RS232\/USB\/LAN und USB-Anschluss an der Frontplatte)"}},"product_brand":[822],"product_cat":[823,515],"product_tag":[],"class_list":{"0":"post-10822","1":"product","2":"type-product","3":"status-publish","4":"has-post-thumbnail","6":"product_brand-itech","7":"product_cat-ac-dc-load-en","8":"product_cat-power-en","9":"pa_current-a-552","10":"pa_max-frequency-hz-1037","11":"pa_output-number-146","12":"pa_power-w-963","13":"pa_remote-control-yes","14":"pa_voltage-v-973","16":"first","17":"instock","18":"taxable","19":"shipping-taxable","20":"product-type-simple"},"acf":[],"_links":{"self":[{"href":"https:\/\/yotavis.ch\/de\/wp-json\/wp\/v2\/product\/10822","targetHints":{"allow":["GET"]}}],"collection":[{"href":"https:\/\/yotavis.ch\/de\/wp-json\/wp\/v2\/product"}],"about":[{"href":"https:\/\/yotavis.ch\/de\/wp-json\/wp\/v2\/types\/product"}],"replies":[{"embeddable":true,"href":"https:\/\/yotavis.ch\/de\/wp-json\/wp\/v2\/comments?post=10822"}],"wp:featuredmedia":[{"embeddable":true,"href":"https:\/\/yotavis.ch\/de\/wp-json\/wp\/v2\/media\/11853"}],"wp:attachment":[{"href":"https:\/\/yotavis.ch\/de\/wp-json\/wp\/v2\/media?parent=10822"}],"wp:term":[{"taxonomy":"product_brand","embeddable":true,"href":"https:\/\/yotavis.ch\/de\/wp-json\/wp\/v2\/product_brand?post=10822"},{"taxonomy":"product_cat","embeddable":true,"href":"https:\/\/yotavis.ch\/de\/wp-json\/wp\/v2\/product_cat?post=10822"},{"taxonomy":"product_tag","embeddable":true,"href":"https:\/\/yotavis.ch\/de\/wp-json\/wp\/v2\/product_tag?post=10822"}],"curies":[{"name":"wp","href":"https:\/\/api.w.org\/{rel}","templated":true}]}}