{"id":10861,"date":"2025-10-09T00:00:00","date_gmt":"2025-10-08T22:00:00","guid":{"rendered":"https:\/\/yotavis.ch\/product\/it8812\/"},"modified":"2026-04-24T13:45:40","modified_gmt":"2026-04-24T11:45:40","slug":"it8812","status":"publish","type":"product","link":"https:\/\/yotavis.ch\/de\/produkt\/it8812\/","title":{"rendered":"IT8812"},"content":{"rendered":"<p>Der IT8812 ist eine elektronische DC-Last, die f\u00fcr den Betrieb mit 120 Volt und 30 Ampere ausgelegt ist und eine maximale Leistung von 250 Watt liefert. Sie verf\u00fcgt \u00fcber einen 2U-Half-Rack-Formfaktor und unterst\u00fctzt standardm\u00e4\u00dfige RS232- und USB-Schnittstellen f\u00fcr die Konnektivit\u00e4t. Dieses Modell verf\u00fcgt \u00fcber einen einzigen Ausgangskanal und bietet Fernsteuerungsfunktionen, die einen bequemen Betrieb aus der Ferne erm\u00f6glichen. Das Ger\u00e4t ist so konstruiert, dass es Gleichstromlasten innerhalb seiner spezifizierten Spannungs- und Stromgrenzen effizient handhaben kann. Sein Design eignet sich f\u00fcr die Integration in verschiedene Pr\u00fcf- und Messaufbauten, bei denen eine pr\u00e4zise Laststeuerung erforderlich ist. Die Kombination aus Nennleistung und Steuerungsoptionen macht ihn zu einem vielseitigen Werkzeug f\u00fcr Anwendungen mit Gleichstromquellen. Der IT8812 ist eine zuverl\u00e4ssige L\u00f6sung f\u00fcr die Verwaltung und Simulation elektrischer Lasten in einer kontrollierten Umgebung.<\/p>","protected":false},"excerpt":{"rendered":"<p>DC E-Last 120V\/30A\/250W; 2U Halb-Rack (Standard RS232\/USB)<\/p>","protected":false},"featured_media":11918,"comment_status":"closed","ping_status":"closed","template":"","meta":{"_acf_changed":false,"slim_seo":{"title":"IT8812 - YOTAVIS AG","description":"DC E-Last 120V\/30A\/250W; 2U Halb-Rack (Standard RS232\/USB)"}},"product_brand":[822],"product_cat":[517,515],"product_tag":[],"class_list":{"0":"post-10861","1":"product","2":"type-product","3":"status-publish","4":"has-post-thumbnail","6":"product_brand-itech","7":"product_cat-dc-load-en","8":"product_cat-power-en","9":"pa_current-a-404","10":"pa_output-number-146","11":"pa_power-w-980","12":"pa_remote-control-yes","13":"pa_voltage-v-979","15":"first","16":"instock","17":"taxable","18":"shipping-taxable","19":"product-type-simple"},"acf":[],"_links":{"self":[{"href":"https:\/\/yotavis.ch\/de\/wp-json\/wp\/v2\/product\/10861","targetHints":{"allow":["GET"]}}],"collection":[{"href":"https:\/\/yotavis.ch\/de\/wp-json\/wp\/v2\/product"}],"about":[{"href":"https:\/\/yotavis.ch\/de\/wp-json\/wp\/v2\/types\/product"}],"replies":[{"embeddable":true,"href":"https:\/\/yotavis.ch\/de\/wp-json\/wp\/v2\/comments?post=10861"}],"wp:featuredmedia":[{"embeddable":true,"href":"https:\/\/yotavis.ch\/de\/wp-json\/wp\/v2\/media\/11918"}],"wp:attachment":[{"href":"https:\/\/yotavis.ch\/de\/wp-json\/wp\/v2\/media?parent=10861"}],"wp:term":[{"taxonomy":"product_brand","embeddable":true,"href":"https:\/\/yotavis.ch\/de\/wp-json\/wp\/v2\/product_brand?post=10861"},{"taxonomy":"product_cat","embeddable":true,"href":"https:\/\/yotavis.ch\/de\/wp-json\/wp\/v2\/product_cat?post=10861"},{"taxonomy":"product_tag","embeddable":true,"href":"https:\/\/yotavis.ch\/de\/wp-json\/wp\/v2\/product_tag?post=10861"}],"curies":[{"name":"wp","href":"https:\/\/api.w.org\/{rel}","templated":true}]}}