{"id":10863,"date":"2025-10-09T00:00:00","date_gmt":"2025-10-08T22:00:00","guid":{"rendered":"https:\/\/yotavis.ch\/product\/it8813\/"},"modified":"2026-04-24T13:45:41","modified_gmt":"2026-04-24T11:45:41","slug":"it8813","status":"publish","type":"product","link":"https:\/\/yotavis.ch\/de\/produkt\/it8813\/","title":{"rendered":"IT8813"},"content":{"rendered":"<p>Der IT8813 ist eine elektronische DC-Last, die f\u00fcr den Betrieb mit 120 Volt und 60 Ampere ausgelegt ist und eine maximale Leistung von 750 Watt liefert. Sie verf\u00fcgt \u00fcber einen 3U-Formfaktor und unterst\u00fctzt standardm\u00e4\u00dfige RS232- und USB-Schnittstellen f\u00fcr die Konnektivit\u00e4t. Dieses Modell verf\u00fcgt \u00fcber einen Ausgangskanal und bietet Fernsteuerungsm\u00f6glichkeiten, was einen flexiblen Betrieb in verschiedenen Testumgebungen erm\u00f6glicht. Das Ger\u00e4t wird von ITECH hergestellt, einer Marke, die f\u00fcr ihre elektronischen Pr\u00fcfger\u00e4te bekannt ist. Das IT8813 eignet sich f\u00fcr Anwendungen, die pr\u00e4zise Lasttests mit einer zuverl\u00e4ssigen Nennleistung erfordern. Sein Design erm\u00f6glicht eine Standard-Rack-Montage, so dass es mit bestehenden Testaufbauten kompatibel ist. Die Kombination von Spannungs-, Strom- und Leistungsspezifikationen stellt sicher, dass es eine Reihe von DC-Lasttestszenarien effizient bew\u00e4ltigen kann.<\/p>","protected":false},"excerpt":{"rendered":"<p>DC E-Last 120V\/60A\/750W; 3U (Standard RS232\/USB)<\/p>","protected":false},"featured_media":11919,"comment_status":"closed","ping_status":"closed","template":"","meta":{"_acf_changed":false,"slim_seo":{"title":"IT8813 - YOTAVIS AG","description":"DC E-Last 120V\/60A\/750W; 3U (Standard RS232\/USB)"}},"product_brand":[822],"product_cat":[517,515],"product_tag":[],"class_list":{"0":"post-10863","1":"product","2":"type-product","3":"status-publish","4":"has-post-thumbnail","6":"product_brand-itech","7":"product_cat-dc-load-en","8":"product_cat-power-en","9":"pa_current-a-406","10":"pa_output-number-146","11":"pa_power-w-564","12":"pa_remote-control-yes","13":"pa_voltage-v-979","15":"first","16":"instock","17":"taxable","18":"shipping-taxable","19":"product-type-simple"},"acf":[],"_links":{"self":[{"href":"https:\/\/yotavis.ch\/de\/wp-json\/wp\/v2\/product\/10863","targetHints":{"allow":["GET"]}}],"collection":[{"href":"https:\/\/yotavis.ch\/de\/wp-json\/wp\/v2\/product"}],"about":[{"href":"https:\/\/yotavis.ch\/de\/wp-json\/wp\/v2\/types\/product"}],"replies":[{"embeddable":true,"href":"https:\/\/yotavis.ch\/de\/wp-json\/wp\/v2\/comments?post=10863"}],"wp:featuredmedia":[{"embeddable":true,"href":"https:\/\/yotavis.ch\/de\/wp-json\/wp\/v2\/media\/11919"}],"wp:attachment":[{"href":"https:\/\/yotavis.ch\/de\/wp-json\/wp\/v2\/media?parent=10863"}],"wp:term":[{"taxonomy":"product_brand","embeddable":true,"href":"https:\/\/yotavis.ch\/de\/wp-json\/wp\/v2\/product_brand?post=10863"},{"taxonomy":"product_cat","embeddable":true,"href":"https:\/\/yotavis.ch\/de\/wp-json\/wp\/v2\/product_cat?post=10863"},{"taxonomy":"product_tag","embeddable":true,"href":"https:\/\/yotavis.ch\/de\/wp-json\/wp\/v2\/product_tag?post=10863"}],"curies":[{"name":"wp","href":"https:\/\/api.w.org\/{rel}","templated":true}]}}