{"id":10864,"date":"2025-10-09T00:00:00","date_gmt":"2025-10-08T22:00:00","guid":{"rendered":"https:\/\/yotavis.ch\/product\/it8813c\/"},"modified":"2026-04-24T13:45:41","modified_gmt":"2026-04-24T11:45:41","slug":"it8813c","status":"publish","type":"product","link":"https:\/\/yotavis.ch\/de\/produkt\/it8813c\/","title":{"rendered":"IT8813C"},"content":{"rendered":"<p>Die ITECH IT8813C ist eine elektronische Gleichstromlast, die f\u00fcr eine maximale Spannung von 120 V und einen Strom von 120 A ausgelegt ist und eine Leistung von 750 W liefert. Sie verf\u00fcgt \u00fcber einen einzigen Ausgangskanal und unterst\u00fctzt die Fernsteuerungsfunktionalit\u00e4t, was einen bequemen Betrieb und die Integration in verschiedene Testaufbauten erm\u00f6glicht. Das Ger\u00e4t ist in einem 3U-Standardformfaktor untergebracht und eignet sich daher f\u00fcr die Rackmontage in professionellen Umgebungen. Zu den Anschlussm\u00f6glichkeiten geh\u00f6ren standardm\u00e4\u00dfige RS232- und USB-Schnittstellen, die die Kommunikation und Steuerung \u00fcber g\u00e4ngige Protokolle erleichtern. Diese elektronische Last wurde f\u00fcr anspruchsvolle DC-Lastanwendungen mit pr\u00e4ziser Steuerung der Spannungs- und Stromparameter entwickelt. Ihr Design unterst\u00fctzt eine effiziente Verlustleistung und zuverl\u00e4ssige Leistung unter Dauerlastbedingungen. Die Kombination aus Nennleistung, Spannung und Stromst\u00e4rke macht ihn zu einem vielseitigen Werkzeug f\u00fcr die Pr\u00fcfung von Netzteilen, Batterien und anderen Gleichstromquellen.<\/p>","protected":false},"excerpt":{"rendered":"<p>DC E-Last 120V\/120A\/750W; 3U (Standard RS232\/USB)<\/p>","protected":false},"featured_media":11919,"comment_status":"closed","ping_status":"closed","template":"","meta":{"_acf_changed":false,"slim_seo":{"title":"IT8813C - YOTAVIS AG","description":"DC E-Last 120V\/120A\/750W; 3U (Standard RS232\/USB)"}},"product_brand":[822],"product_cat":[517,515],"product_tag":[],"class_list":{"0":"post-10864","1":"product","2":"type-product","3":"status-publish","4":"has-post-thumbnail","6":"product_brand-itech","7":"product_cat-dc-load-en","8":"product_cat-power-en","9":"pa_current-a-559","10":"pa_output-number-146","11":"pa_power-w-564","12":"pa_remote-control-yes","13":"pa_voltage-v-979","15":"first","16":"instock","17":"taxable","18":"shipping-taxable","19":"product-type-simple"},"acf":[],"_links":{"self":[{"href":"https:\/\/yotavis.ch\/de\/wp-json\/wp\/v2\/product\/10864","targetHints":{"allow":["GET"]}}],"collection":[{"href":"https:\/\/yotavis.ch\/de\/wp-json\/wp\/v2\/product"}],"about":[{"href":"https:\/\/yotavis.ch\/de\/wp-json\/wp\/v2\/types\/product"}],"replies":[{"embeddable":true,"href":"https:\/\/yotavis.ch\/de\/wp-json\/wp\/v2\/comments?post=10864"}],"wp:featuredmedia":[{"embeddable":true,"href":"https:\/\/yotavis.ch\/de\/wp-json\/wp\/v2\/media\/11919"}],"wp:attachment":[{"href":"https:\/\/yotavis.ch\/de\/wp-json\/wp\/v2\/media?parent=10864"}],"wp:term":[{"taxonomy":"product_brand","embeddable":true,"href":"https:\/\/yotavis.ch\/de\/wp-json\/wp\/v2\/product_brand?post=10864"},{"taxonomy":"product_cat","embeddable":true,"href":"https:\/\/yotavis.ch\/de\/wp-json\/wp\/v2\/product_cat?post=10864"},{"taxonomy":"product_tag","embeddable":true,"href":"https:\/\/yotavis.ch\/de\/wp-json\/wp\/v2\/product_tag?post=10864"}],"curies":[{"name":"wp","href":"https:\/\/api.w.org\/{rel}","templated":true}]}}