{"id":10865,"date":"2025-10-09T00:00:00","date_gmt":"2025-10-08T22:00:00","guid":{"rendered":"https:\/\/yotavis.ch\/product\/it8813b\/"},"modified":"2026-04-24T13:45:42","modified_gmt":"2026-04-24T11:45:42","slug":"it8813b","status":"publish","type":"product","link":"https:\/\/yotavis.ch\/de\/produkt\/it8813b\/","title":{"rendered":"IT8813B"},"content":{"rendered":"<p>Die ITECH IT8813B ist eine elektronische Gleichstromlast, die f\u00fcr eine maximale Spannung von 500 Volt und einen Strom von bis zu 30 Ampere ausgelegt ist und eine Leistung von 750 Watt liefert. Sie verf\u00fcgt \u00fcber einen einzigen Ausgangskanal und unterst\u00fctzt eine Fernsteuerungsfunktion, die einen bequemen Betrieb aus der Ferne erm\u00f6glicht. Das Ger\u00e4t ist in einem 3U-Standardformfaktor untergebracht und eignet sich daher f\u00fcr die Integration in Rack-Setups. Zu den Anschlussm\u00f6glichkeiten geh\u00f6ren standardm\u00e4\u00dfige RS232- und USB-Schnittstellen, die die Kommunikation und Steuerung mit anderen Ger\u00e4ten oder Computersystemen erleichtern. Diese elektronische Last wurde entwickelt, um zuverl\u00e4ssige Leistung f\u00fcr Pr\u00fcf- und Messanwendungen zu bieten, die eine pr\u00e4zise Steuerung von Gleichstromlasten erfordern. Aufgrund ihrer Spezifikationen eignet sie sich f\u00fcr eine Reihe von Anwendungen, bei denen hohe Spannungs- und Strombelastbarkeit erforderlich ist. Die Kombination aus Nennleistung und Fernsteuerbarkeit unterst\u00fctzt vielseitige Pr\u00fcfszenarien, ohne die betriebliche Flexibilit\u00e4t zu beeintr\u00e4chtigen.<\/p>","protected":false},"excerpt":{"rendered":"<p>DC E-Last 500V\/30A\/750W; 3U (Standard RS232\/USB)<\/p>","protected":false},"featured_media":11919,"comment_status":"closed","ping_status":"closed","template":"","meta":{"_acf_changed":false,"slim_seo":{"title":"IT8813B - YOTAVIS AG","description":"DC E-Last 500V\/30A\/750W; 3U (Standard RS232\/USB)"}},"product_brand":[822],"product_cat":[517,515],"product_tag":[],"class_list":{"0":"post-10865","1":"product","2":"type-product","3":"status-publish","4":"has-post-thumbnail","6":"product_brand-itech","7":"product_cat-dc-load-en","8":"product_cat-power-en","9":"pa_current-a-404","10":"pa_output-number-146","11":"pa_power-w-564","12":"pa_remote-control-yes","13":"pa_voltage-v-604","15":"first","16":"instock","17":"taxable","18":"shipping-taxable","19":"product-type-simple"},"acf":[],"_links":{"self":[{"href":"https:\/\/yotavis.ch\/de\/wp-json\/wp\/v2\/product\/10865","targetHints":{"allow":["GET"]}}],"collection":[{"href":"https:\/\/yotavis.ch\/de\/wp-json\/wp\/v2\/product"}],"about":[{"href":"https:\/\/yotavis.ch\/de\/wp-json\/wp\/v2\/types\/product"}],"replies":[{"embeddable":true,"href":"https:\/\/yotavis.ch\/de\/wp-json\/wp\/v2\/comments?post=10865"}],"wp:featuredmedia":[{"embeddable":true,"href":"https:\/\/yotavis.ch\/de\/wp-json\/wp\/v2\/media\/11919"}],"wp:attachment":[{"href":"https:\/\/yotavis.ch\/de\/wp-json\/wp\/v2\/media?parent=10865"}],"wp:term":[{"taxonomy":"product_brand","embeddable":true,"href":"https:\/\/yotavis.ch\/de\/wp-json\/wp\/v2\/product_brand?post=10865"},{"taxonomy":"product_cat","embeddable":true,"href":"https:\/\/yotavis.ch\/de\/wp-json\/wp\/v2\/product_cat?post=10865"},{"taxonomy":"product_tag","embeddable":true,"href":"https:\/\/yotavis.ch\/de\/wp-json\/wp\/v2\/product_tag?post=10865"}],"curies":[{"name":"wp","href":"https:\/\/api.w.org\/{rel}","templated":true}]}}