{"id":10868,"date":"2025-10-09T00:00:00","date_gmt":"2025-10-08T22:00:00","guid":{"rendered":"https:\/\/yotavis.ch\/product\/it8814b\/"},"modified":"2026-04-24T13:45:45","modified_gmt":"2026-04-24T11:45:45","slug":"it8814b","status":"publish","type":"product","link":"https:\/\/yotavis.ch\/de\/produkt\/it8814b\/","title":{"rendered":"IT8814B"},"content":{"rendered":"<p>Der IT8814B ist eine elektronische DC-Last, die bis zu 500 Volt und 60 Ampere bei einer maximalen Leistung von 1200 Watt verarbeiten kann. Sie verf\u00fcgt \u00fcber einen 3U-Formfaktor und unterst\u00fctzt standardm\u00e4\u00dfige RS232- und USB-Schnittstellen f\u00fcr die Konnektivit\u00e4t. Dieses Modell umfasst einen Ausgangskanal und bietet eine Fernsteuerungsfunktion, die einen flexiblen Betrieb in verschiedenen Testumgebungen erm\u00f6glicht. Das Ger\u00e4t ist f\u00fcr die effiziente Verwaltung hoher Leistungslasten ausgelegt und eignet sich daher f\u00fcr Anwendungen, die eine pr\u00e4zise Strom- und Spannungsregelung erfordern. Seine robusten Spezifikationen gew\u00e4hrleisten eine zuverl\u00e4ssige Leistung unter anspruchsvollen Bedingungen. Die RS232- und USB-Schnittstellen erm\u00f6glichen eine einfache Integration mit anderen Ger\u00e4ten und Computersystemen f\u00fcr automatisierte Tests und Datenerfassung. Der IT8814B kombiniert hohe Spannungs- und Stromf\u00e4higkeiten mit praktischen Steuerungsoptionen in einem kompakten 3U-Geh\u00e4use.<\/p>","protected":false},"excerpt":{"rendered":"<p>DC E-Last 500V\/60A\/1200W; 3U (Standard RS232\/USB)<\/p>","protected":false},"featured_media":11919,"comment_status":"closed","ping_status":"closed","template":"","meta":{"_acf_changed":false,"slim_seo":{"title":"IT8814B - YOTAVIS AG","description":"DC E-Last 500V\/60A\/1200W; 3U (Standard RS232\/USB)"}},"product_brand":[822],"product_cat":[517,515],"product_tag":[],"class_list":{"0":"post-10868","1":"product","2":"type-product","3":"status-publish","4":"has-post-thumbnail","6":"product_brand-itech","7":"product_cat-dc-load-en","8":"product_cat-power-en","9":"pa_current-a-406","10":"pa_output-number-146","11":"pa_power-w-479","12":"pa_remote-control-yes","13":"pa_voltage-v-604","15":"first","16":"instock","17":"taxable","18":"shipping-taxable","19":"product-type-simple"},"acf":[],"_links":{"self":[{"href":"https:\/\/yotavis.ch\/de\/wp-json\/wp\/v2\/product\/10868","targetHints":{"allow":["GET"]}}],"collection":[{"href":"https:\/\/yotavis.ch\/de\/wp-json\/wp\/v2\/product"}],"about":[{"href":"https:\/\/yotavis.ch\/de\/wp-json\/wp\/v2\/types\/product"}],"replies":[{"embeddable":true,"href":"https:\/\/yotavis.ch\/de\/wp-json\/wp\/v2\/comments?post=10868"}],"wp:featuredmedia":[{"embeddable":true,"href":"https:\/\/yotavis.ch\/de\/wp-json\/wp\/v2\/media\/11919"}],"wp:attachment":[{"href":"https:\/\/yotavis.ch\/de\/wp-json\/wp\/v2\/media?parent=10868"}],"wp:term":[{"taxonomy":"product_brand","embeddable":true,"href":"https:\/\/yotavis.ch\/de\/wp-json\/wp\/v2\/product_brand?post=10868"},{"taxonomy":"product_cat","embeddable":true,"href":"https:\/\/yotavis.ch\/de\/wp-json\/wp\/v2\/product_cat?post=10868"},{"taxonomy":"product_tag","embeddable":true,"href":"https:\/\/yotavis.ch\/de\/wp-json\/wp\/v2\/product_tag?post=10868"}],"curies":[{"name":"wp","href":"https:\/\/api.w.org\/{rel}","templated":true}]}}