{"id":10869,"date":"2025-10-09T00:00:00","date_gmt":"2025-10-08T22:00:00","guid":{"rendered":"https:\/\/yotavis.ch\/product\/it8816\/"},"modified":"2026-04-24T13:45:45","modified_gmt":"2026-04-24T11:45:45","slug":"it8816","status":"publish","type":"product","link":"https:\/\/yotavis.ch\/de\/produkt\/it8816\/","title":{"rendered":"IT8816"},"content":{"rendered":"<p>Die ITECH IT8816 ist eine elektronische Gleichstromlast, die f\u00fcr 120 Volt und einen maximalen Strom von 240 Ampere ausgelegt ist und eine Leistung von bis zu 3000 Watt liefert. Sie verf\u00fcgt \u00fcber einen einzigen Ausgangskanal und unterst\u00fctzt die Fernsteuerungsfunktionalit\u00e4t, was einen bequemen Betrieb und die Integration in automatisierte Testsysteme erm\u00f6glicht. Das Ger\u00e4t ist in einem 3U-Formfaktor untergebracht, der eine Standardgr\u00f6\u00dfe f\u00fcr rackmontierte Ger\u00e4te darstellt, und verf\u00fcgt \u00fcber standardm\u00e4\u00dfige RS232- und USB-Schnittstellen f\u00fcr die Kommunikation. Diese elektronische Last eignet sich f\u00fcr Anwendungen, die eine pr\u00e4zise und zuverl\u00e4ssige DC-Lastpr\u00fcfung innerhalb des angegebenen Spannungs- und Strombereichs erfordern. Die Kombination aus Nennleistung und Steuerungsoptionen macht sie anpassungsf\u00e4hig f\u00fcr verschiedene Pr\u00fcfszenarien, in denen eine genaue Lastsimulation erforderlich ist. Die Kompatibilit\u00e4t mit g\u00e4ngigen Steuerungsprotokollen und die einfache Handhabung in Labor- und Produktionsumgebungen stehen bei der Entwicklung im Vordergrund.<\/p>","protected":false},"excerpt":{"rendered":"<p>DC E-Last 120V\/240A\/3KW; 3U (Standard RS232\/USB)<\/p>","protected":false},"featured_media":11919,"comment_status":"closed","ping_status":"closed","template":"","meta":{"_acf_changed":false,"slim_seo":{"title":"IT8816 - YOTAVIS AG","description":"DC E-Last 120V\/240A\/3KW; 3U (Standard RS232\/USB)"}},"product_brand":[822],"product_cat":[517,515],"product_tag":[],"class_list":{"0":"post-10869","1":"product","2":"type-product","3":"status-publish","4":"has-post-thumbnail","6":"product_brand-itech","7":"product_cat-dc-load-en","8":"product_cat-power-en","9":"pa_current-a-634","10":"pa_output-number-146","11":"pa_power-w-632","12":"pa_remote-control-yes","13":"pa_voltage-v-979","15":"first","16":"instock","17":"taxable","18":"shipping-taxable","19":"product-type-simple"},"acf":[],"_links":{"self":[{"href":"https:\/\/yotavis.ch\/de\/wp-json\/wp\/v2\/product\/10869","targetHints":{"allow":["GET"]}}],"collection":[{"href":"https:\/\/yotavis.ch\/de\/wp-json\/wp\/v2\/product"}],"about":[{"href":"https:\/\/yotavis.ch\/de\/wp-json\/wp\/v2\/types\/product"}],"replies":[{"embeddable":true,"href":"https:\/\/yotavis.ch\/de\/wp-json\/wp\/v2\/comments?post=10869"}],"wp:featuredmedia":[{"embeddable":true,"href":"https:\/\/yotavis.ch\/de\/wp-json\/wp\/v2\/media\/11919"}],"wp:attachment":[{"href":"https:\/\/yotavis.ch\/de\/wp-json\/wp\/v2\/media?parent=10869"}],"wp:term":[{"taxonomy":"product_brand","embeddable":true,"href":"https:\/\/yotavis.ch\/de\/wp-json\/wp\/v2\/product_brand?post=10869"},{"taxonomy":"product_cat","embeddable":true,"href":"https:\/\/yotavis.ch\/de\/wp-json\/wp\/v2\/product_cat?post=10869"},{"taxonomy":"product_tag","embeddable":true,"href":"https:\/\/yotavis.ch\/de\/wp-json\/wp\/v2\/product_tag?post=10869"}],"curies":[{"name":"wp","href":"https:\/\/api.w.org\/{rel}","templated":true}]}}