{"id":10870,"date":"2025-10-09T00:00:00","date_gmt":"2025-10-08T22:00:00","guid":{"rendered":"https:\/\/yotavis.ch\/product\/it8816c\/"},"modified":"2026-04-24T13:45:45","modified_gmt":"2026-04-24T11:45:45","slug":"it8816c","status":"publish","type":"product","link":"https:\/\/yotavis.ch\/de\/produkt\/it8816c\/","title":{"rendered":"IT8816C"},"content":{"rendered":"<p>Die ITECH IT8816C ist eine elektronische Gleichstromlast, die f\u00fcr eine Spannung von 120 V und einen Strom von 480 A ausgelegt ist und eine maximale Ausgangsleistung von 3000 W liefert. Sie verf\u00fcgt \u00fcber einen einzigen Ausgangskanal und unterst\u00fctzt die Fernsteuerungsfunktionalit\u00e4t, was einen bequemen Betrieb und die Integration in automatisierte Testsysteme erm\u00f6glicht. Das Ger\u00e4t ist in einem 3U-Standardformfaktor untergebracht und eignet sich daher f\u00fcr die Rackmontage in verschiedenen Testumgebungen. Zu den Anschlussm\u00f6glichkeiten geh\u00f6ren standardm\u00e4\u00dfige RS232- und USB-Schnittstellen, die die Kommunikation und Steuerung erleichtern. Diese elektronische Last ist f\u00fcr hohe Str\u00f6me und Leistungen ausgelegt, so dass sie f\u00fcr die Pr\u00fcfung von Netzteilen, Batterien und anderen Gleichstromquellen geeignet ist. Die Kombination seiner Spannungs-, Strom- und Leistungsspezifikationen gew\u00e4hrleistet, dass er f\u00fcr eine Vielzahl von Testszenarien geeignet ist. Das IT8816C wird von ITECH hergestellt, einer Marke, die f\u00fcr die Herstellung elektronischer Testger\u00e4te bekannt ist.<\/p>","protected":false},"excerpt":{"rendered":"<p>DC E-Last 120V\/480A\/3kW; 3U (Standard RS232\/USB)<\/p>","protected":false},"featured_media":11919,"comment_status":"closed","ping_status":"closed","template":"","meta":{"_acf_changed":false,"slim_seo":{"title":"IT8816C - YOTAVIS AG","description":"DC E-Last 120V\/480A\/3kW; 3U (Standard RS232\/USB)"}},"product_brand":[822],"product_cat":[517,515],"product_tag":[],"class_list":{"0":"post-10870","1":"product","2":"type-product","3":"status-publish","4":"has-post-thumbnail","6":"product_brand-itech","7":"product_cat-dc-load-en","8":"product_cat-power-en","9":"pa_current-a-480","10":"pa_output-number-146","11":"pa_power-w-632","12":"pa_remote-control-yes","13":"pa_voltage-v-979","15":"first","16":"instock","17":"taxable","18":"shipping-taxable","19":"product-type-simple"},"acf":[],"_links":{"self":[{"href":"https:\/\/yotavis.ch\/de\/wp-json\/wp\/v2\/product\/10870","targetHints":{"allow":["GET"]}}],"collection":[{"href":"https:\/\/yotavis.ch\/de\/wp-json\/wp\/v2\/product"}],"about":[{"href":"https:\/\/yotavis.ch\/de\/wp-json\/wp\/v2\/types\/product"}],"replies":[{"embeddable":true,"href":"https:\/\/yotavis.ch\/de\/wp-json\/wp\/v2\/comments?post=10870"}],"wp:featuredmedia":[{"embeddable":true,"href":"https:\/\/yotavis.ch\/de\/wp-json\/wp\/v2\/media\/11919"}],"wp:attachment":[{"href":"https:\/\/yotavis.ch\/de\/wp-json\/wp\/v2\/media?parent=10870"}],"wp:term":[{"taxonomy":"product_brand","embeddable":true,"href":"https:\/\/yotavis.ch\/de\/wp-json\/wp\/v2\/product_brand?post=10870"},{"taxonomy":"product_cat","embeddable":true,"href":"https:\/\/yotavis.ch\/de\/wp-json\/wp\/v2\/product_cat?post=10870"},{"taxonomy":"product_tag","embeddable":true,"href":"https:\/\/yotavis.ch\/de\/wp-json\/wp\/v2\/product_tag?post=10870"}],"curies":[{"name":"wp","href":"https:\/\/api.w.org\/{rel}","templated":true}]}}