{"id":10878,"date":"2025-10-09T00:00:00","date_gmt":"2025-10-08T22:00:00","guid":{"rendered":"https:\/\/yotavis.ch\/product\/it8424-600-600\/"},"modified":"2026-04-24T13:45:48","modified_gmt":"2026-04-24T11:45:48","slug":"it8424-600-600","status":"publish","type":"product","link":"https:\/\/yotavis.ch\/de\/produkt\/it8424-600-600\/","title":{"rendered":"IT8424-600-600"},"content":{"rendered":"<p>Die ITECH IT8424-600-600 ist eine elektronische DC-Last, die f\u00fcr eine Spannung von bis zu 600 Volt und 600 Ampere ausgelegt ist und eine maximale Leistung von 24.000 Watt liefert. Sie hat ein 27U-Geh\u00e4use und verf\u00fcgt \u00fcber einen einzigen Ausgangskanal. Dieses Modell unterst\u00fctzt Fernsteuerungsfunktionen, die einen flexiblen Betrieb in verschiedenen Pr\u00fcfumgebungen erm\u00f6glichen. Die Anschlussm\u00f6glichkeiten sind umfassend und umfassen standardm\u00e4\u00dfige LAN-, USB-, RS232-, GPIB-, CAN- und Analogschnittstellen, um die Integration in verschiedene Systeme zu erleichtern. Das Ger\u00e4t ist so konzipiert, dass es auch bei anspruchsvollen Anwendungen mit hohen Spannungs- und Strombelastungen zuverl\u00e4ssig funktioniert. Sein Design unterst\u00fctzt eine pr\u00e4zise Steuerung und Messung, wodurch es sich f\u00fcr den Einsatz in Forschungs-, Entwicklungs- und Produktionstestszenarien eignet. Die Einbeziehung mehrerer Kommunikationsschnittstellen gew\u00e4hrleistet die Kompatibilit\u00e4t mit einer breiten Palette von Steuerungs- und \u00dcberwachungseinrichtungen, was seine Vielseitigkeit in professionellen Umgebungen erh\u00f6ht.<\/p>","protected":false},"excerpt":{"rendered":"<p>DC E-Last 600V\/600A\/24kW, 27U Gr\u00f6\u00dfe, Standard LAN, USB, RS232, GPIB, CAN und analoge Schnittstelle<\/p>","protected":false},"featured_media":12382,"comment_status":"closed","ping_status":"closed","template":"","meta":{"_acf_changed":false,"slim_seo":{"title":"IT8424-600-600 - YOTAVIS AG","description":"DC E-Last 600V\/600A\/24kW, 27U Gr\u00f6\u00dfe, Standard LAN, USB, RS232, GPIB, CAN und analoge Schnittstelle"}},"product_brand":[822],"product_cat":[517,515],"product_tag":[],"class_list":{"0":"post-10878","1":"product","2":"type-product","3":"status-publish","4":"has-post-thumbnail","6":"product_brand-itech","7":"product_cat-dc-load-en","8":"product_cat-power-en","9":"pa_current-a-0-25","10":"pa_output-number-146","11":"pa_power-w-633","12":"pa_remote-control-yes","13":"pa_voltage-v-920","15":"first","16":"instock","17":"taxable","18":"shipping-taxable","19":"product-type-simple"},"acf":[],"_links":{"self":[{"href":"https:\/\/yotavis.ch\/de\/wp-json\/wp\/v2\/product\/10878","targetHints":{"allow":["GET"]}}],"collection":[{"href":"https:\/\/yotavis.ch\/de\/wp-json\/wp\/v2\/product"}],"about":[{"href":"https:\/\/yotavis.ch\/de\/wp-json\/wp\/v2\/types\/product"}],"replies":[{"embeddable":true,"href":"https:\/\/yotavis.ch\/de\/wp-json\/wp\/v2\/comments?post=10878"}],"wp:featuredmedia":[{"embeddable":true,"href":"https:\/\/yotavis.ch\/de\/wp-json\/wp\/v2\/media\/12382"}],"wp:attachment":[{"href":"https:\/\/yotavis.ch\/de\/wp-json\/wp\/v2\/media?parent=10878"}],"wp:term":[{"taxonomy":"product_brand","embeddable":true,"href":"https:\/\/yotavis.ch\/de\/wp-json\/wp\/v2\/product_brand?post=10878"},{"taxonomy":"product_cat","embeddable":true,"href":"https:\/\/yotavis.ch\/de\/wp-json\/wp\/v2\/product_cat?post=10878"},{"taxonomy":"product_tag","embeddable":true,"href":"https:\/\/yotavis.ch\/de\/wp-json\/wp\/v2\/product_tag?post=10878"}],"curies":[{"name":"wp","href":"https:\/\/api.w.org\/{rel}","templated":true}]}}