{"id":10891,"date":"2025-10-09T00:00:00","date_gmt":"2025-10-08T22:00:00","guid":{"rendered":"https:\/\/yotavis.ch\/product\/it8902e-150-200\/"},"modified":"2026-04-24T13:45:55","modified_gmt":"2026-04-24T11:45:55","slug":"it8902e-150-200","status":"publish","type":"product","link":"https:\/\/yotavis.ch\/de\/produkt\/it8902e-150-200\/","title":{"rendered":"IT8902E-150-200"},"content":{"rendered":"<p>Die IT8902E-150-200 ist eine elektronische Gleichstromlast, die f\u00fcr eine Spannung von bis zu 150 Volt und 200 Ampere ausgelegt ist und eine maximale Leistung von 2000 Watt liefert. Sie verf\u00fcgt \u00fcber einen einzigen Ausgangskanal und unterst\u00fctzt Fernsteuerungsfunktionen, die einen flexiblen Betrieb in verschiedenen Testumgebungen erm\u00f6glichen. Das Ger\u00e4t ist in einem 4U-Geh\u00e4use untergebracht und verf\u00fcgt \u00fcber mehrere Standardkommunikationsschnittstellen wie LAN, USB, RS232, GPIB, CAN und eine externe analoge Steuerschnittstelle. Diese Schnittstellen erm\u00f6glichen eine nahtlose Integration mit anderen Ger\u00e4ten und erleichtern die pr\u00e4zise Steuerung und \u00dcberwachung. Dank der Kombination aus hohen Spannungs- und Stromwerten eignet sich diese elektronische Last f\u00fcr die Pr\u00fcfung von Netzteilen, Batterien und anderen Gleichstromquellen. Die robusten Konnektivit\u00e4tsoptionen gew\u00e4hrleisten die Kompatibilit\u00e4t mit automatisierten Pr\u00fcfsystemen und Fernbedienungseinrichtungen. Das Design legt den Schwerpunkt auf Vielseitigkeit und Kontrolle und eignet sich f\u00fcr Anwendungen, die eine zuverl\u00e4ssige und genaue Leistung der elektronischen Last erfordern.<\/p>","protected":false},"excerpt":{"rendered":"<p>DC E-load 150V \/ 200A \/ 2kW, 4U  (Standard LAN, USB, RS232, GPIB, CAN, external analog control interface)<\/p>","protected":false},"featured_media":11933,"comment_status":"closed","ping_status":"closed","template":"","meta":{"_acf_changed":false,"slim_seo":{"title":"IT8902E-150-200 - YOTAVIS AG","description":"DC E-Last 150V \/ 200A \/ 2kW, 4U (Standard LAN, USB, RS232, GPIB, CAN, externe analoge Steuerschnittstelle)"}},"product_brand":[822],"product_cat":[517,515],"product_tag":[],"class_list":{"0":"post-10891","1":"product","2":"type-product","3":"status-publish","4":"has-post-thumbnail","6":"product_brand-itech","7":"product_cat-dc-load-en","8":"product_cat-power-en","9":"pa_current-a-480","10":"pa_output-number-146","11":"pa_power-w-561","12":"pa_remote-control-yes","13":"pa_voltage-v-150","15":"first","16":"instock","17":"taxable","18":"shipping-taxable","19":"product-type-simple"},"acf":[],"_links":{"self":[{"href":"https:\/\/yotavis.ch\/de\/wp-json\/wp\/v2\/product\/10891","targetHints":{"allow":["GET"]}}],"collection":[{"href":"https:\/\/yotavis.ch\/de\/wp-json\/wp\/v2\/product"}],"about":[{"href":"https:\/\/yotavis.ch\/de\/wp-json\/wp\/v2\/types\/product"}],"replies":[{"embeddable":true,"href":"https:\/\/yotavis.ch\/de\/wp-json\/wp\/v2\/comments?post=10891"}],"wp:featuredmedia":[{"embeddable":true,"href":"https:\/\/yotavis.ch\/de\/wp-json\/wp\/v2\/media\/11933"}],"wp:attachment":[{"href":"https:\/\/yotavis.ch\/de\/wp-json\/wp\/v2\/media?parent=10891"}],"wp:term":[{"taxonomy":"product_brand","embeddable":true,"href":"https:\/\/yotavis.ch\/de\/wp-json\/wp\/v2\/product_brand?post=10891"},{"taxonomy":"product_cat","embeddable":true,"href":"https:\/\/yotavis.ch\/de\/wp-json\/wp\/v2\/product_cat?post=10891"},{"taxonomy":"product_tag","embeddable":true,"href":"https:\/\/yotavis.ch\/de\/wp-json\/wp\/v2\/product_tag?post=10891"}],"curies":[{"name":"wp","href":"https:\/\/api.w.org\/{rel}","templated":true}]}}