{"id":10893,"date":"2025-10-09T00:00:00","date_gmt":"2025-10-08T22:00:00","guid":{"rendered":"https:\/\/yotavis.ch\/product\/it8902e-600-140\/"},"modified":"2026-04-24T13:45:56","modified_gmt":"2026-04-24T11:45:56","slug":"it8902e-600-140","status":"publish","type":"product","link":"https:\/\/yotavis.ch\/de\/produkt\/it8902e-600-140\/","title":{"rendered":"IT8902E-600-140"},"content":{"rendered":"<p>Die ITECH IT8902E-600-140 ist eine elektronische Gleichstromlast, die f\u00fcr eine Spannung von bis zu 600 Volt und 140 Ampere ausgelegt ist und eine maximale Leistung von 2000 Watt liefert. Dieses 4U-Ger\u00e4t verf\u00fcgt \u00fcber einen einzigen Ausgangskanal und unterst\u00fctzt Fernsteuerungsfunktionen, die einen vielseitigen Betrieb in verschiedenen Testumgebungen erm\u00f6glichen. Es verf\u00fcgt \u00fcber mehrere Standard-Kommunikationsschnittstellen wie LAN, USB, RS232, GPIB, CAN und eine externe analoge Steuerschnittstelle, die eine nahtlose Integration mit anderen Ger\u00e4ten und Steuersystemen erm\u00f6glicht. Das Ger\u00e4t wurde entwickelt, um zuverl\u00e4ssige und pr\u00e4zise Lasttests f\u00fcr DC-Stromquellen zu erm\u00f6glichen und eignet sich daher f\u00fcr Anwendungen, die hohe Spannungen und Str\u00f6me erfordern. Das robuste Design und die umfassenden Anschlussm\u00f6glichkeiten gew\u00e4hrleisten, dass es effektiv in automatisierten Testaufbauten und Laborumgebungen eingesetzt werden kann, wo eine genaue Lastsimulation unerl\u00e4sslich ist.<\/p>","protected":false},"excerpt":{"rendered":"<p>DC E-load 600V \/ 140A \/ 2kW ,4U  (Standard LAN, USB, RS232, GPIB, CAN, external analog control interface)<\/p>","protected":false},"featured_media":11933,"comment_status":"closed","ping_status":"closed","template":"","meta":{"_acf_changed":false,"slim_seo":{"title":"IT8902E-600-140 - YOTAVIS AG","description":"DC E-Last 600V \/ 140A \/ 2kW ,4U (Standard LAN, USB, RS232, GPIB, CAN, externe analoge Steuerschnittstelle)"}},"product_brand":[822],"product_cat":[517,515],"product_tag":[],"class_list":{"0":"post-10893","1":"product","2":"type-product","3":"status-publish","4":"has-post-thumbnail","6":"product_brand-itech","7":"product_cat-dc-load-en","8":"product_cat-power-en","9":"pa_current-a-618","10":"pa_output-number-146","11":"pa_power-w-561","12":"pa_remote-control-yes","13":"pa_voltage-v-920","15":"first","16":"instock","17":"taxable","18":"shipping-taxable","19":"product-type-simple"},"acf":[],"_links":{"self":[{"href":"https:\/\/yotavis.ch\/de\/wp-json\/wp\/v2\/product\/10893","targetHints":{"allow":["GET"]}}],"collection":[{"href":"https:\/\/yotavis.ch\/de\/wp-json\/wp\/v2\/product"}],"about":[{"href":"https:\/\/yotavis.ch\/de\/wp-json\/wp\/v2\/types\/product"}],"replies":[{"embeddable":true,"href":"https:\/\/yotavis.ch\/de\/wp-json\/wp\/v2\/comments?post=10893"}],"wp:featuredmedia":[{"embeddable":true,"href":"https:\/\/yotavis.ch\/de\/wp-json\/wp\/v2\/media\/11933"}],"wp:attachment":[{"href":"https:\/\/yotavis.ch\/de\/wp-json\/wp\/v2\/media?parent=10893"}],"wp:term":[{"taxonomy":"product_brand","embeddable":true,"href":"https:\/\/yotavis.ch\/de\/wp-json\/wp\/v2\/product_brand?post=10893"},{"taxonomy":"product_cat","embeddable":true,"href":"https:\/\/yotavis.ch\/de\/wp-json\/wp\/v2\/product_cat?post=10893"},{"taxonomy":"product_tag","embeddable":true,"href":"https:\/\/yotavis.ch\/de\/wp-json\/wp\/v2\/product_tag?post=10893"}],"curies":[{"name":"wp","href":"https:\/\/api.w.org\/{rel}","templated":true}]}}