{"id":10897,"date":"2025-10-09T00:00:00","date_gmt":"2025-10-08T22:00:00","guid":{"rendered":"https:\/\/yotavis.ch\/product\/it8904e-150-400\/"},"modified":"2026-04-24T13:45:57","modified_gmt":"2026-04-24T11:45:57","slug":"it8904e-150-400","status":"publish","type":"product","link":"https:\/\/yotavis.ch\/de\/produkt\/it8904e-150-400\/","title":{"rendered":"IT8904E-150-400"},"content":{"rendered":"<p>Die IT8904E-150-400 ist eine elektronische Gleichstromlast, die f\u00fcr eine Spannung von bis zu 150 Volt und 400 Ampere ausgelegt ist und eine maximale Leistung von 4000 Watt liefert. Sie verf\u00fcgt \u00fcber einen einzigen Ausgangskanal und unterst\u00fctzt Fernsteuerungsfunktionen, die einen flexiblen Betrieb in verschiedenen Testumgebungen erm\u00f6glichen. Das Ger\u00e4t ist in einem 4U-Formfaktor untergebracht und verf\u00fcgt \u00fcber mehrere Standardkommunikationsschnittstellen wie LAN, USB, RS232, GPIB, CAN und eine externe analoge Steuerschnittstelle. Diese Schnittstellen erm\u00f6glichen eine nahtlose Integration mit anderen Ger\u00e4ten und erleichtern automatisierte Pr\u00fcfprozesse. Die elektronische Last wird von ITECH hergestellt, einer Marke, die f\u00fcr die Herstellung von Pr\u00e4zisionspr\u00fcfger\u00e4ten bekannt ist. Ihr Design unterst\u00fctzt Anwendungen mit hohen Str\u00f6men und Spannungen, wodurch sie sich f\u00fcr anspruchsvolle elektronische Lasttestszenarien eignet. Die Kombination aus Leistungskapazit\u00e4t und vielseitigen Steuerungsoptionen macht sie zu einer praktischen Wahl f\u00fcr den Einsatz in Labor und Industrie.<\/p>","protected":false},"excerpt":{"rendered":"<p>DC E-load 150V \/ 400A\/ 4kW, 4U  (Standard LAN, USB, RS232, GPIB, CAN, external analog control interface)<\/p>","protected":false},"featured_media":11933,"comment_status":"closed","ping_status":"closed","template":"","meta":{"_acf_changed":false,"slim_seo":{"title":"IT8904E-150-400 - YOTAVIS AG","description":"DC E-load 150V \/ 400A\/ 4kW, 4U (Standard LAN, USB, RS232, GPIB, CAN, externe analoge Steuerschnittstelle)"}},"product_brand":[822],"product_cat":[517,515],"product_tag":[],"class_list":{"0":"post-10897","1":"product","2":"type-product","3":"status-publish","4":"has-post-thumbnail","6":"product_brand-itech","7":"product_cat-dc-load-en","8":"product_cat-power-en","9":"pa_current-a-641","10":"pa_output-number-146","11":"pa_power-w-611","12":"pa_remote-control-yes","13":"pa_voltage-v-150","15":"first","16":"instock","17":"taxable","18":"shipping-taxable","19":"product-type-simple"},"acf":[],"_links":{"self":[{"href":"https:\/\/yotavis.ch\/de\/wp-json\/wp\/v2\/product\/10897","targetHints":{"allow":["GET"]}}],"collection":[{"href":"https:\/\/yotavis.ch\/de\/wp-json\/wp\/v2\/product"}],"about":[{"href":"https:\/\/yotavis.ch\/de\/wp-json\/wp\/v2\/types\/product"}],"replies":[{"embeddable":true,"href":"https:\/\/yotavis.ch\/de\/wp-json\/wp\/v2\/comments?post=10897"}],"wp:featuredmedia":[{"embeddable":true,"href":"https:\/\/yotavis.ch\/de\/wp-json\/wp\/v2\/media\/11933"}],"wp:attachment":[{"href":"https:\/\/yotavis.ch\/de\/wp-json\/wp\/v2\/media?parent=10897"}],"wp:term":[{"taxonomy":"product_brand","embeddable":true,"href":"https:\/\/yotavis.ch\/de\/wp-json\/wp\/v2\/product_brand?post=10897"},{"taxonomy":"product_cat","embeddable":true,"href":"https:\/\/yotavis.ch\/de\/wp-json\/wp\/v2\/product_cat?post=10897"},{"taxonomy":"product_tag","embeddable":true,"href":"https:\/\/yotavis.ch\/de\/wp-json\/wp\/v2\/product_tag?post=10897"}],"curies":[{"name":"wp","href":"https:\/\/api.w.org\/{rel}","templated":true}]}}