{"id":10899,"date":"2025-10-09T00:00:00","date_gmt":"2025-10-08T22:00:00","guid":{"rendered":"https:\/\/yotavis.ch\/product\/it8904e-600-280\/"},"modified":"2026-04-24T13:45:58","modified_gmt":"2026-04-24T11:45:58","slug":"it8904e-600-280","status":"publish","type":"product","link":"https:\/\/yotavis.ch\/de\/produkt\/it8904e-600-280\/","title":{"rendered":"IT8904E-600-280"},"content":{"rendered":"<p>Die ITECH IT8904E-600-280 ist eine elektronische Gleichstromlast, die f\u00fcr eine Spannung von bis zu 600 Volt und 280 Ampere ausgelegt ist und eine maximale Leistung von 4000 Watt liefert. Sie verf\u00fcgt \u00fcber einen einzigen Ausgangskanal und unterst\u00fctzt eine Fernsteuerungsfunktion, die einen flexiblen Betrieb in verschiedenen Testumgebungen erm\u00f6glicht. Das Ger\u00e4t ist in einem 4U-Geh\u00e4use untergebracht und verf\u00fcgt \u00fcber mehrere Standardkommunikationsschnittstellen wie LAN, USB, RS232, GPIB, CAN und eine externe analoge Steuerschnittstelle. Diese Schnittstellen erm\u00f6glichen eine nahtlose Integration mit anderen Ger\u00e4ten und erleichtern automatisierte Pr\u00fcfprozesse. Die Kombination aus hohen Spannungs- und Stromwerten macht diese elektronische Last f\u00fcr anspruchsvolle Anwendungen geeignet, die eine pr\u00e4zise Lastsimulation erfordern. Ihr Design unterst\u00fctzt eine effiziente W\u00e4rmeableitung und eine zuverl\u00e4ssige Leistung bei l\u00e4ngerem Gebrauch. Die Einbeziehung verschiedener Steuerungsoptionen gew\u00e4hrleistet die Kompatibilit\u00e4t mit einer Vielzahl von Pr\u00fcfaufbauten und Benutzerpr\u00e4ferenzen.<\/p>","protected":false},"excerpt":{"rendered":"<p>DC E-load 600V \/ 280A \/ 4kW, 4U  (Standard LAN, USB, RS232, GPIB, CAN, external analog control interface)<\/p>","protected":false},"featured_media":11933,"comment_status":"closed","ping_status":"closed","template":"","meta":{"_acf_changed":false,"slim_seo":{"title":"IT8904E-600-280 - YOTAVIS AG","description":"DC E-Last 600V \/ 280A \/ 4kW, 4U (Standard LAN, USB, RS232, GPIB, CAN, externe analoge Steuerschnittstelle)"}},"product_brand":[822],"product_cat":[517,515],"product_tag":[],"class_list":{"0":"post-10899","1":"product","2":"type-product","3":"status-publish","4":"has-post-thumbnail","6":"product_brand-itech","7":"product_cat-dc-load-en","8":"product_cat-power-en","9":"pa_current-a-992","10":"pa_output-number-146","11":"pa_power-w-611","12":"pa_remote-control-yes","13":"pa_voltage-v-920","15":"first","16":"instock","17":"taxable","18":"shipping-taxable","19":"product-type-simple"},"acf":[],"_links":{"self":[{"href":"https:\/\/yotavis.ch\/de\/wp-json\/wp\/v2\/product\/10899","targetHints":{"allow":["GET"]}}],"collection":[{"href":"https:\/\/yotavis.ch\/de\/wp-json\/wp\/v2\/product"}],"about":[{"href":"https:\/\/yotavis.ch\/de\/wp-json\/wp\/v2\/types\/product"}],"replies":[{"embeddable":true,"href":"https:\/\/yotavis.ch\/de\/wp-json\/wp\/v2\/comments?post=10899"}],"wp:featuredmedia":[{"embeddable":true,"href":"https:\/\/yotavis.ch\/de\/wp-json\/wp\/v2\/media\/11933"}],"wp:attachment":[{"href":"https:\/\/yotavis.ch\/de\/wp-json\/wp\/v2\/media?parent=10899"}],"wp:term":[{"taxonomy":"product_brand","embeddable":true,"href":"https:\/\/yotavis.ch\/de\/wp-json\/wp\/v2\/product_brand?post=10899"},{"taxonomy":"product_cat","embeddable":true,"href":"https:\/\/yotavis.ch\/de\/wp-json\/wp\/v2\/product_cat?post=10899"},{"taxonomy":"product_tag","embeddable":true,"href":"https:\/\/yotavis.ch\/de\/wp-json\/wp\/v2\/product_tag?post=10899"}],"curies":[{"name":"wp","href":"https:\/\/api.w.org\/{rel}","templated":true}]}}