{"id":10900,"date":"2025-10-09T00:00:00","date_gmt":"2025-10-08T22:00:00","guid":{"rendered":"https:\/\/yotavis.ch\/product\/it8904a-1200-160\/"},"modified":"2026-04-24T13:45:58","modified_gmt":"2026-04-24T11:45:58","slug":"it8904a-1200-160","status":"publish","type":"product","link":"https:\/\/yotavis.ch\/de\/produkt\/it8904a-1200-160\/","title":{"rendered":"IT8904A-1200-160"},"content":{"rendered":"<p>Die IT8904A-1200-160 ist eine elektronische DC-Last, die f\u00fcr eine maximale Spannung von 1200 V und einen Strom von bis zu 160 A ausgelegt ist und eine Leistung von 4000 W liefert. Sie verf\u00fcgt \u00fcber einen einzigen Ausgangskanal und ist in einem 4U-Formfaktor untergebracht. Das Ger\u00e4t unterst\u00fctzt Fernsteuerungsfunktionen und erm\u00f6glicht den Betrieb \u00fcber mehrere Standardschnittstellen wie LAN, USB, RS232, GPIB, CAN und eine externe analoge Steuerschnittstelle. Die Einbeziehung dieser Kommunikationsoptionen erleichtert die Integration in verschiedene Testaufbauten und Automatisierungssysteme. Die elektronische Last wird von ITECH hergestellt, einer Marke, die f\u00fcr die Herstellung von Pr\u00e4zisionstestger\u00e4ten bekannt ist. Ihr Design unterst\u00fctzt Hochleistungsanwendungen, die stabile und zuverl\u00e4ssige DC-Lastbedingungen erfordern. Dank der Kombination aus hohen Spannungs-, Strom- und Leistungswerten eignet sie sich f\u00fcr die Pr\u00fcfung von Netzteilen, Batterien und anderen Gleichstromquellen mit hoher Leistung.<\/p>","protected":false},"excerpt":{"rendered":"<p>DC E-load 1200V \/ 160A \/ 4kW, 4U  (Standard LAN, USB, RS232, GPIB, CAN, external analog control interface)<\/p>","protected":false},"featured_media":11933,"comment_status":"closed","ping_status":"closed","template":"","meta":{"_acf_changed":false,"slim_seo":{"title":"IT8904A-1200-160 - YOTAVIS AG","description":"DC E-load 1200V \/ 160A \/ 4kW, 4U (Standard LAN, USB, RS232, GPIB, CAN, externe analoge Steuerschnittstelle)"}},"product_brand":[822],"product_cat":[517,515],"product_tag":[],"class_list":{"0":"post-10900","1":"product","2":"type-product","3":"status-publish","4":"has-post-thumbnail","6":"product_brand-itech","7":"product_cat-dc-load-en","8":"product_cat-power-en","9":"pa_current-a-620","10":"pa_output-number-146","11":"pa_power-w-611","12":"pa_remote-control-yes","13":"pa_voltage-v-922","15":"first","16":"instock","17":"taxable","18":"shipping-taxable","19":"product-type-simple"},"acf":[],"_links":{"self":[{"href":"https:\/\/yotavis.ch\/de\/wp-json\/wp\/v2\/product\/10900","targetHints":{"allow":["GET"]}}],"collection":[{"href":"https:\/\/yotavis.ch\/de\/wp-json\/wp\/v2\/product"}],"about":[{"href":"https:\/\/yotavis.ch\/de\/wp-json\/wp\/v2\/types\/product"}],"replies":[{"embeddable":true,"href":"https:\/\/yotavis.ch\/de\/wp-json\/wp\/v2\/comments?post=10900"}],"wp:featuredmedia":[{"embeddable":true,"href":"https:\/\/yotavis.ch\/de\/wp-json\/wp\/v2\/media\/11933"}],"wp:attachment":[{"href":"https:\/\/yotavis.ch\/de\/wp-json\/wp\/v2\/media?parent=10900"}],"wp:term":[{"taxonomy":"product_brand","embeddable":true,"href":"https:\/\/yotavis.ch\/de\/wp-json\/wp\/v2\/product_brand?post=10900"},{"taxonomy":"product_cat","embeddable":true,"href":"https:\/\/yotavis.ch\/de\/wp-json\/wp\/v2\/product_cat?post=10900"},{"taxonomy":"product_tag","embeddable":true,"href":"https:\/\/yotavis.ch\/de\/wp-json\/wp\/v2\/product_tag?post=10900"}],"curies":[{"name":"wp","href":"https:\/\/api.w.org\/{rel}","templated":true}]}}