{"id":10902,"date":"2025-10-09T00:00:00","date_gmt":"2025-10-08T22:00:00","guid":{"rendered":"https:\/\/yotavis.ch\/product\/it8906a-150-600\/"},"modified":"2026-04-24T13:45:59","modified_gmt":"2026-04-24T11:45:59","slug":"it8906a-150-600","status":"publish","type":"product","link":"https:\/\/yotavis.ch\/de\/produkt\/it8906a-150-600\/","title":{"rendered":"IT8906A-150-600"},"content":{"rendered":"<p>Die IT8906A-150-600 ist eine elektronische Gleichstromlast, die f\u00fcr eine Spannung von bis zu 150 Volt und 600 Ampere ausgelegt ist und eine maximale Leistung von 6.000 Watt liefert. Sie verf\u00fcgt \u00fcber einen einzigen Ausgangskanal in einem 4U-Geh\u00e4use und eignet sich damit f\u00fcr verschiedene Pr\u00fcf- und Messanwendungen. Das Ger\u00e4t unterst\u00fctzt Fernsteuerungsfunktionen, die einen bequemen Betrieb und die Integration in automatisierte Testsysteme erm\u00f6glichen. Zu den Anschlussm\u00f6glichkeiten geh\u00f6ren Standard-LAN, USB, RS232, GPIB, CAN und eine externe analoge Steuerschnittstelle, die vielseitige Kommunikationsmethoden f\u00fcr unterschiedliche Benutzeranforderungen bieten. Diese elektronische Last wurde von ITECH entwickelt, einer Marke, die f\u00fcr ihre Pr\u00e4zisionsinstrumente bekannt ist. Die Kombination aus hohen Strom- und Spannungswerten stellt sicher, dass sie auch anspruchsvollen Lastbedingungen gerecht werden kann. Ihr Design unterst\u00fctzt eine effiziente Verlustleistung und zuverl\u00e4ssige Leistung in professionellen Umgebungen.<\/p>","protected":false},"excerpt":{"rendered":"<p>DC E-load 150V \/ 600A \/ 6kW, 4U  (Standard LAN, USB, RS232, GPIB, CAN, external analog control interface)<\/p>","protected":false},"featured_media":11933,"comment_status":"closed","ping_status":"closed","template":"","meta":{"_acf_changed":false,"slim_seo":{"title":"IT8906A-150-600 - YOTAVIS AG","description":"DC E-Last 150V \/ 600A \/ 6kW, 4U (Standard LAN, USB, RS232, GPIB, CAN, externe analoge Steuerschnittstelle)"}},"product_brand":[822],"product_cat":[517,515],"product_tag":[],"class_list":{"0":"post-10902","1":"product","2":"type-product","3":"status-publish","4":"has-post-thumbnail","6":"product_brand-itech","7":"product_cat-dc-load-en","8":"product_cat-power-en","9":"pa_current-a-0-25","10":"pa_output-number-146","11":"pa_power-w-626","12":"pa_remote-control-yes","13":"pa_voltage-v-150","15":"first","16":"instock","17":"taxable","18":"shipping-taxable","19":"product-type-simple"},"acf":[],"_links":{"self":[{"href":"https:\/\/yotavis.ch\/de\/wp-json\/wp\/v2\/product\/10902","targetHints":{"allow":["GET"]}}],"collection":[{"href":"https:\/\/yotavis.ch\/de\/wp-json\/wp\/v2\/product"}],"about":[{"href":"https:\/\/yotavis.ch\/de\/wp-json\/wp\/v2\/types\/product"}],"replies":[{"embeddable":true,"href":"https:\/\/yotavis.ch\/de\/wp-json\/wp\/v2\/comments?post=10902"}],"wp:featuredmedia":[{"embeddable":true,"href":"https:\/\/yotavis.ch\/de\/wp-json\/wp\/v2\/media\/11933"}],"wp:attachment":[{"href":"https:\/\/yotavis.ch\/de\/wp-json\/wp\/v2\/media?parent=10902"}],"wp:term":[{"taxonomy":"product_brand","embeddable":true,"href":"https:\/\/yotavis.ch\/de\/wp-json\/wp\/v2\/product_brand?post=10902"},{"taxonomy":"product_cat","embeddable":true,"href":"https:\/\/yotavis.ch\/de\/wp-json\/wp\/v2\/product_cat?post=10902"},{"taxonomy":"product_tag","embeddable":true,"href":"https:\/\/yotavis.ch\/de\/wp-json\/wp\/v2\/product_tag?post=10902"}],"curies":[{"name":"wp","href":"https:\/\/api.w.org\/{rel}","templated":true}]}}