{"id":10909,"date":"2025-10-09T00:00:00","date_gmt":"2025-10-08T22:00:00","guid":{"rendered":"https:\/\/yotavis.ch\/product\/it8908e-600-560\/"},"modified":"2026-04-24T13:46:04","modified_gmt":"2026-04-24T11:46:04","slug":"it8908e-600-560","status":"publish","type":"product","link":"https:\/\/yotavis.ch\/de\/produkt\/it8908e-600-560\/","title":{"rendered":"IT8908E-600-560"},"content":{"rendered":"<p>Die ITECH IT8908E-600-560 ist eine elektronische DC-Last, die f\u00fcr eine Spannung von bis zu 600 Volt und 560 Ampere ausgelegt ist und eine maximale Leistung von 8.000 Watt liefert. Dieses Modell verf\u00fcgt \u00fcber einen einzigen Ausgangskanal und ist in einem 8U-Formfaktor untergebracht. Es unterst\u00fctzt Fernsteuerungsfunktionen und erm\u00f6glicht so einen flexiblen Betrieb in verschiedenen Pr\u00fcfumgebungen. Das Ger\u00e4t verf\u00fcgt \u00fcber mehrere Standard-Kommunikationsschnittstellen wie LAN, USB, RS232, GPIB, CAN und eine externe analoge Steuerschnittstelle, was die Integration in verschiedene Systeme erleichtert und die Steuerungsm\u00f6glichkeiten erweitert. Dank seines robusten Designs und seiner umfassenden Anschlussm\u00f6glichkeiten eignet sich das Ger\u00e4t f\u00fcr Anwendungen, die eine pr\u00e4zise und zuverl\u00e4ssige DC-Lastpr\u00fcfung erfordern. Die Kombination aus hoher Spannung, Stromkapazit\u00e4t und Leistung stellt sicher, dass das Ger\u00e4t f\u00fcr anspruchsvolle elektrische Pr\u00fcfszenarien geeignet ist.<\/p>","protected":false},"excerpt":{"rendered":"<p>DC E-load 600V \/ 560A \/ 8kW, 8U  (Standard LAN, USB, RS232, GPIB, CAN, external analog control interface)<\/p>","protected":false},"featured_media":11934,"comment_status":"closed","ping_status":"closed","template":"","meta":{"_acf_changed":false,"slim_seo":{"title":"IT8908E-600-560 - YOTAVIS AG","description":"DC E-Last 600V \/ 560A \/ 8kW, 8U (Standard LAN, USB, RS232, GPIB, CAN, externe analoge Steuerschnittstelle)"}},"product_brand":[822],"product_cat":[517,515],"product_tag":[],"class_list":{"0":"post-10909","1":"product","2":"type-product","3":"status-publish","4":"has-post-thumbnail","6":"product_brand-itech","7":"product_cat-dc-load-en","8":"product_cat-power-en","9":"pa_current-a-5-55","10":"pa_output-number-146","11":"pa_power-w-994","12":"pa_remote-control-yes","13":"pa_voltage-v-920","15":"first","16":"instock","17":"taxable","18":"shipping-taxable","19":"product-type-simple"},"acf":[],"_links":{"self":[{"href":"https:\/\/yotavis.ch\/de\/wp-json\/wp\/v2\/product\/10909","targetHints":{"allow":["GET"]}}],"collection":[{"href":"https:\/\/yotavis.ch\/de\/wp-json\/wp\/v2\/product"}],"about":[{"href":"https:\/\/yotavis.ch\/de\/wp-json\/wp\/v2\/types\/product"}],"replies":[{"embeddable":true,"href":"https:\/\/yotavis.ch\/de\/wp-json\/wp\/v2\/comments?post=10909"}],"wp:featuredmedia":[{"embeddable":true,"href":"https:\/\/yotavis.ch\/de\/wp-json\/wp\/v2\/media\/11934"}],"wp:attachment":[{"href":"https:\/\/yotavis.ch\/de\/wp-json\/wp\/v2\/media?parent=10909"}],"wp:term":[{"taxonomy":"product_brand","embeddable":true,"href":"https:\/\/yotavis.ch\/de\/wp-json\/wp\/v2\/product_brand?post=10909"},{"taxonomy":"product_cat","embeddable":true,"href":"https:\/\/yotavis.ch\/de\/wp-json\/wp\/v2\/product_cat?post=10909"},{"taxonomy":"product_tag","embeddable":true,"href":"https:\/\/yotavis.ch\/de\/wp-json\/wp\/v2\/product_tag?post=10909"}],"curies":[{"name":"wp","href":"https:\/\/api.w.org\/{rel}","templated":true}]}}