{"id":10910,"date":"2025-10-09T00:00:00","date_gmt":"2025-10-08T22:00:00","guid":{"rendered":"https:\/\/yotavis.ch\/product\/it8912a-150-1200\/"},"modified":"2026-04-24T13:46:04","modified_gmt":"2026-04-24T11:46:04","slug":"it8912a-150-1200","status":"publish","type":"product","link":"https:\/\/yotavis.ch\/de\/produkt\/it8912a-150-1200\/","title":{"rendered":"IT8912A-150-1200"},"content":{"rendered":"<p>Die IT8912A-150-1200 ist eine elektronische DC-Last, die f\u00fcr eine maximale Spannung von 150 V und einen Strom von bis zu 1200 A ausgelegt ist und eine Leistungskapazit\u00e4t von 12 kW bietet. Sie verf\u00fcgt \u00fcber einen einzigen Ausgangskanal und unterst\u00fctzt Fernsteuerungsfunktionen, die einen flexiblen Betrieb in verschiedenen Testumgebungen erm\u00f6glichen. Das Ger\u00e4t ist in einem 8U-Formfaktor untergebracht und verf\u00fcgt \u00fcber mehrere Standardkommunikationsschnittstellen wie LAN, USB, RS232, GPIB, CAN und eine externe analoge Steuerschnittstelle. Diese Konnektivit\u00e4tsoptionen erleichtern die Integration mit verschiedenen Steuerungssystemen und erm\u00f6glichen ein pr\u00e4zises Management der Lastbedingungen. Die elektronische Last wird von ITECH hergestellt, einer Marke, die f\u00fcr die Herstellung zuverl\u00e4ssiger Pr\u00fcfger\u00e4te bekannt ist. Ihr Design unterst\u00fctzt Anwendungen mit hohen Str\u00f6men und Spannungen, wodurch sie sich f\u00fcr anspruchsvolle elektronische Testszenarien eignet. Die Einbeziehung verschiedener Schnittstellen gew\u00e4hrleistet die Kompatibilit\u00e4t mit einer Vielzahl von automatisierten Testaufbauten und Fernbedienungsanforderungen.<\/p>","protected":false},"excerpt":{"rendered":"<p>DC E-load 150V \/ 1200A \/ 12kW, 8U  (Standard LAN, USB, RS232, GPIB, CAN, external analog control interface)<\/p>","protected":false},"featured_media":11934,"comment_status":"closed","ping_status":"closed","template":"","meta":{"_acf_changed":false,"slim_seo":{"title":"IT8912A-150-1200 - YOTAVIS AG","description":"DC E-load 150V \/ 1200A \/ 12kW, 8U (Standard LAN, USB, RS232, GPIB, CAN, externe analoge Steuerschnittstelle)"}},"product_brand":[822],"product_cat":[517,515],"product_tag":[],"class_list":{"0":"post-10910","1":"product","2":"type-product","3":"status-publish","4":"has-post-thumbnail","6":"product_brand-itech","7":"product_cat-dc-load-en","8":"product_cat-power-en","9":"pa_current-a-988","10":"pa_output-number-146","11":"pa_power-w-628","12":"pa_remote-control-yes","13":"pa_voltage-v-150","15":"first","16":"instock","17":"taxable","18":"shipping-taxable","19":"product-type-simple"},"acf":[],"_links":{"self":[{"href":"https:\/\/yotavis.ch\/de\/wp-json\/wp\/v2\/product\/10910","targetHints":{"allow":["GET"]}}],"collection":[{"href":"https:\/\/yotavis.ch\/de\/wp-json\/wp\/v2\/product"}],"about":[{"href":"https:\/\/yotavis.ch\/de\/wp-json\/wp\/v2\/types\/product"}],"replies":[{"embeddable":true,"href":"https:\/\/yotavis.ch\/de\/wp-json\/wp\/v2\/comments?post=10910"}],"wp:featuredmedia":[{"embeddable":true,"href":"https:\/\/yotavis.ch\/de\/wp-json\/wp\/v2\/media\/11934"}],"wp:attachment":[{"href":"https:\/\/yotavis.ch\/de\/wp-json\/wp\/v2\/media?parent=10910"}],"wp:term":[{"taxonomy":"product_brand","embeddable":true,"href":"https:\/\/yotavis.ch\/de\/wp-json\/wp\/v2\/product_brand?post=10910"},{"taxonomy":"product_cat","embeddable":true,"href":"https:\/\/yotavis.ch\/de\/wp-json\/wp\/v2\/product_cat?post=10910"},{"taxonomy":"product_tag","embeddable":true,"href":"https:\/\/yotavis.ch\/de\/wp-json\/wp\/v2\/product_tag?post=10910"}],"curies":[{"name":"wp","href":"https:\/\/api.w.org\/{rel}","templated":true}]}}