{"id":10911,"date":"2025-10-09T00:00:00","date_gmt":"2025-10-08T22:00:00","guid":{"rendered":"https:\/\/yotavis.ch\/product\/it8912e-150-1200\/"},"modified":"2026-04-24T13:46:05","modified_gmt":"2026-04-24T11:46:05","slug":"it8912e-150-1200","status":"publish","type":"product","link":"https:\/\/yotavis.ch\/de\/produkt\/it8912e-150-1200\/","title":{"rendered":"IT8912E-150-1200"},"content":{"rendered":"<p>Die IT8912E-150-1200 ist eine elektronische DC-Last mit einer maximalen Spannung von 150V und einem maximalen Strom von 1200A, die eine Leistung von 12kW liefert. Sie verf\u00fcgt \u00fcber einen einzigen Ausgangskanal und unterst\u00fctzt Fernsteuerungsfunktionen. Das Ger\u00e4t ist in einem 8U-Formfaktor untergebracht und verf\u00fcgt \u00fcber mehrere Standardkommunikationsschnittstellen wie LAN, USB, RS232, GPIB, CAN und eine externe analoge Steuerschnittstelle. Diese Schnittstellen erm\u00f6glichen vielseitige Anschlussm\u00f6glichkeiten f\u00fcr die Integration in verschiedene Pr\u00fcfumgebungen. Die elektronische Last ist f\u00fcr Hochleistungsanwendungen mit pr\u00e4zisen Steuerungs- und \u00dcberwachungsfunktionen ausgelegt. Die umfangreichen Schnittstellen erm\u00f6glichen einen flexiblen Betrieb und eine Fernverwaltung, wodurch sie sich f\u00fcr automatisierte Pr\u00fcfsysteme eignet. Die Kombination aus hohen Strom- und Spannungswerten gew\u00e4hrleistet die Kompatibilit\u00e4t mit einer Vielzahl von Stromquellen und zu pr\u00fcfenden Ger\u00e4ten.<\/p>","protected":false},"excerpt":{"rendered":"<p>DC E-load 150V \/ 1200A \/ 12kW , 8U  (Standard LAN, USB, RS232, GPIB, CAN, external analog control interface)<\/p>","protected":false},"featured_media":11934,"comment_status":"closed","ping_status":"closed","template":"","meta":{"_acf_changed":false,"slim_seo":{"title":"IT8912E-150-1200 - YOTAVIS AG","description":"DC E-load 150V \/ 1200A \/ 12kW , 8U (Standard LAN, USB, RS232, GPIB, CAN, externe analoge Steuerschnittstelle)"}},"product_brand":[822],"product_cat":[517,515],"product_tag":[],"class_list":{"0":"post-10911","1":"product","2":"type-product","3":"status-publish","4":"has-post-thumbnail","6":"product_brand-itech","7":"product_cat-dc-load-en","8":"product_cat-power-en","9":"pa_current-a-988","10":"pa_output-number-146","11":"pa_power-w-628","12":"pa_remote-control-yes","13":"pa_voltage-v-150","15":"first","16":"instock","17":"taxable","18":"shipping-taxable","19":"product-type-simple"},"acf":[],"_links":{"self":[{"href":"https:\/\/yotavis.ch\/de\/wp-json\/wp\/v2\/product\/10911","targetHints":{"allow":["GET"]}}],"collection":[{"href":"https:\/\/yotavis.ch\/de\/wp-json\/wp\/v2\/product"}],"about":[{"href":"https:\/\/yotavis.ch\/de\/wp-json\/wp\/v2\/types\/product"}],"replies":[{"embeddable":true,"href":"https:\/\/yotavis.ch\/de\/wp-json\/wp\/v2\/comments?post=10911"}],"wp:featuredmedia":[{"embeddable":true,"href":"https:\/\/yotavis.ch\/de\/wp-json\/wp\/v2\/media\/11934"}],"wp:attachment":[{"href":"https:\/\/yotavis.ch\/de\/wp-json\/wp\/v2\/media?parent=10911"}],"wp:term":[{"taxonomy":"product_brand","embeddable":true,"href":"https:\/\/yotavis.ch\/de\/wp-json\/wp\/v2\/product_brand?post=10911"},{"taxonomy":"product_cat","embeddable":true,"href":"https:\/\/yotavis.ch\/de\/wp-json\/wp\/v2\/product_cat?post=10911"},{"taxonomy":"product_tag","embeddable":true,"href":"https:\/\/yotavis.ch\/de\/wp-json\/wp\/v2\/product_tag?post=10911"}],"curies":[{"name":"wp","href":"https:\/\/api.w.org\/{rel}","templated":true}]}}