{"id":10912,"date":"2025-10-09T00:00:00","date_gmt":"2025-10-08T22:00:00","guid":{"rendered":"https:\/\/yotavis.ch\/product\/it8912a-600-840\/"},"modified":"2026-04-24T13:46:06","modified_gmt":"2026-04-24T11:46:06","slug":"it8912a-600-840","status":"publish","type":"product","link":"https:\/\/yotavis.ch\/de\/produkt\/it8912a-600-840\/","title":{"rendered":"IT8912A-600-840"},"content":{"rendered":"<p>Die IT8912A-600-840 ist eine elektronische Gleichstromlast, die f\u00fcr eine Spannung von bis zu 600 Volt und 840 Ampere ausgelegt ist und eine maximale Leistung von 12.000 Watt liefert. Sie verf\u00fcgt \u00fcber einen einzigen Ausgangskanal und unterst\u00fctzt Fernsteuerungsfunktionen, die einen pr\u00e4zisen und flexiblen Betrieb erm\u00f6glichen. Das Ger\u00e4t ist in einem 8U-Formfaktor untergebracht und verf\u00fcgt \u00fcber mehrere Standardkommunikationsschnittstellen wie LAN, USB, RS232, GPIB, CAN und eine externe analoge Steuerschnittstelle. Diese Konnektivit\u00e4tsoptionen erleichtern die Integration in verschiedene Testumgebungen und erm\u00f6glichen einen effizienten Datenaustausch. Die elektronische Last wird von ITECH hergestellt, einer Marke, die f\u00fcr ihre spezialisierten elektronischen Pr\u00fcfger\u00e4te bekannt ist. Dieses Modell eignet sich f\u00fcr Anwendungen, die eine hohe Verlustleistung und robuste Steuerfunktionen erfordern, und ist damit ein vielseitiges Werkzeug f\u00fcr die Pr\u00fcfung von Netzteilen, Batterien und anderen Hochstromger\u00e4ten.<\/p>","protected":false},"excerpt":{"rendered":"<p>DC E-load 600V \/ 840A \/ 12kW, 8U  (Standard LAN, USB, RS232, GPIB, CAN, external analog control interface)<\/p>","protected":false},"featured_media":11934,"comment_status":"closed","ping_status":"closed","template":"","meta":{"_acf_changed":false,"slim_seo":{"title":"IT8912A-600-840 - YOTAVIS AG","description":"DC E-Last 600V \/ 840A \/ 12kW, 8U (Standard LAN, USB, RS232, GPIB, CAN, externe analoge Steuerschnittstelle)"}},"product_brand":[822],"product_cat":[517,515],"product_tag":[],"class_list":{"0":"post-10912","1":"product","2":"type-product","3":"status-publish","4":"has-post-thumbnail","6":"product_brand-itech","7":"product_cat-dc-load-en","8":"product_cat-power-en","9":"pa_current-a-995","10":"pa_output-number-146","11":"pa_power-w-628","12":"pa_remote-control-yes","13":"pa_voltage-v-920","15":"first","16":"instock","17":"taxable","18":"shipping-taxable","19":"product-type-simple"},"acf":[],"_links":{"self":[{"href":"https:\/\/yotavis.ch\/de\/wp-json\/wp\/v2\/product\/10912","targetHints":{"allow":["GET"]}}],"collection":[{"href":"https:\/\/yotavis.ch\/de\/wp-json\/wp\/v2\/product"}],"about":[{"href":"https:\/\/yotavis.ch\/de\/wp-json\/wp\/v2\/types\/product"}],"replies":[{"embeddable":true,"href":"https:\/\/yotavis.ch\/de\/wp-json\/wp\/v2\/comments?post=10912"}],"wp:featuredmedia":[{"embeddable":true,"href":"https:\/\/yotavis.ch\/de\/wp-json\/wp\/v2\/media\/11934"}],"wp:attachment":[{"href":"https:\/\/yotavis.ch\/de\/wp-json\/wp\/v2\/media?parent=10912"}],"wp:term":[{"taxonomy":"product_brand","embeddable":true,"href":"https:\/\/yotavis.ch\/de\/wp-json\/wp\/v2\/product_brand?post=10912"},{"taxonomy":"product_cat","embeddable":true,"href":"https:\/\/yotavis.ch\/de\/wp-json\/wp\/v2\/product_cat?post=10912"},{"taxonomy":"product_tag","embeddable":true,"href":"https:\/\/yotavis.ch\/de\/wp-json\/wp\/v2\/product_tag?post=10912"}],"curies":[{"name":"wp","href":"https:\/\/api.w.org\/{rel}","templated":true}]}}