{"id":10920,"date":"2025-10-09T00:00:00","date_gmt":"2025-10-08T22:00:00","guid":{"rendered":"https:\/\/yotavis.ch\/product\/it8918a-1200-720\/"},"modified":"2026-04-24T13:46:11","modified_gmt":"2026-04-24T11:46:11","slug":"it8918a-1200-720","status":"publish","type":"product","link":"https:\/\/yotavis.ch\/de\/produkt\/it8918a-1200-720\/","title":{"rendered":"IT8918A-1200-720"},"content":{"rendered":"<p>Die IT8918A-1200-720 ist eine elektronische Gleichstromlast, die f\u00fcr eine maximale Spannung von 1200 V und einen Strom von bis zu 720 A ausgelegt ist und eine Leistungskapazit\u00e4t von 18 kW bietet. Sie verf\u00fcgt \u00fcber einen einzigen Ausgangskanal und unterst\u00fctzt Fernsteuerungsfunktionen, die einen flexiblen Betrieb in verschiedenen Pr\u00fcfumgebungen erm\u00f6glichen. Das Ger\u00e4t ist in einem 15U-Formfaktor untergebracht und verf\u00fcgt \u00fcber mehrere Standardkommunikationsschnittstellen wie LAN, USB, RS232, GPIB, CAN und eine externe analoge Steuerschnittstelle. Diese Schnittstellen erm\u00f6glichen eine nahtlose Integration mit anderen Ger\u00e4ten und erleichtern die pr\u00e4zise Steuerung und \u00dcberwachung. Diese von ITECH hergestellte elektronische Last eignet sich f\u00fcr Anwendungen, die eine hohe Verlustleistung und eine genaue Lastsimulation erfordern. Durch die Kombination ihrer hohen Spannungs- und Stromwerte ist sie in der Lage, eine breite Palette von Leistungsger\u00e4ten und -systemen zu testen. Seine umfassenden Anschlussm\u00f6glichkeiten gew\u00e4hrleisten die Kompatibilit\u00e4t mit verschiedenen Steuerungssystemen und Pr\u00fcfeinrichtungen und erh\u00f6hen seine Vielseitigkeit in Labor- und Industrieumgebungen.<\/p>","protected":false},"excerpt":{"rendered":"<p>DC E-load 1200V \/ 720A \/ 18kW, 15U  (Standard LAN, USB, RS232, GPIB, CAN, external analog control interface)<\/p>","protected":false},"featured_media":12376,"comment_status":"closed","ping_status":"closed","template":"","meta":{"_acf_changed":false,"slim_seo":{"title":"IT8918A-1200-720 - YOTAVIS AG","description":"DC E-load 1200V \/ 720A \/ 18kW, 15U (Standard LAN, USB, RS232, GPIB, CAN, externe analoge Steuerschnittstelle)"}},"product_brand":[822],"product_cat":[517,515],"product_tag":[],"class_list":{"0":"post-10920","1":"product","2":"type-product","3":"status-publish","4":"has-post-thumbnail","6":"product_brand-itech","7":"product_cat-dc-load-en","8":"product_cat-power-en","9":"pa_current-a-924","10":"pa_output-number-146","11":"pa_power-w-629","12":"pa_remote-control-yes","13":"pa_voltage-v-922","15":"first","16":"instock","17":"taxable","18":"shipping-taxable","19":"product-type-simple"},"acf":[],"_links":{"self":[{"href":"https:\/\/yotavis.ch\/de\/wp-json\/wp\/v2\/product\/10920","targetHints":{"allow":["GET"]}}],"collection":[{"href":"https:\/\/yotavis.ch\/de\/wp-json\/wp\/v2\/product"}],"about":[{"href":"https:\/\/yotavis.ch\/de\/wp-json\/wp\/v2\/types\/product"}],"replies":[{"embeddable":true,"href":"https:\/\/yotavis.ch\/de\/wp-json\/wp\/v2\/comments?post=10920"}],"wp:featuredmedia":[{"embeddable":true,"href":"https:\/\/yotavis.ch\/de\/wp-json\/wp\/v2\/media\/12376"}],"wp:attachment":[{"href":"https:\/\/yotavis.ch\/de\/wp-json\/wp\/v2\/media?parent=10920"}],"wp:term":[{"taxonomy":"product_brand","embeddable":true,"href":"https:\/\/yotavis.ch\/de\/wp-json\/wp\/v2\/product_brand?post=10920"},{"taxonomy":"product_cat","embeddable":true,"href":"https:\/\/yotavis.ch\/de\/wp-json\/wp\/v2\/product_cat?post=10920"},{"taxonomy":"product_tag","embeddable":true,"href":"https:\/\/yotavis.ch\/de\/wp-json\/wp\/v2\/product_tag?post=10920"}],"curies":[{"name":"wp","href":"https:\/\/api.w.org\/{rel}","templated":true}]}}