{"id":10923,"date":"2025-10-09T00:00:00","date_gmt":"2025-10-08T22:00:00","guid":{"rendered":"https:\/\/yotavis.ch\/product\/it8924e-150-2400\/"},"modified":"2026-04-24T13:46:12","modified_gmt":"2026-04-24T11:46:12","slug":"it8924e-150-2400","status":"publish","type":"product","link":"https:\/\/yotavis.ch\/de\/produkt\/it8924e-150-2400\/","title":{"rendered":"IT8924E-150-2400"},"content":{"rendered":"<p>Die IT8924E-150-2400 ist eine elektronische DC-Last mit einer maximalen Spannung von 150 V und einem maximalen Strom von 2400 A, die eine Leistung von 24 kW liefert. Sie verf\u00fcgt \u00fcber einen einzigen Ausgangskanal und unterst\u00fctzt Fernsteuerungsfunktionen. Das Ger\u00e4t ist in einem 27U-Geh\u00e4use untergebracht und verf\u00fcgt \u00fcber mehrere Standardkommunikationsschnittstellen wie LAN, USB, RS232, GPIB, CAN und eine externe analoge Steuerschnittstelle. Diese Schnittstellen erm\u00f6glichen vielseitige Anschlussm\u00f6glichkeiten f\u00fcr die Integration in verschiedene Pr\u00fcfumgebungen. Die elektronische Last ist f\u00fcr Hochleistungsanwendungen mit pr\u00e4zisen Steuerungs- und \u00dcberwachungsfunktionen ausgelegt. Dank ihres robusten Designs und ihrer umfassenden Schnittstellenoptionen eignet sie sich f\u00fcr anspruchsvolle elektrische Pr\u00fcfszenarien.<\/p>","protected":false},"excerpt":{"rendered":"<p>DC E-load 150V \/ 2400A \/ 24kW, 27U  (Standard LAN, USB, RS232, GPIB, CAN, external analog control interface)<\/p>","protected":false},"featured_media":12377,"comment_status":"closed","ping_status":"closed","template":"","meta":{"_acf_changed":false,"slim_seo":{"title":"IT8924E-150-2400 - YOTAVIS AG","description":"DC E-load 150V \/ 2400A \/ 24kW, 27U (Standard LAN, USB, RS232, GPIB, CAN, externe analoge Steuerschnittstelle)"}},"product_brand":[822],"product_cat":[517,515],"product_tag":[],"class_list":{"0":"post-10923","1":"product","2":"type-product","3":"status-publish","4":"has-post-thumbnail","6":"product_brand-itech","7":"product_cat-dc-load-en","8":"product_cat-power-en","9":"pa_current-a-997","10":"pa_output-number-146","11":"pa_power-w-633","12":"pa_remote-control-yes","13":"pa_voltage-v-150","15":"first","16":"instock","17":"taxable","18":"shipping-taxable","19":"product-type-simple"},"acf":[],"_links":{"self":[{"href":"https:\/\/yotavis.ch\/de\/wp-json\/wp\/v2\/product\/10923","targetHints":{"allow":["GET"]}}],"collection":[{"href":"https:\/\/yotavis.ch\/de\/wp-json\/wp\/v2\/product"}],"about":[{"href":"https:\/\/yotavis.ch\/de\/wp-json\/wp\/v2\/types\/product"}],"replies":[{"embeddable":true,"href":"https:\/\/yotavis.ch\/de\/wp-json\/wp\/v2\/comments?post=10923"}],"wp:featuredmedia":[{"embeddable":true,"href":"https:\/\/yotavis.ch\/de\/wp-json\/wp\/v2\/media\/12377"}],"wp:attachment":[{"href":"https:\/\/yotavis.ch\/de\/wp-json\/wp\/v2\/media?parent=10923"}],"wp:term":[{"taxonomy":"product_brand","embeddable":true,"href":"https:\/\/yotavis.ch\/de\/wp-json\/wp\/v2\/product_brand?post=10923"},{"taxonomy":"product_cat","embeddable":true,"href":"https:\/\/yotavis.ch\/de\/wp-json\/wp\/v2\/product_cat?post=10923"},{"taxonomy":"product_tag","embeddable":true,"href":"https:\/\/yotavis.ch\/de\/wp-json\/wp\/v2\/product_tag?post=10923"}],"curies":[{"name":"wp","href":"https:\/\/api.w.org\/{rel}","templated":true}]}}