{"id":10932,"date":"2025-10-09T00:00:00","date_gmt":"2025-10-08T22:00:00","guid":{"rendered":"https:\/\/yotavis.ch\/product\/it8930a-1200-1200\/"},"modified":"2026-04-24T13:46:17","modified_gmt":"2026-04-24T11:46:17","slug":"it8930a-1200-1200","status":"publish","type":"product","link":"https:\/\/yotavis.ch\/de\/produkt\/it8930a-1200-1200\/","title":{"rendered":"IT8930A-1200-1200"},"content":{"rendered":"<p>Der IT8930A-1200-1200 ist eine elektronische Gleichstromlast, die f\u00fcr eine Spannung von bis zu 1.200 Volt und 1.200 Ampere ausgelegt ist und eine maximale Leistung von 30.000 Watt liefert. Sie verf\u00fcgt \u00fcber einen einzigen Ausgangskanal und unterst\u00fctzt Fernsteuerungsfunktionen, die einen flexiblen Betrieb in verschiedenen Testumgebungen erm\u00f6glichen. Das Ger\u00e4t ist in einem 27U-Geh\u00e4use untergebracht und verf\u00fcgt \u00fcber mehrere Standard-Kommunikationsschnittstellen wie LAN, USB, RS232, GPIB, CAN und eine externe analoge Steuerschnittstelle. Diese Schnittstellen erleichtern die nahtlose Integration mit anderen Ger\u00e4ten und erm\u00f6glichen eine pr\u00e4zise Steuerung und \u00dcberwachung. Die elektronische Last wird von ITECH hergestellt, einer Marke, die f\u00fcr ihre spezialisierten Test- und Messinstrumente bekannt ist. Dieses Modell eignet sich f\u00fcr Anwendungen, die eine hohe Verlustleistung und robuste elektrische Lasttests erfordern. Seine umfassenden Anschlussm\u00f6glichkeiten machen es anpassungsf\u00e4hig f\u00fcr automatisierte Testaufbauten und komplexe Systemkonfigurationen.<\/p>","protected":false},"excerpt":{"rendered":"<p>DC E-load 1,200V \/ 1200A \/ 30kW, 27U  (Standard LAN, USB, RS232, GPIB, CAN, external analog control interface)<\/p>","protected":false},"featured_media":12377,"comment_status":"closed","ping_status":"closed","template":"","meta":{"_acf_changed":false,"slim_seo":{"title":"IT8930A-1200-1200 - YOTAVIS AG","description":"DC E-Last 1.200V \/ 1200A \/ 30kW, 27U (Standard LAN, USB, RS232, GPIB, CAN, externe analoge Steuerschnittstelle)"}},"product_brand":[822],"product_cat":[517,515],"product_tag":[],"class_list":{"0":"post-10932","1":"product","2":"type-product","3":"status-publish","4":"has-post-thumbnail","6":"product_brand-itech","7":"product_cat-dc-load-en","8":"product_cat-power-en","9":"pa_current-a-988","10":"pa_output-number-146","11":"pa_power-w-635","12":"pa_remote-control-yes","13":"pa_voltage-v-922","15":"first","16":"instock","17":"taxable","18":"shipping-taxable","19":"product-type-simple"},"acf":[],"_links":{"self":[{"href":"https:\/\/yotavis.ch\/de\/wp-json\/wp\/v2\/product\/10932","targetHints":{"allow":["GET"]}}],"collection":[{"href":"https:\/\/yotavis.ch\/de\/wp-json\/wp\/v2\/product"}],"about":[{"href":"https:\/\/yotavis.ch\/de\/wp-json\/wp\/v2\/types\/product"}],"replies":[{"embeddable":true,"href":"https:\/\/yotavis.ch\/de\/wp-json\/wp\/v2\/comments?post=10932"}],"wp:featuredmedia":[{"embeddable":true,"href":"https:\/\/yotavis.ch\/de\/wp-json\/wp\/v2\/media\/12377"}],"wp:attachment":[{"href":"https:\/\/yotavis.ch\/de\/wp-json\/wp\/v2\/media?parent=10932"}],"wp:term":[{"taxonomy":"product_brand","embeddable":true,"href":"https:\/\/yotavis.ch\/de\/wp-json\/wp\/v2\/product_brand?post=10932"},{"taxonomy":"product_cat","embeddable":true,"href":"https:\/\/yotavis.ch\/de\/wp-json\/wp\/v2\/product_cat?post=10932"},{"taxonomy":"product_tag","embeddable":true,"href":"https:\/\/yotavis.ch\/de\/wp-json\/wp\/v2\/product_tag?post=10932"}],"curies":[{"name":"wp","href":"https:\/\/api.w.org\/{rel}","templated":true}]}}